{"id":20403,"date":"2021-03-12T23:06:20","date_gmt":"2021-03-12T21:06:20","guid":{"rendered":"https:\/\/hookahshop.lt\/?post_type=product&#038;p=20403"},"modified":"2026-04-14T23:28:48","modified_gmt":"2026-04-14T20:28:48","slug":"kaljanas-honey-sigh-urban-black","status":"publish","type":"product","link":"https:\/\/hookahshop.lt\/lv\/produkt\/udenspipe-medus-noputa-pilsetas-melna\/","title":{"rendered":"\u016adensp\u012bpe HONEY SIGH Urban Black"},"content":{"rendered":"<h2>\u016adensp\u012bpe HONEY SIGH Urban Black<\/h2>\n<p>Tam ir lieliskas darb\u012bbas un k\u016bpin\u0101\u0161anas \u012bpa\u0161\u012bbas. Efekt\u012bva kolbas vertik\u0101l\u0101 skalo\u0161ana. Acet\u0101la pamatne - iztur\u012bga un stil\u012bga. Meln\u0101 apdare lieliski papildina izskatu. Izp\u016b\u0161anas sist\u0113ma sast\u0101v no 5 v\u0101rstiem, ar kuru pal\u012bdz\u012bbu no kolbas pirmo reizi izp\u016b\u0161 d\u016bmi, k\u0101 ar\u012b atdzes\u0113 kr\u016bzi.<\/p>\n<p><strong>Specifik\u0101cija:<\/strong><\/p>\n<p>Vilce: klasiska (bez difuzora)<br \/>\nKr\u0101sa melna<br \/>\n\u0160\u013c\u016btenes savienot\u0101js: O-gredzens<br \/>\nP\u016b\u0161anas v\u0101rsti: 5 gab.<br \/>\nV\u0101rpsta: ner\u016bs\u0113jo\u0161ais t\u0113rauds<\/p>\n<p><strong>Apr\u012bkojums:<\/strong><br \/>\nV\u0101rpsta (k\u0101ts) 53 cm<br \/>\nPl\u0101ksne 20 cm<br \/>\nMutes iemutnis<br \/>\n\u0160\u013c\u016btenes savienot\u0101js<br \/>\n\u0160\u013c\u016btene (Soft Touch)<br \/>\nBl\u012bves (2 gab.)<br \/>\nPlastmasas att\u012br\u012b\u0161anas v\u0101rsts (5 gab.)<br \/>\nKaste \u016bdensp\u012bpei<\/p>\n<p>Vai jums ir k\u0101di jaut\u0101jumi? Sazinies ar mums\u00a0<a href=\"https:\/\/hookahshop.lt\/lv\/kontaktiem\/\">kontaktu lapa<\/a>\u00a0vai rakstiet mums pa e-pastu\u00a0<a href=\"https:\/\/facebook.com\/HookahShop.lt\/\" target=\"_blank\" rel=\"noopener noreferrer\">Facebook konts<\/a>\u00a0un m\u0113s atbild\u0113sim uz j\u016bsu piepras\u012bjumu taj\u0101 pa\u0161\u0101 dien\u0101.<\/p>","protected":false},"excerpt":{"rendered":"<p>\u016adensp\u012bpe HONEY SIGH Urban Black Tai ir lieliskas darb\u012bbas un k\u016bpin\u0101\u0161anas \u012bpa\u0161\u012bbas. Efekt\u012bva kolbas vertik\u0101l\u0101 skalo\u0161ana. Acet\u0101la pamatne - iztur\u012bga un stil\u012bga. Meln\u0101 apdare lieliski papildina izskatu. Izp\u016b\u0161anas sist\u0113ma sast\u0101v no 5 v\u0101rstiem, ar kuru pal\u012bdz\u012bbu no kolbas pirmo reizi izp\u016b\u0161 d\u016bmi, k\u0101 ar\u012b atdzes\u0113 kr\u016bzi. Specifik\u0101cija: Vilce: Klasiska (bez difuzora) Kr\u0101sa: Melna \u0160\u013c\u016btenes savienojums: O veida gredzens [\u2026]<\/p>","protected":false},"featured_media":20404,"comment_status":"open","ping_status":"closed","template":"","meta":[],"_links":{"self":[{"href":"https:\/\/hookahshop.lt\/lv\/wp-json\/wp\/v2\/product\/20403"}],"collection":[{"href":"https:\/\/hookahshop.lt\/lv\/wp-json\/wp\/v2\/product"}],"about":[{"href":"https:\/\/hookahshop.lt\/lv\/wp-json\/wp\/v2\/types\/product"}],"replies":[{"embeddable":true,"href":"https:\/\/hookahshop.lt\/lv\/wp-json\/wp\/v2\/comments?post=20403"}],"version-history":[{"count":5,"href":"https:\/\/hookahshop.lt\/lv\/wp-json\/wp\/v2\/product\/20403\/revisions"}],"predecessor-version":[{"id":29613,"href":"https:\/\/hookahshop.lt\/lv\/wp-json\/wp\/v2\/product\/20403\/revisions\/29613"}],"wp:featuredmedia":[{"embeddable":true,"href":"https:\/\/hookahshop.lt\/lv\/wp-json\/wp\/v2\/media\/20404"}],"wp:attachment":[{"href":"https:\/\/hookahshop.lt\/lv\/wp-json\/wp\/v2\/media?parent=20403"}],"curies":[{"name":"wp","href":"https:\/\/api.w.org\/{rel}","templated":true}]}}