{"id":20416,"date":"2021-03-12T23:52:14","date_gmt":"2021-03-12T21:52:14","guid":{"rendered":"https:\/\/hookahshop.lt\/?post_type=product&#038;p=20416"},"modified":"2026-04-16T23:28:44","modified_gmt":"2026-04-16T20:28:44","slug":"individualus-kaljano-kandiklis-japona-samurai-red","status":"publish","type":"product","link":"https:\/\/hookahshop.lt\/lv\/produkt\/custom-hookah-iemutnis-japan-samurai-ed\/","title":{"rendered":"Individu\u0101la \u016bdensp\u012bpes mute JAPONA Samurai Red"},"content":{"rendered":"<h2>Individu\u0101la \u016bdensp\u012bpes mute JAPONA Samurai Red<\/h2>\n<p>Dizainera iemutne, rotaslietas, amerik\u0101\u0146u akrils, bronzas gredzens ar #japonahookah un samuraju maskas medaljons. Aukla ir tekstila. Iemu\u013ca kr\u0101sa ir sarkana un melna.<\/p>\n<p>Vai jums ir k\u0101di jaut\u0101jumi? Sazinies ar mums\u00a0<a href=\"https:\/\/hookahshop.lt\/lv\/kontaktiem\/\">kontaktu lapa<\/a>\u00a0vai rakstiet mums pa e-pastu\u00a0<a href=\"https:\/\/facebook.com\/HookahShop.lt\/\" target=\"_blank\" rel=\"noopener noreferrer\">Facebook konts<\/a>\u00a0un m\u0113s atbild\u0113sim uz j\u016bsu piepras\u012bjumu taj\u0101 pa\u0161\u0101 dien\u0101.<\/p>","protected":false},"excerpt":{"rendered":"<p>Piel\u0101gota \u016bdensp\u012bpes iemuti JAP\u0100N\u0100S Samuraju sarkan\u0101 dizainera iemuti rotaslietas Amerik\u0101\u0146u akrila bronzas gredzens ar #japonahookah un samuraju maskas medaljonu. Aukla ir tekstila. Iemu\u013ca kr\u0101sa ir sarkana un melna. Vai jums ir k\u0101di jaut\u0101jumi? Sazinieties ar mums kontaktu lap\u0101 vai rakstiet mums uz m\u016bsu Facebook kontu un m\u0113s atbild\u0113sim uz j\u016bsu piepras\u012bjumu taj\u0101 pa\u0161\u0101 dien\u0101.<\/p>","protected":false},"featured_media":20417,"comment_status":"open","ping_status":"closed","template":"","meta":[],"_links":{"self":[{"href":"https:\/\/hookahshop.lt\/lv\/wp-json\/wp\/v2\/product\/20416"}],"collection":[{"href":"https:\/\/hookahshop.lt\/lv\/wp-json\/wp\/v2\/product"}],"about":[{"href":"https:\/\/hookahshop.lt\/lv\/wp-json\/wp\/v2\/types\/product"}],"replies":[{"embeddable":true,"href":"https:\/\/hookahshop.lt\/lv\/wp-json\/wp\/v2\/comments?post=20416"}],"version-history":[{"count":5,"href":"https:\/\/hookahshop.lt\/lv\/wp-json\/wp\/v2\/product\/20416\/revisions"}],"predecessor-version":[{"id":37892,"href":"https:\/\/hookahshop.lt\/lv\/wp-json\/wp\/v2\/product\/20416\/revisions\/37892"}],"wp:featuredmedia":[{"embeddable":true,"href":"https:\/\/hookahshop.lt\/lv\/wp-json\/wp\/v2\/media\/20417"}],"wp:attachment":[{"href":"https:\/\/hookahshop.lt\/lv\/wp-json\/wp\/v2\/media?parent=20416"}],"curies":[{"name":"wp","href":"https:\/\/api.w.org\/{rel}","templated":true}]}}