{"id":20425,"date":"2021-03-13T00:03:54","date_gmt":"2021-03-12T22:03:54","guid":{"rendered":"https:\/\/hookahshop.lt\/?post_type=product&#038;p=20425"},"modified":"2026-04-17T23:29:10","modified_gmt":"2026-04-17T20:29:10","slug":"individualus-kaljano-kandiklis-japona-beads-white","status":"publish","type":"product","link":"https:\/\/hookahshop.lt\/lv\/produkt\/pasutijuma-udenspipes-iemuti-japan-beads-white\/","title":{"rendered":"Individu\u0101ls \u016bdensp\u012bpes iemutnis JAPAN Beads White"},"content":{"rendered":"<h2>Individu\u0101ls \u016bdensp\u012bpes iemutnis JAPAN Beads White<\/h2>\n<p>Dizaineru rad\u012bts iemutis, rotaslietas, amerik\u0101\u0146u akrils, bronzas gredzens ar #japonahookah un medaljonu ar samuraju masku. P\u0113rles - koks, dab\u012bgais akmens. Mute\u0146a kr\u0101sa - balta -melna.<\/p>\n<p>Vai jums ir k\u0101di jaut\u0101jumi? Sazinies ar mums\u00a0<a href=\"https:\/\/hookahshop.lt\/lv\/kontaktiem\/\">kontaktu lapa<\/a>\u00a0vai rakstiet mums pa e-pastu\u00a0<a href=\"https:\/\/facebook.com\/HookahShop.lt\/\" target=\"_blank\" rel=\"noopener noreferrer\">Facebook konts<\/a>\u00a0un m\u0113s atbild\u0113sim uz j\u016bsu piepras\u012bjumu taj\u0101 pa\u0161\u0101 dien\u0101.<\/p>","protected":false},"excerpt":{"rendered":"<p>Piel\u0101gota \u016bdensp\u012bpes iemuti JAPONA krelles, balti dizaineru mutes rotaslietas, amerik\u0101\u0146u akrila bronzas gredzens ar #japonahookah un samuraju maskas medaljonu. P\u0113rles - koks, dab\u012bgais akmens. Mutes kr\u0101sa ir balta un melna. Vai jums ir k\u0101di jaut\u0101jumi? Sazinieties ar mums kontaktu lap\u0101 vai rakstiet mums uz m\u016bsu Facebook kontu un m\u0113s atbild\u0113sim uz j\u016bsu piepras\u012bjumu taj\u0101 pa\u0161\u0101 dien\u0101.<\/p>","protected":false},"featured_media":20426,"comment_status":"open","ping_status":"closed","template":"","meta":[],"_links":{"self":[{"href":"https:\/\/hookahshop.lt\/lv\/wp-json\/wp\/v2\/product\/20425"}],"collection":[{"href":"https:\/\/hookahshop.lt\/lv\/wp-json\/wp\/v2\/product"}],"about":[{"href":"https:\/\/hookahshop.lt\/lv\/wp-json\/wp\/v2\/types\/product"}],"replies":[{"embeddable":true,"href":"https:\/\/hookahshop.lt\/lv\/wp-json\/wp\/v2\/comments?post=20425"}],"version-history":[{"count":7,"href":"https:\/\/hookahshop.lt\/lv\/wp-json\/wp\/v2\/product\/20425\/revisions"}],"predecessor-version":[{"id":44189,"href":"https:\/\/hookahshop.lt\/lv\/wp-json\/wp\/v2\/product\/20425\/revisions\/44189"}],"wp:featuredmedia":[{"embeddable":true,"href":"https:\/\/hookahshop.lt\/lv\/wp-json\/wp\/v2\/media\/20426"}],"wp:attachment":[{"href":"https:\/\/hookahshop.lt\/lv\/wp-json\/wp\/v2\/media?parent=20425"}],"curies":[{"name":"wp","href":"https:\/\/api.w.org\/{rel}","templated":true}]}}