{"id":20450,"date":"2021-03-15T11:50:32","date_gmt":"2021-03-15T09:50:32","guid":{"rendered":"https:\/\/hookahshop.lt\/?post_type=product&#038;p=20450"},"modified":"2026-04-14T23:29:10","modified_gmt":"2026-04-14T20:29:10","slug":"kuprine-kaljanui-alpe","status":"publish","type":"product","link":"https:\/\/hookahshop.lt\/lv\/produkt\/mugursoma-udenspipe-alpe\/","title":{"rendered":"Mugursoma \u016bdensp\u012bpei ALPE 48cm"},"content":{"rendered":"<h2>Mugursoma \u016bdensp\u012bpei ALPE 48cm<\/h2>\n<p>\u0112rtai mugursomai mini \u016bdensp\u012bpes p\u0101rvad\u0101\u0161anai ir nodal\u012bjumi, kurus var main\u012bt p\u0113c v\u0113lm\u0113m.<\/p>\n<p>\u0100r\u0113jie izm\u0113ri: 48 x 33 x 20 cm<br \/>\nIek\u0161\u0113jie izm\u0113ri: 43 cm x 28 cm x 15 cm<br \/>\nSvars: 1kg<br \/>\nAizsardz\u012bba pret lietus: J\u0101<\/p>\n<p>Vai jums ir k\u0101di jaut\u0101jumi? Sazinies ar mums\u00a0<a href=\"https:\/\/hookahshop.lt\/lv\/kontaktiem\/\">kontaktu lapa<\/a>\u00a0vai rakstiet mums pa e-pastu\u00a0<a href=\"https:\/\/facebook.com\/HookahShop.lt\/\" target=\"_blank\" rel=\"noopener noreferrer\">Facebook konts<\/a>\u00a0un m\u0113s atbild\u0113sim uz j\u016bsu piepras\u012bjumu taj\u0101 pa\u0161\u0101 dien\u0101.<\/p>","protected":false},"excerpt":{"rendered":"<p>Mugursoma \u016bdensp\u012bpei ALPE 48cm \u0112rtai mugursomai mini \u016bdensp\u012bpes p\u0101rvad\u0101\u0161anai ir nodal\u012bjumi, kurus var main\u012bt p\u0113c v\u0113lm\u0113m. \u0100r\u0113jie izm\u0113ri: 48 x 33 x 20 cm Iek\u0161\u0113jie izm\u0113ri: 43 cm x 28 cm x 15 cm Svars: 1 kg Aizsardz\u012bba pret lietus: j\u0101 Vai ir k\u0101di jaut\u0101jumi? Sazinieties ar mums kontaktu lap\u0101 vai rakstiet mums uz m\u016bsu Facebook kontu, un m\u0113s atbild\u0113sim uz j\u016bsu piepras\u012bjumu [\u2026]<\/p>","protected":false},"featured_media":20455,"comment_status":"open","ping_status":"closed","template":"","meta":[],"_links":{"self":[{"href":"https:\/\/hookahshop.lt\/lv\/wp-json\/wp\/v2\/product\/20450"}],"collection":[{"href":"https:\/\/hookahshop.lt\/lv\/wp-json\/wp\/v2\/product"}],"about":[{"href":"https:\/\/hookahshop.lt\/lv\/wp-json\/wp\/v2\/types\/product"}],"replies":[{"embeddable":true,"href":"https:\/\/hookahshop.lt\/lv\/wp-json\/wp\/v2\/comments?post=20450"}],"version-history":[{"count":4,"href":"https:\/\/hookahshop.lt\/lv\/wp-json\/wp\/v2\/product\/20450\/revisions"}],"predecessor-version":[{"id":26057,"href":"https:\/\/hookahshop.lt\/lv\/wp-json\/wp\/v2\/product\/20450\/revisions\/26057"}],"wp:featuredmedia":[{"embeddable":true,"href":"https:\/\/hookahshop.lt\/lv\/wp-json\/wp\/v2\/media\/20455"}],"wp:attachment":[{"href":"https:\/\/hookahshop.lt\/lv\/wp-json\/wp\/v2\/media?parent=20450"}],"curies":[{"name":"wp","href":"https:\/\/api.w.org\/{rel}","templated":true}]}}