{"id":20459,"date":"2021-03-15T12:25:25","date_gmt":"2021-03-15T10:25:25","guid":{"rendered":"https:\/\/hookahshop.lt\/?post_type=product&#038;p=20459"},"modified":"2026-04-14T23:29:09","modified_gmt":"2026-04-14T20:29:09","slug":"krepsys-kaljanui-34cm","status":"publish","type":"product","link":"https:\/\/hookahshop.lt\/lv\/produkt\/grozs-udenspipei-34cm\/","title":{"rendered":"Soma \u016bdensp\u012bpei 34cm"},"content":{"rendered":"<h2>Soma \u016bdensp\u012bpei 34cm<\/h2>\n<p>Vienk\u0101r\u0161s un \u0113rts \u016bdensp\u012bpes transport\u0113\u0161anas maci\u0146\u0161 \u016bdensp\u012bpei. Iek\u0161pus\u0113 jums ir iesp\u0113ja main\u012bt sada\u013cas un piel\u0101got t\u0101s individu\u0101li atbilsto\u0161i sav\u0101m vajadz\u012bb\u0101m.<br \/>\nVispiem\u0113rot\u0101kais mini \u016bdensp\u012bpes vai \u016bdensp\u012bpes piederumu p\u0101rvad\u0101\u0161anai.<br \/>\nIzm\u0113ri: 34 x 22 x 17 cm<\/p>\n<p>Vai jums ir k\u0101di jaut\u0101jumi? Sazinies ar mums\u00a0<a href=\"https:\/\/hookahshop.lt\/lv\/kontaktiem\/\">kontaktu lapa<\/a>\u00a0vai rakstiet mums pa e-pastu\u00a0<a href=\"https:\/\/facebook.com\/HookahShop.lt\/\" target=\"_blank\" rel=\"noopener noreferrer\">Facebook konts<\/a>\u00a0un m\u0113s atbild\u0113sim uz j\u016bsu piepras\u012bjumu taj\u0101 pa\u0161\u0101 dien\u0101.<\/p>","protected":false},"excerpt":{"rendered":"<p>\u016adensp\u012bpes soma 34cm Vienk\u0101r\u0161s un \u0113rts \u016bdensp\u012bpes transport\u0113\u0161anas maci\u0146\u0161 \u016bdensp\u012bpei. Iek\u0161pus\u0113 jums ir iesp\u0113ja main\u012bt sada\u013cas un piel\u0101got t\u0101s individu\u0101li atbilsto\u0161i sav\u0101m vajadz\u012bb\u0101m. Vispiem\u0113rot\u0101kais mini \u016bdensp\u012bpes vai \u016bdensp\u012bpes piederumu p\u0101rvad\u0101\u0161anai. Izm\u0113ri: 34 x 22 x 17 cm Vai jums ir k\u0101di jaut\u0101jumi? Sazinieties ar mums kontaktu lap\u0101 vai rakstiet mums Facebook, un m\u0113s atbild\u0113sim uz j\u016bsu piepras\u012bjumu taj\u0101 pa\u0161\u0101 dien\u0101.<\/p>","protected":false},"featured_media":20460,"comment_status":"open","ping_status":"closed","template":"","meta":[],"_links":{"self":[{"href":"https:\/\/hookahshop.lt\/lv\/wp-json\/wp\/v2\/product\/20459"}],"collection":[{"href":"https:\/\/hookahshop.lt\/lv\/wp-json\/wp\/v2\/product"}],"about":[{"href":"https:\/\/hookahshop.lt\/lv\/wp-json\/wp\/v2\/types\/product"}],"replies":[{"embeddable":true,"href":"https:\/\/hookahshop.lt\/lv\/wp-json\/wp\/v2\/comments?post=20459"}],"version-history":[{"count":3,"href":"https:\/\/hookahshop.lt\/lv\/wp-json\/wp\/v2\/product\/20459\/revisions"}],"predecessor-version":[{"id":26056,"href":"https:\/\/hookahshop.lt\/lv\/wp-json\/wp\/v2\/product\/20459\/revisions\/26056"}],"wp:featuredmedia":[{"embeddable":true,"href":"https:\/\/hookahshop.lt\/lv\/wp-json\/wp\/v2\/media\/20460"}],"wp:attachment":[{"href":"https:\/\/hookahshop.lt\/lv\/wp-json\/wp\/v2\/media?parent=20459"}],"curies":[{"name":"wp","href":"https:\/\/api.w.org\/{rel}","templated":true}]}}