{"id":20511,"date":"2021-03-18T22:32:21","date_gmt":"2021-03-18T20:32:21","guid":{"rendered":"https:\/\/hookahshop.lt\/?post_type=product&#038;p=20511"},"modified":"2026-04-14T23:28:55","modified_gmt":"2026-04-14T20:28:55","slug":"kaljanas-mexanika-smoke-steam-machine-a","status":"publish","type":"product","link":"https:\/\/hookahshop.lt\/lv\/produkt\/udenspipe-mexanika-smoke-steam-machine-a\/","title":{"rendered":"\u016adensp\u012bpes MEXANIKA d\u016bmu tvaika ma\u0161\u012bna A"},"content":{"rendered":"<h2>\u016adensp\u012bpes MEXANIKA d\u016bmu tvaika ma\u0161\u012bna A<\/h2>\n<p>\u0160is modelis apvieno vienk\u0101r\u0161\u012bbu un eleganci. Visas deta\u013cas ir izgatavotas no ner\u016bs\u0113jo\u0161\u0101 t\u0113rauda. \u016adensp\u012bpe ir apr\u012bkota ar difuzoru un \u012bpa\u0161u p\u016b\u0161anas sist\u0113mu. T\u0101 ir \u016bdensp\u012bpe, kas nepak\u013caujas m\u016bsdienu tendenc\u0113m.<\/p>\n<p><strong>Raksturojums:<\/strong><br \/>\n\u016adensp\u012bpes svars: ~ 1085 gr.<br \/>\n\u016adensp\u012bpes augstums: 505 mm.<br \/>\nIzmantotais materi\u0101ls: ner\u016bs\u0113jo\u0161ais t\u0113rauds<br \/>\nDifuzors: no\u0146emams ar v\u012btni<br \/>\nIemutnis: ner\u016bs\u0113jo\u0161ais t\u0113rauds<br \/>\nIzp\u016bt\u0113ja garums: 363 mm.<\/p>\n<p>Vai jums ir k\u0101di jaut\u0101jumi? Sazinies ar mums\u00a0<a href=\"https:\/\/hookahshop.lt\/lv\/kontaktiem\/\">kontaktu lapa<\/a>\u00a0vai rakstiet mums pa e-pastu\u00a0<a href=\"https:\/\/facebook.com\/HookahShop.lt\/\" target=\"_blank\" rel=\"noopener noreferrer\">Facebook konts<\/a>\u00a0un m\u0113s atbild\u0113sim uz j\u016bsu piepras\u012bjumu taj\u0101 pa\u0161\u0101 dien\u0101.<\/p>","protected":false},"excerpt":{"rendered":"<p>\u016adensp\u012bpe MEXANIKA Smoke Steam Machine A \u0160is modelis apvieno vienk\u0101r\u0161\u012bbu un eleganci. Visas deta\u013cas ir izgatavotas no ner\u016bs\u0113jo\u0161\u0101 t\u0113rauda. \u016adensp\u012bpe ir apr\u012bkota ar difuzoru un \u012bpa\u0161u p\u016b\u0161anas sist\u0113mu. T\u0101 ir \u016bdensp\u012bpe, kas nepak\u013caujas m\u016bsdienu tendenc\u0113m. Paz\u012bmes: \u016adensp\u012bpes svars: ~ 1085 gr. \u016adensp\u012bpes augstums: 505 mm. Izmantotais materi\u0101ls: ner\u016bs\u0113jo\u0161ais t\u0113rauds Difuzors: no\u0146emams v\u012bt\u0146ots Iemu\u0137is: ner\u016bs\u0113jo\u0161ais t\u0113rauds Mutes garums: 363 mm. [\u2026]<\/p>","protected":false},"featured_media":20512,"comment_status":"open","ping_status":"closed","template":"","meta":[],"_links":{"self":[{"href":"https:\/\/hookahshop.lt\/lv\/wp-json\/wp\/v2\/product\/20511"}],"collection":[{"href":"https:\/\/hookahshop.lt\/lv\/wp-json\/wp\/v2\/product"}],"about":[{"href":"https:\/\/hookahshop.lt\/lv\/wp-json\/wp\/v2\/types\/product"}],"replies":[{"embeddable":true,"href":"https:\/\/hookahshop.lt\/lv\/wp-json\/wp\/v2\/comments?post=20511"}],"version-history":[{"count":3,"href":"https:\/\/hookahshop.lt\/lv\/wp-json\/wp\/v2\/product\/20511\/revisions"}],"predecessor-version":[{"id":42208,"href":"https:\/\/hookahshop.lt\/lv\/wp-json\/wp\/v2\/product\/20511\/revisions\/42208"}],"wp:featuredmedia":[{"embeddable":true,"href":"https:\/\/hookahshop.lt\/lv\/wp-json\/wp\/v2\/media\/20512"}],"wp:attachment":[{"href":"https:\/\/hookahshop.lt\/lv\/wp-json\/wp\/v2\/media?parent=20511"}],"curies":[{"name":"wp","href":"https:\/\/api.w.org\/{rel}","templated":true}]}}