{"id":20515,"date":"2021-03-18T22:46:54","date_gmt":"2021-03-18T20:46:54","guid":{"rendered":"https:\/\/hookahshop.lt\/?post_type=product&#038;p=20515"},"modified":"2026-04-18T23:28:47","modified_gmt":"2026-04-18T20:28:47","slug":"kaljanas-mexanika-smoke-steam-machine-graphics","status":"publish","type":"product","link":"https:\/\/hookahshop.lt\/lv\/produkt\/udenspipe-mexanika-smoke-steam-machine-graphics\/","title":{"rendered":"\u016adensp\u012bpes MEXANIKA Smoke Steam Machine grafikas"},"content":{"rendered":"<h2>\u016adensp\u012bpes MEXANIKA Smoke Steam Machine grafikas<\/h2>\n<p>\u0160\u012b \u016bdensp\u012bpe ir izstr\u0101d\u0101ta, \u0146emot v\u0113r\u0101 visas pamatvajadz\u012bbas. T\u0101 nep\u0101rsp\u0113jamais izskats un lielisk\u0101s tehnisk\u0101s \u012bpa\u0161\u012bbas padara to \u013coti popul\u0101ru un piepras\u012btu pat\u0113r\u0113t\u0101ju vid\u016b. T\u0101s galven\u0101s priek\u0161roc\u012bbas ir vieglums, kompaktums, stil\u012bgs lakonisks dizains. \u0160\u012b ir patiesi iev\u0113r\u012bbas cien\u012bga iesp\u0113ja, kas apmierin\u0101s visas pat vismodern\u0101k\u0101 klienta vajadz\u012bbas.<\/p>\n<p><strong>Raksturojums:<\/strong><br \/>\n\u016adensp\u012bpes svars: ~ 1420 gr.<br \/>\n\u016adensp\u012bpes augstums: 520 mm.<br \/>\nIzmantotais materi\u0101ls: ner\u016bs\u0113jo\u0161ais t\u0113rauds.<br \/>\nDifuzors: no\u0146emams ar v\u012btni.<br \/>\nMutes uzgalis: ner\u016bs\u0113jo\u0161ais t\u0113rauds.<br \/>\nIzp\u016bt\u0113ja garums: 363 mm.<\/p>\n<p>Vai jums ir k\u0101di jaut\u0101jumi? Sazinies ar mums\u00a0<a href=\"https:\/\/hookahshop.lt\/lv\/kontaktiem\/\">kontaktu lapa<\/a>\u00a0vai rakstiet mums pa e-pastu\u00a0<a href=\"https:\/\/facebook.com\/HookahShop.lt\/\" target=\"_blank\" rel=\"noopener noreferrer\">Facebook konts<\/a>\u00a0un m\u0113s atbild\u0113sim uz j\u016bsu piepras\u012bjumu taj\u0101 pa\u0161\u0101 dien\u0101.<\/p>","protected":false},"excerpt":{"rendered":"<p>\u016adensp\u012bpe MEXANIKA Smoke Steam Machine Graphics \u0160\u012b \u016bdensp\u012bpe ir izstr\u0101d\u0101ta, \u0146emot v\u0113r\u0101 visas pamatvajadz\u012bbas. T\u0101 nep\u0101rsp\u0113jamais izskats un lielisk\u0101s tehnisk\u0101s \u012bpa\u0161\u012bbas padara to \u013coti popul\u0101ru un piepras\u012btu pat\u0113r\u0113t\u0101ju vid\u016b. T\u0101s galven\u0101s priek\u0161roc\u012bbas ir vieglums, kompaktums, stil\u012bgs lakonisks dizains. \u0160\u012b ir patiesi iev\u0113r\u012bbas cien\u012bga iesp\u0113ja, kas apmierin\u0101s visas pat vismodern\u0101k\u0101 klienta vajadz\u012bbas. Raksturlielumi: \u016adensp\u012bpes svars: ~ [\u2026]<\/p>","protected":false},"featured_media":20516,"comment_status":"open","ping_status":"closed","template":"","meta":[],"_links":{"self":[{"href":"https:\/\/hookahshop.lt\/lv\/wp-json\/wp\/v2\/product\/20515"}],"collection":[{"href":"https:\/\/hookahshop.lt\/lv\/wp-json\/wp\/v2\/product"}],"about":[{"href":"https:\/\/hookahshop.lt\/lv\/wp-json\/wp\/v2\/types\/product"}],"replies":[{"embeddable":true,"href":"https:\/\/hookahshop.lt\/lv\/wp-json\/wp\/v2\/comments?post=20515"}],"version-history":[{"count":2,"href":"https:\/\/hookahshop.lt\/lv\/wp-json\/wp\/v2\/product\/20515\/revisions"}],"predecessor-version":[{"id":20518,"href":"https:\/\/hookahshop.lt\/lv\/wp-json\/wp\/v2\/product\/20515\/revisions\/20518"}],"wp:featuredmedia":[{"embeddable":true,"href":"https:\/\/hookahshop.lt\/lv\/wp-json\/wp\/v2\/media\/20516"}],"wp:attachment":[{"href":"https:\/\/hookahshop.lt\/lv\/wp-json\/wp\/v2\/media?parent=20515"}],"curies":[{"name":"wp","href":"https:\/\/api.w.org\/{rel}","templated":true}]}}