{"id":20519,"date":"2021-03-18T22:57:13","date_gmt":"2021-03-18T20:57:13","guid":{"rendered":"https:\/\/hookahshop.lt\/?post_type=product&#038;p=20519"},"modified":"2026-04-18T23:28:47","modified_gmt":"2026-04-18T20:28:47","slug":"kaljanas-mexanika-smoke-steam-machine-mechanical-steel","status":"publish","type":"product","link":"https:\/\/hookahshop.lt\/lv\/produkt\/udenspipe-mexanika-dumu-tvaika-masina-mehaniska-terauda\/","title":{"rendered":"\u016adensp\u012bpe MEXANIKA d\u016bmu tvaika ma\u0161\u012bna meh\u0101nisk\u0101 t\u0113rauda"},"content":{"rendered":"<h2>\u016adensp\u012bpe MEXANIKA d\u016bmu tvaika ma\u0161\u012bna meh\u0101nisk\u0101 t\u0113rauda<\/h2>\n<p>\u016adensp\u012bpe (STM MS) ir vienk\u0101r\u0161a, bet \u013coti funkcion\u0101la, kas piln\u012bb\u0101 atbilst visiem kvalit\u0101tes standartiem un rada nopietnu konkurenci citiem l\u012bdz\u012bgiem produktiem. Diezgan mas\u012bva v\u0101rpsta, uz kuras iegrav\u0113ti da\u017e\u0101di zobrati ar l\u0101zeru. Tas ir izgatavots no augst\u0101k\u0101s kvalit\u0101tes ner\u016bs\u0113jo\u0161\u0101 t\u0113rauda.<\/p>\n<p><strong>Raksturojums:<\/strong><br \/>\n\u016adensp\u012bpes svars: ~ 1370 gr.<br \/>\n\u016adensp\u012bpes augstums: 520 mm.<br \/>\nIzmantotais materi\u0101ls: ner\u016bs\u0113jo\u0161ais t\u0113rauds.<br \/>\nDifuzors: no\u0146emams ar v\u012btni.<br \/>\nIemutnis: ner\u016bs\u0113jo\u0161ais t\u0113rauds<br \/>\nIzp\u016bt\u0113ja garums: 363 mm.<\/p>\n<p>Vai jums ir k\u0101di jaut\u0101jumi? Sazinies ar mums\u00a0<a href=\"https:\/\/hookahshop.lt\/lv\/kontaktiem\/\">kontaktu lapa<\/a>\u00a0vai rakstiet mums pa e-pastu\u00a0<a href=\"https:\/\/facebook.com\/HookahShop.lt\/\" target=\"_blank\" rel=\"noopener noreferrer\">Facebook konts<\/a>\u00a0un m\u0113s atbild\u0113sim uz j\u016bsu piepras\u012bjumu taj\u0101 pa\u0161\u0101 dien\u0101.<\/p>","protected":false},"excerpt":{"rendered":"<p>\u016adensp\u012bpe MEXANIKA Smoke Steam Machine Mechanical Steel Hookah (STM MS) ir vienk\u0101r\u0161a, bet \u013coti funkcion\u0101la \u016bdensp\u012bpe, kas piln\u012bb\u0101 atbilst visiem kvalit\u0101tes standartiem un rada nopietnu konkurenci citiem l\u012bdz\u012bgiem produktiem. Diezgan mas\u012bva v\u0101rpsta, uz kuras iegrav\u0113ti da\u017e\u0101di zobrati ar l\u0101zeru. Tas ir izgatavots no augst\u0101k\u0101s kvalit\u0101tes ner\u016bs\u0113jo\u0161\u0101 t\u0113rauda. Paz\u012bmes: \u016adensp\u012bpes svars: ~ 1370 gr. \u016adensp\u012bpes augstums: 520 [\u2026]<\/p>","protected":false},"featured_media":20520,"comment_status":"open","ping_status":"closed","template":"","meta":[],"_links":{"self":[{"href":"https:\/\/hookahshop.lt\/lv\/wp-json\/wp\/v2\/product\/20519"}],"collection":[{"href":"https:\/\/hookahshop.lt\/lv\/wp-json\/wp\/v2\/product"}],"about":[{"href":"https:\/\/hookahshop.lt\/lv\/wp-json\/wp\/v2\/types\/product"}],"replies":[{"embeddable":true,"href":"https:\/\/hookahshop.lt\/lv\/wp-json\/wp\/v2\/comments?post=20519"}],"version-history":[{"count":2,"href":"https:\/\/hookahshop.lt\/lv\/wp-json\/wp\/v2\/product\/20519\/revisions"}],"predecessor-version":[{"id":20522,"href":"https:\/\/hookahshop.lt\/lv\/wp-json\/wp\/v2\/product\/20519\/revisions\/20522"}],"wp:featuredmedia":[{"embeddable":true,"href":"https:\/\/hookahshop.lt\/lv\/wp-json\/wp\/v2\/media\/20520"}],"wp:attachment":[{"href":"https:\/\/hookahshop.lt\/lv\/wp-json\/wp\/v2\/media?parent=20519"}],"curies":[{"name":"wp","href":"https:\/\/api.w.org\/{rel}","templated":true}]}}