{"id":20523,"date":"2021-03-18T23:09:59","date_gmt":"2021-03-18T21:09:59","guid":{"rendered":"https:\/\/hookahshop.lt\/?post_type=product&#038;p=20523"},"modified":"2026-04-18T23:28:47","modified_gmt":"2026-04-18T20:28:47","slug":"kaljanas-mexanika-smoke-steam-machine-geometric-lines","status":"publish","type":"product","link":"https:\/\/hookahshop.lt\/lv\/produkt\/udenspipe-mexanika-smoke-steam-machine-geometric-lines\/","title":{"rendered":"\u016adensp\u012bpe MEXANIKA d\u016bmu tvaika ma\u0161\u012bnas \u0123eometrisk\u0101s l\u012bnijas"},"content":{"rendered":"<h2>\u016adensp\u012bpe MEXANIKA d\u016bmu tvaika ma\u0161\u012bnas \u0123eometrisk\u0101s l\u012bnijas<\/h2>\n<p>\u016adensp\u012bpe (STM A) atbilst visiem kvalit\u0101tes standartiem un tai ir vislab\u0101kie parametri, kas sniegs tikai lab\u0101k\u0101s saj\u016btas to lietojot. Ier\u012bce ir izgatavota no augstas kvalit\u0101tes ner\u016bs\u0113jo\u0161\u0101 t\u0113rauda, kas kalpos daudzus gadus, nezaud\u0113jot savu kvalit\u0101ti un \u0101r\u0113j\u0101s \u012bpa\u0161\u012bbas. \u016adensp\u012bpes izskats ir \u013coti pievilc\u012bgs.<\/p>\n<p><strong>Raksturojums:<\/strong><br \/>\n\u016adensp\u012bpes svars: ~ 1450 gr.<br \/>\n\u016adensp\u012bpes augstums: 520 mm.<br \/>\nIzmantotais materi\u0101ls: ner\u016bs\u0113jo\u0161ais t\u0113rauds.<br \/>\nDifuzors: no\u0146emams ar v\u012btni.<br \/>\nMutes uzgalis: ner\u016bs\u0113jo\u0161ais t\u0113rauds.<br \/>\nIzp\u016bt\u0113ja garums: 363 mm.<\/p>\n<p>Vai jums ir k\u0101di jaut\u0101jumi? Sazinies ar mums\u00a0<a href=\"https:\/\/hookahshop.lt\/lv\/kontaktiem\/\">kontaktu lapa<\/a>\u00a0vai rakstiet mums pa e-pastu\u00a0<a href=\"https:\/\/facebook.com\/HookahShop.lt\/\" target=\"_blank\" rel=\"noopener noreferrer\">Facebook konts<\/a>\u00a0un m\u0113s atbild\u0113sim uz j\u016bsu piepras\u012bjumu taj\u0101 pa\u0161\u0101 dien\u0101.<\/p>","protected":false},"excerpt":{"rendered":"<p>\u016adensp\u012bpe MEXANIKA Smoke Steam Machine Geometric Lines Hookah (STM A) atbilst visiem kvalit\u0101tes standartiem un tai ir lab\u0101kie parametri, kas, to lietojot, sniegs tikai vislab\u0101k\u0101s saj\u016btas. Ier\u012bce ir izgatavota no augstas kvalit\u0101tes ner\u016bs\u0113jo\u0161\u0101 t\u0113rauda, kas kalpos daudzus gadus, nezaud\u0113jot savu kvalit\u0101ti un \u0101r\u0113j\u0101s \u012bpa\u0161\u012bbas. \u016adensp\u012bpes izskats ir \u013coti pievilc\u012bgs. Raksturojums: \u016adensp\u012bpes svars: ~ 1450 g. \u016adensp\u012bpes augstums: 520 [\u2026]<\/p>","protected":false},"featured_media":20524,"comment_status":"open","ping_status":"closed","template":"","meta":[],"_links":{"self":[{"href":"https:\/\/hookahshop.lt\/lv\/wp-json\/wp\/v2\/product\/20523"}],"collection":[{"href":"https:\/\/hookahshop.lt\/lv\/wp-json\/wp\/v2\/product"}],"about":[{"href":"https:\/\/hookahshop.lt\/lv\/wp-json\/wp\/v2\/types\/product"}],"replies":[{"embeddable":true,"href":"https:\/\/hookahshop.lt\/lv\/wp-json\/wp\/v2\/comments?post=20523"}],"version-history":[{"count":2,"href":"https:\/\/hookahshop.lt\/lv\/wp-json\/wp\/v2\/product\/20523\/revisions"}],"predecessor-version":[{"id":20526,"href":"https:\/\/hookahshop.lt\/lv\/wp-json\/wp\/v2\/product\/20523\/revisions\/20526"}],"wp:featuredmedia":[{"embeddable":true,"href":"https:\/\/hookahshop.lt\/lv\/wp-json\/wp\/v2\/media\/20524"}],"wp:attachment":[{"href":"https:\/\/hookahshop.lt\/lv\/wp-json\/wp\/v2\/media?parent=20523"}],"curies":[{"name":"wp","href":"https:\/\/api.w.org\/{rel}","templated":true}]}}