{"id":20531,"date":"2021-03-18T23:37:19","date_gmt":"2021-03-18T21:37:19","guid":{"rendered":"https:\/\/hookahshop.lt\/?post_type=product&#038;p=20531"},"modified":"2026-04-15T12:29:14","modified_gmt":"2026-04-15T09:29:14","slug":"taurele-kaljanui-bigmaks-king","status":"publish","type":"product","link":"https:\/\/hookahshop.lt\/lv\/produkt\/kauss-for-udenspipe-bigmaks-karalis\/","title":{"rendered":"Kauss \u016bdensp\u012bpei BIGMAKS King"},"content":{"rendered":"<h2>Kauss \u016bdensp\u012bpei BigMaks King<\/h2>\n<p>Kr\u016bze ir izgatavota no sarkan\u0101 m\u0101la. Meistar\u012bga roka uz podnieka ripas veido unik\u0101las kr\u016bzes no viena m\u0101la gabala. To gatavo p\u0113c klasisk\u0101s receptes, m\u0113rc\u0113jot pien\u0101 un t\u0101l\u0101k kars\u0113jot cepe\u0161kr\u0101sn\u012b. T\u0101p\u0113c \u0161\u0101d\u0101 veid\u0101 izgatavota kr\u016bze kalpos daudz ilg\u0101k nek\u0101 jebkur\u0161 cits l\u012bdzv\u0113rt\u012bgs. Tas vienm\u0113r\u012bgi uzsilst un ilgsto\u0161i saglab\u0101 siltumu, nep\u0101rkars\u0113jot mais\u012bjumu. Tilpums: 16-19 grami.<\/p>\n<p><strong>Raksturojums:<\/strong><br \/>\nAugstums: 101 mm.<br \/>\nDiametrs (\u0101r\u0113jais): 68 mm.<br \/>\nDiametrs (iek\u0161\u0113jais): 61 mm.<br \/>\nDzi\u013cums: 16mm.<br \/>\nCauruma diametrs: 12 mm.<br \/>\nCaurumu skaits: 1 gab.<br \/>\nSvars: apm\u0113ram 220 g.<\/p>\n<p>Vai jums ir k\u0101di jaut\u0101jumi? Sazinies ar mums\u00a0<a href=\"https:\/\/hookahshop.lt\/lv\/kontaktiem\/\">kontaktu lapa<\/a>\u00a0vai rakstiet mums pa e-pastu\u00a0<a href=\"https:\/\/facebook.com\/HookahShop.lt\/\" target=\"_blank\" rel=\"noopener noreferrer\">Facebook konts<\/a>\u00a0un m\u0113s atbild\u0113sim uz j\u016bsu piepras\u012bjumu taj\u0101 pa\u0161\u0101 dien\u0101.<\/p>","protected":false},"excerpt":{"rendered":"<p>B\u013coda \u016bdensp\u012bpei BigMaks King B\u013coda ir izgatavota no sarkan\u0101 m\u0101la. Meistar\u012bga roka uz podnieka ripas veido unik\u0101las kr\u016bzes no viena m\u0101la gabala. To gatavo p\u0113c klasisk\u0101s receptes, m\u0113rc\u0113jot pien\u0101 un t\u0101l\u0101k kars\u0113jot cepe\u0161kr\u0101sn\u012b. T\u0101p\u0113c \u0161\u0101d\u0101 veid\u0101 pagatavota kr\u016bz\u012bte kalpos daudz ilg\u0101k nek\u0101 jebkur\u0161 cits l\u012bdzv\u0113rt\u012bgs. Tas vienm\u0113r\u012bgi uzsilst un ilgsto\u0161i saglab\u0101 siltumu, nep\u0101rkars\u0113jot mais\u012bjumu. [\u2026]<\/p>","protected":false},"featured_media":20540,"comment_status":"open","ping_status":"closed","template":"","meta":[],"_links":{"self":[{"href":"https:\/\/hookahshop.lt\/lv\/wp-json\/wp\/v2\/product\/20531"}],"collection":[{"href":"https:\/\/hookahshop.lt\/lv\/wp-json\/wp\/v2\/product"}],"about":[{"href":"https:\/\/hookahshop.lt\/lv\/wp-json\/wp\/v2\/types\/product"}],"replies":[{"embeddable":true,"href":"https:\/\/hookahshop.lt\/lv\/wp-json\/wp\/v2\/comments?post=20531"}],"version-history":[{"count":7,"href":"https:\/\/hookahshop.lt\/lv\/wp-json\/wp\/v2\/product\/20531\/revisions"}],"predecessor-version":[{"id":29161,"href":"https:\/\/hookahshop.lt\/lv\/wp-json\/wp\/v2\/product\/20531\/revisions\/29161"}],"wp:featuredmedia":[{"embeddable":true,"href":"https:\/\/hookahshop.lt\/lv\/wp-json\/wp\/v2\/media\/20540"}],"wp:attachment":[{"href":"https:\/\/hookahshop.lt\/lv\/wp-json\/wp\/v2\/media?parent=20531"}],"curies":[{"name":"wp","href":"https:\/\/api.w.org\/{rel}","templated":true}]}}