{"id":20535,"date":"2021-03-18T23:47:14","date_gmt":"2021-03-18T21:47:14","guid":{"rendered":"https:\/\/hookahshop.lt\/?post_type=product&#038;p=20535"},"modified":"2026-04-14T23:29:13","modified_gmt":"2026-04-14T20:29:13","slug":"taurele-kaljanui-conceptic-3d-11-juoda","status":"publish","type":"product","link":"https:\/\/hookahshop.lt\/lv\/produkt\/kauss-for-udenspipe-conceptic-3d-11-melns\/","title":{"rendered":"Kauss \u016bdensp\u012bpei CONCEPTIC 3D-11 Melns"},"content":{"rendered":"<h2>Kauss \u016bdensp\u012bpei CONCEPTIC 3D-11 Melns<\/h2>\n<p>\u0160is ir koncepta dizaina z\u012bmola phunnel tipa p\u0101rst\u0101vis. Produkts tiek druk\u0101ts, izmantojot FDM tehnolo\u0123iju ar 3D printeri ar keramikas mas\u0101m, sl\u0101\u0146ojot materi\u0101lu. Tas ir unik\u0101ls ar to, ka \u0161\u012b izstr\u0101d\u0101juma dizainu nevar atk\u0101rtot ar citu ra\u017eo\u0161anas metodi. Piem\u0113rots gan viegliem, gan smagiem sm\u0113\u0137\u0113t\u0101jiem. Ietilp\u012bba ir aptuveni 11 grami.<\/p>\n<p><strong>Raksturojums:<\/strong><br \/>\nAugstums: 86 mm.<br \/>\nDiametrs (\u0101r\u0113jais): 71 mm.<br \/>\nDiametrs (iek\u0161\u0113jais): 62 mm.<br \/>\nDzi\u013cums: 12 mm.<br \/>\nCauruma diametrs: 15 mm.<br \/>\nCaurumu skaits: 1 gab.<br \/>\nSvars: apm\u0113ram 150 grami.<\/p>\n<p>Vai jums ir k\u0101di jaut\u0101jumi? Sazinies ar mums\u00a0<a href=\"https:\/\/hookahshop.lt\/lv\/kontaktiem\/\">kontaktu lapa<\/a>\u00a0vai rakstiet mums pa e-pastu\u00a0<a href=\"https:\/\/facebook.com\/HookahShop.lt\/\" target=\"_blank\" rel=\"noopener noreferrer\">Facebook konts<\/a>\u00a0un m\u0113s atbild\u0113sim uz j\u016bsu piepras\u012bjumu taj\u0101 pa\u0161\u0101 dien\u0101.<\/p>","protected":false},"excerpt":{"rendered":"<p>\u016adensp\u012bpes b\u013coda CONCEPTIC 3D-11 Black \u0160is ir phennel tipa p\u0101rst\u0101vis no Concept Design z\u012bmola. Produkts tiek druk\u0101ts, izmantojot FDM tehnolo\u0123iju uz 3D printera ar keramikas mas\u0101m, sl\u0101\u0146ojot materi\u0101lu. Tas ir unik\u0101ls ar to, ka \u0161\u012b izstr\u0101d\u0101juma dizainu nevar atk\u0101rtot ar cit\u0101m ra\u017eo\u0161anas metod\u0113m. Piem\u0113rots gan viegliem, gan smagiem sm\u0113\u0137\u0113t\u0101jiem. Ietilp\u012bba ir aptuveni 11 grami. Raksturlielumi: Augums: 86 [\u2026]<\/p>","protected":false},"featured_media":20536,"comment_status":"open","ping_status":"closed","template":"","meta":[],"_links":{"self":[{"href":"https:\/\/hookahshop.lt\/lv\/wp-json\/wp\/v2\/product\/20535"}],"collection":[{"href":"https:\/\/hookahshop.lt\/lv\/wp-json\/wp\/v2\/product"}],"about":[{"href":"https:\/\/hookahshop.lt\/lv\/wp-json\/wp\/v2\/types\/product"}],"replies":[{"embeddable":true,"href":"https:\/\/hookahshop.lt\/lv\/wp-json\/wp\/v2\/comments?post=20535"}],"version-history":[{"count":4,"href":"https:\/\/hookahshop.lt\/lv\/wp-json\/wp\/v2\/product\/20535\/revisions"}],"predecessor-version":[{"id":23088,"href":"https:\/\/hookahshop.lt\/lv\/wp-json\/wp\/v2\/product\/20535\/revisions\/23088"}],"wp:featuredmedia":[{"embeddable":true,"href":"https:\/\/hookahshop.lt\/lv\/wp-json\/wp\/v2\/media\/20536"}],"wp:attachment":[{"href":"https:\/\/hookahshop.lt\/lv\/wp-json\/wp\/v2\/media?parent=20535"}],"curies":[{"name":"wp","href":"https:\/\/api.w.org\/{rel}","templated":true}]}}