{"id":20846,"date":"2021-03-25T15:48:20","date_gmt":"2021-03-25T13:48:20","guid":{"rendered":"https:\/\/hookahshop.lt\/?post_type=product&#038;p=20846"},"modified":"2026-04-18T23:29:12","modified_gmt":"2026-04-18T20:29:12","slug":"znyples-kaljano-anglims-target-venom-xl","status":"publish","type":"product","link":"https:\/\/hookahshop.lt\/lv\/produkt\/udenspipe-ogles-merkis-inde-xl\/","title":{"rendered":"\u016adensp\u012bpes kokog\u013cu knaibles TARGET Venom XL"},"content":{"rendered":"<h2>\u016adensp\u012bpes kokog\u013cu knaibles TARGET Venom XL<\/h2>\n<p>Eksotisks un novatorisks dizains nodro\u0161ina daudzveid\u012bgas knaibles m\u0101j\u0101s. Ar\u012b knaibles biezums un materi\u0101ls tika apzin\u0101ti izv\u0113l\u0113ts, lai nodro\u0161in\u0101tu maksim\u0101lu stabilit\u0101ti. Tas ir paman\u0101ms ar\u012b, darbinot knaibles, kuras j\u0101darbina ar liel\u0101ku sp\u0113ku nek\u0101 parastaj\u0101m og\u013cu knaibl\u0113m.<\/p>\n<p><strong>Specifik\u0101cijas:<\/strong><br \/>\nGarums: 30 cm<br \/>\nMateri\u0101ls: ner\u016bs\u0113jo\u0161ais t\u0113rauds<\/p>\n<p>&nbsp;<\/p>\n<p>Vai jums ir k\u0101di jaut\u0101jumi? Sazinies ar mums\u00a0<a href=\"https:\/\/hookahshop.lt\/lv\/kontaktiem\/\">kontaktu lapa<\/a>\u00a0vai rakstiet mums pa e-pastu\u00a0<a href=\"https:\/\/facebook.com\/HookahShop.lt\/\" target=\"_blank\" rel=\"noopener noreferrer\">Facebook konts<\/a>\u00a0un m\u0113s atbild\u0113sim uz j\u016bsu piepras\u012bjumu taj\u0101 pa\u0161\u0101 dien\u0101.<\/p>","protected":false},"excerpt":{"rendered":"<p>\u016adensp\u012bpes og\u013cu knaibles TARGET Venom XL Eksotisks un inovat\u012bvs dizains nodro\u0161ina knaib\u013cu kl\u0101sta daudzveid\u012bbu m\u0101j\u0101s. Knaib\u013cu biezums un materi\u0101ls ir apzin\u0101ti izv\u0113l\u0113ts, lai nodro\u0161in\u0101tu maksim\u0101lu stabilit\u0101ti. Tas ir paman\u0101ms ar\u012b knaib\u013cu vad\u012b\u0161anas laik\u0101, jo t\u0101s j\u0101vada ar liel\u0101ku sp\u0113ku nek\u0101 parast\u0101s og\u013cu knaibles. Specifik\u0101cijas: Garums: 30 cm Materi\u0101ls: Ner\u016bs\u0113jo\u0161ais t\u0113rauds Vai jums ir k\u0101di jaut\u0101jumi? [\u2026]<\/p>","protected":false},"featured_media":21693,"comment_status":"open","ping_status":"closed","template":"","meta":[],"_links":{"self":[{"href":"https:\/\/hookahshop.lt\/lv\/wp-json\/wp\/v2\/product\/20846"}],"collection":[{"href":"https:\/\/hookahshop.lt\/lv\/wp-json\/wp\/v2\/product"}],"about":[{"href":"https:\/\/hookahshop.lt\/lv\/wp-json\/wp\/v2\/types\/product"}],"replies":[{"embeddable":true,"href":"https:\/\/hookahshop.lt\/lv\/wp-json\/wp\/v2\/comments?post=20846"}],"version-history":[{"count":4,"href":"https:\/\/hookahshop.lt\/lv\/wp-json\/wp\/v2\/product\/20846\/revisions"}],"predecessor-version":[{"id":29415,"href":"https:\/\/hookahshop.lt\/lv\/wp-json\/wp\/v2\/product\/20846\/revisions\/29415"}],"wp:featuredmedia":[{"embeddable":true,"href":"https:\/\/hookahshop.lt\/lv\/wp-json\/wp\/v2\/media\/21693"}],"wp:attachment":[{"href":"https:\/\/hookahshop.lt\/lv\/wp-json\/wp\/v2\/media?parent=20846"}],"curies":[{"name":"wp","href":"https:\/\/api.w.org\/{rel}","templated":true}]}}