{"id":20855,"date":"2021-03-25T18:43:44","date_gmt":"2021-03-25T16:43:44","guid":{"rendered":"https:\/\/hookahshop.lt\/?post_type=product&#038;p=20855"},"modified":"2026-04-15T12:28:44","modified_gmt":"2026-04-15T09:28:44","slug":"anglys-kaljanui-wugil-25mm-1kg","status":"publish","type":"product","link":"https:\/\/hookahshop.lt\/lv\/produkt\/ogles-udenspipei-wugil-25mm-1kg\/","title":{"rendered":"Ogles \u016bdensp\u012bpei WUGIL 25mm 1kg"},"content":{"rendered":"<h2>Ogles \u016bdensp\u012bpei WUGIL 25mm 1kg<\/h2>\n<p>Izgatavots no valriekstu \u010daumalas. \u0160is ir jauns, biolo\u0123isks produkts \u016bdensp\u012bpes pasaul\u0113. Vugils. Ogles ir izgatavotas no valriekstu \u010daumal\u0101m bez jebk\u0101d\u0101m \u0137\u012bmisk\u0101m piedev\u0101m, kas \u013cauj piln\u012bb\u0101 atbr\u012bvoties no kokog\u013cu smar\u017eas un gar\u0161as. \u0160\u012bs ogles labi saglab\u0101 siltumu. Riekstu ogles visos aspektos tiek uzskat\u012btas par dro\u0161\u0101k\u0101m par klasiskaj\u0101m. Var teikt, ka \u0161is ir jauns solis videi draudz\u012bg\u0101 \u016bdensp\u012bpes og\u013cu ra\u017eo\u0161an\u0101.<\/p>\n<p><strong>Specifik\u0101cija:<\/strong><br \/>\nViena oglek\u013ca izm\u0113ri: 25x25x25mm.<br \/>\nPrec\u012bzs svars: 1,100 kg<br \/>\nKast\u012bt\u0113 ir 80 og\u013chidr\u0101ti.<br \/>\nNesatur \u0137\u012bmiskas piedevas.<br \/>\nSm\u0113\u0137\u0113jot, smar\u017ea vai gar\u0161a nemain\u0101s.<br \/>\nLai dedzin\u0101tu ogles, ir nepiecie\u0161ama elektrisk\u0101 pl\u012bts \u016bdensp\u012bpe, t\u016bristu g\u0101zes pl\u012bts vai taml\u012bdz\u012bgi.<\/p>\n<p><strong>M\u016bsu person\u012bgais viedoklis par \u0161\u012bm ogl\u0113m: <\/strong>Tos sau\u013cojot nav smar\u017eas, kas ir liels pluss og\u013cu miec\u0113\u0161anai m\u0101jas apst\u0101k\u013cos. Pelnu daudzums, sal\u012bdzinot ar parastaj\u0101m ogl\u0113m, ir nedaudz liels, t\u0101p\u0113c t\u0101s j\u0101krata bie\u017e\u0101k nek\u0101 parasti. \u0160o og\u013cu siltuma saturs ir nedaudz maz\u0101ks, ja pelnus krata ret\u0101k.<\/p>\n<p>Vai jums ir k\u0101di jaut\u0101jumi? Sazinies ar mums <a href=\"https:\/\/hookahshop.lt\/lv\/kontaktiem\/\">kontaktu lapa<\/a> vai rakstiet mums pa e-pastu <a href=\"https:\/\/facebook.com\/HookahShop.lt\/\" target=\"_blank\" rel=\"noopener noreferrer\">Facebook konts<\/a> un m\u0113s atbild\u0113sim uz j\u016bsu piepras\u012bjumu taj\u0101 pa\u0161\u0101 dien\u0101.<\/p>","protected":false},"excerpt":{"rendered":"<p>Kokogles \u016bdensp\u012bpei WUGIL 25mm 1kg Izgatavots no valriekstu \u010daumalas. \u0160is ir jauns, biolo\u0123isks produkts \u016bdensp\u012bpes pasaul\u0113. Vugils. Ogles ir izgatavotas no valriekstu \u010daumal\u0101m bez jebk\u0101d\u0101m \u0137\u012bmisk\u0101m piedev\u0101m, kas \u013cauj piln\u012bb\u0101 atbr\u012bvoties no kokog\u013cu smar\u017eas un gar\u0161as. \u0160\u012bs ogles lieliski uztur siltumu. Riekstu ogles visos aspektos tiek uzskat\u012btas par dro\u0161\u0101k\u0101m par klasiskaj\u0101m. Var teikt, ka tas ir jaunums videi [...]<\/p>","protected":false},"featured_media":20856,"comment_status":"open","ping_status":"closed","template":"","meta":[],"_links":{"self":[{"href":"https:\/\/hookahshop.lt\/lv\/wp-json\/wp\/v2\/product\/20855"}],"collection":[{"href":"https:\/\/hookahshop.lt\/lv\/wp-json\/wp\/v2\/product"}],"about":[{"href":"https:\/\/hookahshop.lt\/lv\/wp-json\/wp\/v2\/types\/product"}],"replies":[{"embeddable":true,"href":"https:\/\/hookahshop.lt\/lv\/wp-json\/wp\/v2\/comments?post=20855"}],"version-history":[{"count":12,"href":"https:\/\/hookahshop.lt\/lv\/wp-json\/wp\/v2\/product\/20855\/revisions"}],"predecessor-version":[{"id":31147,"href":"https:\/\/hookahshop.lt\/lv\/wp-json\/wp\/v2\/product\/20855\/revisions\/31147"}],"wp:featuredmedia":[{"embeddable":true,"href":"https:\/\/hookahshop.lt\/lv\/wp-json\/wp\/v2\/media\/20856"}],"wp:attachment":[{"href":"https:\/\/hookahshop.lt\/lv\/wp-json\/wp\/v2\/media?parent=20855"}],"curies":[{"name":"wp","href":"https:\/\/api.w.org\/{rel}","templated":true}]}}