{"id":21011,"date":"2021-03-29T19:05:42","date_gmt":"2021-03-29T16:05:42","guid":{"rendered":"https:\/\/hookahshop.lt\/?post_type=product&#038;p=21011"},"modified":"2026-04-10T12:51:31","modified_gmt":"2026-04-10T09:51:31","slug":"lekste-kaljanui-edelstahl-classic","status":"publish","type":"product","link":"https:\/\/hookahshop.lt\/lv\/produkt\/lekste-udenspipe-edelstahl-klasika\/","title":{"rendered":"Pl\u0101ksne \u016bdensp\u012bpei EDELSTAHL Classic"},"content":{"rendered":"<h2>Pl\u0101ksne \u016bdensp\u012bpei EDELSTAHL Classic<\/h2>\n<p>Pirms \u016bdensp\u012bpes pl\u0101k\u0161\u0146u izstr\u0101d\u0101juma ieg\u0101des p\u0101rbaudiet, vai \u016bdensp\u012bpes specifik\u0101cijas atbilst \u0161\u012b izstr\u0101d\u0101juma specifik\u0101cij\u0101m.<\/p>\n<p>Specifik\u0101cijas:<br \/>\nDiametrs: apm\u0113ram 20,5 cm,<br \/>\nCauruma diametrs: apm\u0113ram 2,1 cm,<\/p>\n<p>Vai jums ir k\u0101di jaut\u0101jumi? Sazinies ar mums\u00a0<a href=\"https:\/\/hookahshop.lt\/lv\/kontaktiem\/\">kontaktu lapa<\/a>\u00a0vai rakstiet mums pa e-pastu\u00a0<a href=\"https:\/\/facebook.com\/HookahShop.lt\/\" target=\"_blank\" rel=\"noopener noreferrer\">Facebook konts<\/a>\u00a0un m\u0113s atbild\u0113sim uz j\u016bsu piepras\u012bjumu taj\u0101 pa\u0161\u0101 dien\u0101.<\/p>","protected":false},"excerpt":{"rendered":"<p>\u0160\u0137\u012bvis \u016bdensp\u012bpei EDELSTAHL Classic Pirms \u016bdensp\u012bpes izstr\u0101d\u0101juma \u0161\u0137\u012bvja ieg\u0101des p\u0101rbaudiet, vai \u016bdensp\u012bpes specifik\u0101cijas atbilst \u0161\u012b produkta specifik\u0101cij\u0101m. Specifik\u0101cijas: diametrs: apm\u0113ram 20,5 cm, cauruma diametrs: apm\u0113ram 2,1 cm, jaut\u0101jumi? Sazinieties ar mums kontaktu lap\u0101 vai rakstiet mums uz m\u016bsu Facebook kontu un m\u0113s atbild\u0113sim uz j\u016bsu piepras\u012bjumu taj\u0101 pa\u0161\u0101 dien\u0101.<\/p>","protected":false},"featured_media":21708,"comment_status":"open","ping_status":"closed","template":"","meta":[],"_links":{"self":[{"href":"https:\/\/hookahshop.lt\/lv\/wp-json\/wp\/v2\/product\/21011"}],"collection":[{"href":"https:\/\/hookahshop.lt\/lv\/wp-json\/wp\/v2\/product"}],"about":[{"href":"https:\/\/hookahshop.lt\/lv\/wp-json\/wp\/v2\/types\/product"}],"replies":[{"embeddable":true,"href":"https:\/\/hookahshop.lt\/lv\/wp-json\/wp\/v2\/comments?post=21011"}],"version-history":[{"count":4,"href":"https:\/\/hookahshop.lt\/lv\/wp-json\/wp\/v2\/product\/21011\/revisions"}],"predecessor-version":[{"id":43107,"href":"https:\/\/hookahshop.lt\/lv\/wp-json\/wp\/v2\/product\/21011\/revisions\/43107"}],"wp:featuredmedia":[{"embeddable":true,"href":"https:\/\/hookahshop.lt\/lv\/wp-json\/wp\/v2\/media\/21708"}],"wp:attachment":[{"href":"https:\/\/hookahshop.lt\/lv\/wp-json\/wp\/v2\/media?parent=21011"}],"curies":[{"name":"wp","href":"https:\/\/api.w.org\/{rel}","templated":true}]}}