{"id":21030,"date":"2021-03-30T20:48:27","date_gmt":"2021-03-30T17:48:27","guid":{"rendered":"https:\/\/hookahshop.lt\/?post_type=product&#038;p=21030"},"modified":"2026-04-13T16:23:27","modified_gmt":"2026-04-13T13:23:27","slug":"sakute-kaljano-tabakui-nili-hookah-aquaman-3-bronze","status":"publish","type":"product","link":"https:\/\/hookahshop.lt\/lv\/produkt\/sakute-udenspipe-tabaka-nili-udenspipe-akvamans-3-bronza\/","title":{"rendered":"\u016adensp\u012bpes tabakas dak\u0161a NILI HOOKAH Aquaman 3 Bronza"},"content":{"rendered":"<h2>\u016adensp\u012bpes tabakas dak\u0161a NILI HOOKAH Aquaman 3 Bronza<\/h2>\n<p>Tabakas dak\u0161a ir izgatavota no t\u0113rauda &quot;Poseidon trident&quot; formas un kr\u0101sota bronzas kr\u0101s\u0101. Tabakas dak\u0161a vienk\u0101r\u0161o \u016bdensp\u012bpes gatavo\u0161anu. Izmantojot dak\u0161i\u0146u, ir \u0113rti tabaku iz\u0146emt no iepakojuma, sakrat\u012bt un ievietot kr\u016bz\u0113, nesasm\u0113r\u0113jot rokas.<\/p>\n<p><strong>Specifik\u0101cijas:<\/strong><br \/>\nGarums: 130mm.<br \/>\nSvars: apm\u0113ram 15 grami.<\/p>\n<p>Vai jums ir k\u0101di jaut\u0101jumi? Sazinies ar mums\u00a0<a href=\"https:\/\/hookahshop.lt\/lv\/kontaktiem\/\">kontaktu lapa<\/a>\u00a0vai rakstiet mums pa e-pastu\u00a0<a href=\"https:\/\/facebook.com\/HookahShop.lt\/\" target=\"_blank\" rel=\"noopener noreferrer\">Facebook konts<\/a>\u00a0un m\u0113s atbild\u0113sim uz j\u016bsu piepras\u012bjumu taj\u0101 pa\u0161\u0101 dien\u0101.<\/p>","protected":false},"excerpt":{"rendered":"<p>Dak\u0161a \u016bdensp\u012bpes tabakai NILI HOOKAH Aquaman 3 Bronze Dak\u0161a \u016bdensp\u012bpei ir izgatavota no t\u0113rauda &quot;Poseidon trident&quot; un kr\u0101sota bronzas kr\u0101s\u0101. Tabakas dak\u0161a vienk\u0101r\u0161o \u016bdensp\u012bpes gatavo\u0161anu. Izmantojot dak\u0161i\u0146u, ir \u0113rti tabaku iz\u0146emt no iepakojuma, sakrat\u012bt un ievietot kr\u016bz\u0113, nesasm\u0113r\u0113jot rokas. Specifik\u0101cijas: Garums: 130mm. Svars: apm\u0113ram 15 grami. Vai jums ir k\u0101di jaut\u0101jumi? Sazinieties ar mums kontaktu lap\u0101 vai rakstiet mums [...]<\/p>","protected":false},"featured_media":21031,"comment_status":"open","ping_status":"closed","template":"","meta":[],"_links":{"self":[{"href":"https:\/\/hookahshop.lt\/lv\/wp-json\/wp\/v2\/product\/21030"}],"collection":[{"href":"https:\/\/hookahshop.lt\/lv\/wp-json\/wp\/v2\/product"}],"about":[{"href":"https:\/\/hookahshop.lt\/lv\/wp-json\/wp\/v2\/types\/product"}],"replies":[{"embeddable":true,"href":"https:\/\/hookahshop.lt\/lv\/wp-json\/wp\/v2\/comments?post=21030"}],"version-history":[{"count":5,"href":"https:\/\/hookahshop.lt\/lv\/wp-json\/wp\/v2\/product\/21030\/revisions"}],"predecessor-version":[{"id":23472,"href":"https:\/\/hookahshop.lt\/lv\/wp-json\/wp\/v2\/product\/21030\/revisions\/23472"}],"wp:featuredmedia":[{"embeddable":true,"href":"https:\/\/hookahshop.lt\/lv\/wp-json\/wp\/v2\/media\/21031"}],"wp:attachment":[{"href":"https:\/\/hookahshop.lt\/lv\/wp-json\/wp\/v2\/media?parent=21030"}],"curies":[{"name":"wp","href":"https:\/\/api.w.org\/{rel}","templated":true}]}}