{"id":21034,"date":"2021-03-30T20:57:33","date_gmt":"2021-03-30T17:57:33","guid":{"rendered":"https:\/\/hookahshop.lt\/?post_type=product&#038;p=21034"},"modified":"2026-04-16T23:28:42","modified_gmt":"2026-04-16T20:28:42","slug":"apsauginis-sietelis-kaljanui-blade-hookah","status":"publish","type":"product","link":"https:\/\/hookahshop.lt\/lv\/produkt\/aizsargajoss-sietins-udenspipei-asmenim-udenspipei\/","title":{"rendered":"Aizsardz\u012bbas siets \u016bdensp\u012bpe asmens asmens"},"content":{"rendered":"<h2>Aizsardz\u012bbas siets \u016bdensp\u012bpe asmens asmens<\/h2>\n<p>Siets ir izgatavots no ner\u016bs\u0113jo\u0161\u0101 t\u0113rauda ar stipru sietu. T\u0101 augstums padara to \u0113rti piem\u0113rotu liel\u0101kajai da\u013cai tirg\u016b pieejamo \u016bdensp\u012bpju. Tas ne\u013cauj ogl\u0113m nejau\u0161i sadedzin\u0101t j\u016bsu d\u0101rgo mantu, sm\u0113\u0137\u0113jot m\u0101j\u0101s.<\/p>\n<p>Vai jums ir k\u0101di jaut\u0101jumi? Sazinies ar mums\u00a0<a href=\"https:\/\/hookahshop.lt\/lv\/kontaktiem\/\">kontaktu lapa<\/a>\u00a0vai rakstiet mums pa e-pastu\u00a0<a href=\"https:\/\/facebook.com\/HookahShop.lt\/\" target=\"_blank\" rel=\"noopener noreferrer\">Facebook konts<\/a>\u00a0un m\u0113s atbild\u0113sim uz j\u016bsu piepras\u012bjumu taj\u0101 pa\u0161\u0101 dien\u0101.<\/p>","protected":false},"excerpt":{"rendered":"<p>Aizsarg\u0101jo\u0161s sieti\u0146\u0161 \u016bdensp\u012bpei BLADE HOOKAH Siens ir izgatavots no ner\u016bs\u0113jo\u0161\u0101 t\u0113rauda ar stipru sietu. T\u0101 augstums padara to \u0113rti piem\u0113rotu liel\u0101kajai da\u013cai tirg\u016b pieejamo \u016bdensp\u012bpju. Tas ne\u013cauj ogl\u0113m nejau\u0161i sadedzin\u0101t j\u016bsu d\u0101rgo mantu, sm\u0113\u0137\u0113jot m\u0101j\u0101s. Vai jums ir k\u0101di jaut\u0101jumi? Sazinieties ar mums kontaktu lap\u0101 vai rakstiet mums uz m\u016bsu Facebook kontu un m\u0113s atbild\u0113sim uz j\u016bsu piepras\u012bjumu taj\u0101 pa\u0161\u0101 dien\u0101.<\/p>","protected":false},"featured_media":21036,"comment_status":"open","ping_status":"closed","template":"","meta":[],"_links":{"self":[{"href":"https:\/\/hookahshop.lt\/lv\/wp-json\/wp\/v2\/product\/21034"}],"collection":[{"href":"https:\/\/hookahshop.lt\/lv\/wp-json\/wp\/v2\/product"}],"about":[{"href":"https:\/\/hookahshop.lt\/lv\/wp-json\/wp\/v2\/types\/product"}],"replies":[{"embeddable":true,"href":"https:\/\/hookahshop.lt\/lv\/wp-json\/wp\/v2\/comments?post=21034"}],"version-history":[{"count":4,"href":"https:\/\/hookahshop.lt\/lv\/wp-json\/wp\/v2\/product\/21034\/revisions"}],"predecessor-version":[{"id":29488,"href":"https:\/\/hookahshop.lt\/lv\/wp-json\/wp\/v2\/product\/21034\/revisions\/29488"}],"wp:featuredmedia":[{"embeddable":true,"href":"https:\/\/hookahshop.lt\/lv\/wp-json\/wp\/v2\/media\/21036"}],"wp:attachment":[{"href":"https:\/\/hookahshop.lt\/lv\/wp-json\/wp\/v2\/media?parent=21034"}],"curies":[{"name":"wp","href":"https:\/\/api.w.org\/{rel}","templated":true}]}}