{"id":21039,"date":"2021-03-30T21:08:46","date_gmt":"2021-03-30T18:08:46","guid":{"rendered":"https:\/\/hookahshop.lt\/?post_type=product&#038;p=21039"},"modified":"2026-05-05T10:12:51","modified_gmt":"2026-05-05T07:12:51","slug":"taurele-kaljanui-kong-panda","status":"publish","type":"product","link":"https:\/\/hookahshop.lt\/lv\/produkt\/kauss-udenspipe-kong-panda\/","title":{"rendered":"Kauss \u016bdensp\u012bpei KONG Panda"},"content":{"rendered":"<h2>Kauss \u016bdensp\u012bpei KONG Panda<\/h2>\n<p>Kr\u016bz\u012btei ir ekskluz\u012bvs dizains ar Kong Panda att\u0113lu. Kr\u016bz\u012bte lieliski atveido gar\u0161as \u012bpa\u0161\u012bbas un \u013cauj izbaud\u012bt \u016bdensp\u012bpes priekus. Kr\u016bze lieliski sadala siltumu, t\u0101p\u0113c tabaka sadegs vienm\u0113r\u012bgi. Kr\u016bz\u012bte ir piem\u0113rota gan gai\u0161ai, gan tum\u0161ai tabakai. Ietilp\u012bba ir aptuveni 19 - 23 grami.<\/p>\n<p>Vai jums ir k\u0101di jaut\u0101jumi? Sazinies ar mums\u00a0<a href=\"https:\/\/hookahshop.lt\/lv\/kontaktiem\/\">kontaktu lapa<\/a>\u00a0vai rakstiet mums pa e-pastu\u00a0<a href=\"https:\/\/facebook.com\/HookahShop.lt\/\" target=\"_blank\" rel=\"noopener noreferrer\">Facebook konts<\/a>\u00a0un m\u0113s atbild\u0113sim uz j\u016bsu piepras\u012bjumu taj\u0101 pa\u0161\u0101 dien\u0101.<\/p>","protected":false},"excerpt":{"rendered":"<p>Kr\u016bz\u012bte \u016bdensp\u012bpei KONG Panda Kr\u016bz\u012btei ir ekskluz\u012bvs dizains ar Kong Panda att\u0113lu. Kr\u016bz\u012bte lieliski atveido gar\u0161as \u012bpa\u0161\u012bbas un \u013cauj izbaud\u012bt \u016bdensp\u012bpes priekus. Kr\u016bze lieliski sadala siltumu, t\u0101p\u0113c tabaka sadegs vienm\u0113r\u012bgi. Kr\u016bz\u012bte ir piem\u0113rota gan gai\u0161ai, gan tum\u0161ai tabakai. Ietilp\u012bba ir aptuveni 19 - 23 grami. Vai jums ir k\u0101di jaut\u0101jumi? Sazinieties ar mums kontaktu lap\u0101 vai rakstiet mums uz m\u016bsu Facebook kontu un [\u2026]<\/p>","protected":false},"featured_media":21040,"comment_status":"open","ping_status":"closed","template":"","meta":[],"_links":{"self":[{"href":"https:\/\/hookahshop.lt\/lv\/wp-json\/wp\/v2\/product\/21039"}],"collection":[{"href":"https:\/\/hookahshop.lt\/lv\/wp-json\/wp\/v2\/product"}],"about":[{"href":"https:\/\/hookahshop.lt\/lv\/wp-json\/wp\/v2\/types\/product"}],"replies":[{"embeddable":true,"href":"https:\/\/hookahshop.lt\/lv\/wp-json\/wp\/v2\/comments?post=21039"}],"version-history":[{"count":3,"href":"https:\/\/hookahshop.lt\/lv\/wp-json\/wp\/v2\/product\/21039\/revisions"}],"predecessor-version":[{"id":29535,"href":"https:\/\/hookahshop.lt\/lv\/wp-json\/wp\/v2\/product\/21039\/revisions\/29535"}],"wp:featuredmedia":[{"embeddable":true,"href":"https:\/\/hookahshop.lt\/lv\/wp-json\/wp\/v2\/media\/21040"}],"wp:attachment":[{"href":"https:\/\/hookahshop.lt\/lv\/wp-json\/wp\/v2\/media?parent=21039"}],"curies":[{"name":"wp","href":"https:\/\/api.w.org\/{rel}","templated":true}]}}