{"id":21043,"date":"2021-03-30T21:18:25","date_gmt":"2021-03-30T18:18:25","guid":{"rendered":"https:\/\/hookahshop.lt\/?post_type=product&#038;p=21043"},"modified":"2026-04-14T23:29:18","modified_gmt":"2026-04-14T20:29:18","slug":"taurele-kaljanui-smokelab-classic","status":"publish","type":"product","link":"https:\/\/hookahshop.lt\/lv\/produkt\/stikls-udenspipe-smokelab-klasika\/","title":{"rendered":"Kauss \u016bdensp\u012bpei SMOKELAB Classic"},"content":{"rendered":"<h2>Kauss \u016bdensp\u012bpei SMOKELAB Classic<\/h2>\n<p>Kr\u016bze ir pietiekami bieza, lai nodro\u0161in\u0101tu labu siltuma koeficientu, labi uzsilst un izdala siltumu bez p\u0101rkar\u0161anas, vid\u0113ja izm\u0113ra un lieliska gar\u0161as p\u0101rnese. Tabakas pat\u0113ri\u0146\u0161 ir aptuveni 20-25 grami.<\/p>\n<p>Specifik\u0101cijas:<br \/>\nAugstums: 91 mm<br \/>\nDiametrs (\u0101r\u0113jais): 77 mm<br \/>\nDiametrs (iek\u0161\u0113jais): 67 mm<br \/>\nDzi\u013cums: 22mm<br \/>\nUrbuma diametrs: 6mm<br \/>\nCaurumu skaits: 6 gab<br \/>\nSvars: apm\u0113ram 262 grami<\/p>\n<p>Vai jums ir k\u0101di jaut\u0101jumi? Sazinies ar mums\u00a0<a href=\"https:\/\/hookahshop.lt\/lv\/kontaktiem\/\">kontaktu lapa<\/a>\u00a0vai rakstiet mums pa e-pastu\u00a0<a href=\"https:\/\/facebook.com\/HookahShop.lt\/\" target=\"_blank\" rel=\"noopener noreferrer\">Facebook konts<\/a>\u00a0un m\u0113s atbild\u0113sim uz j\u016bsu piepras\u012bjumu taj\u0101 pa\u0161\u0101 dien\u0101.<\/p>","protected":false},"excerpt":{"rendered":"<p>\u016adensp\u012bpes kr\u016bze SMOKELAB Classic Kr\u016bz\u012bte ir pietiekami bieza, lai nodro\u0161in\u0101tu labu siltuma koeficientu, t\u0101 labi uzsilst un izdala siltumu bez p\u0101rkar\u0161anas, vid\u0113ja izm\u0113ra un lieliska gar\u0161as p\u0101rnese. Tabakas pat\u0113ri\u0146\u0161 ir aptuveni 20-25 grami. Specifik\u0101cijas: Augstums: 91 mm Diametrs (\u0101r\u0113jais): 77 mm Diametrs (iek\u0161\u0113jais): 67 mm Dzi\u013cums: 22 mm Cauruma diametrs: 6 mm Caurumu skaits: 6 gab Svars: [\u2026]<\/p>","protected":false},"featured_media":21044,"comment_status":"open","ping_status":"closed","template":"","meta":[],"_links":{"self":[{"href":"https:\/\/hookahshop.lt\/lv\/wp-json\/wp\/v2\/product\/21043"}],"collection":[{"href":"https:\/\/hookahshop.lt\/lv\/wp-json\/wp\/v2\/product"}],"about":[{"href":"https:\/\/hookahshop.lt\/lv\/wp-json\/wp\/v2\/types\/product"}],"replies":[{"embeddable":true,"href":"https:\/\/hookahshop.lt\/lv\/wp-json\/wp\/v2\/comments?post=21043"}],"version-history":[{"count":3,"href":"https:\/\/hookahshop.lt\/lv\/wp-json\/wp\/v2\/product\/21043\/revisions"}],"predecessor-version":[{"id":21660,"href":"https:\/\/hookahshop.lt\/lv\/wp-json\/wp\/v2\/product\/21043\/revisions\/21660"}],"wp:featuredmedia":[{"embeddable":true,"href":"https:\/\/hookahshop.lt\/lv\/wp-json\/wp\/v2\/media\/21044"}],"wp:attachment":[{"href":"https:\/\/hookahshop.lt\/lv\/wp-json\/wp\/v2\/media?parent=21043"}],"curies":[{"name":"wp","href":"https:\/\/api.w.org\/{rel}","templated":true}]}}