{"id":21047,"date":"2021-03-30T21:25:44","date_gmt":"2021-03-30T18:25:44","guid":{"rendered":"https:\/\/hookahshop.lt\/?post_type=product&#038;p=21047"},"modified":"2026-04-14T23:29:19","modified_gmt":"2026-04-14T20:29:19","slug":"taurele-kaljanui-smokelab-martini","status":"publish","type":"product","link":"https:\/\/hookahshop.lt\/lv\/produkt\/stikls-udenspipe-smokelab-martini\/","title":{"rendered":"Kauss \u016bdensp\u012bpei SMOKELAB Martini"},"content":{"rendered":"<h2>Kauss \u016bdensp\u012bpei SMOKELAB Martini<\/h2>\n<p>Kr\u016bz\u012bte ir ide\u0101li piem\u0113rota sm\u0113\u0137\u0113\u0161anai diviem vai \u012bs\u0101kiem tr\u012bs l\u012bdz \u010detriem seansiem. Izmanto gan gai\u0161ai, gan tum\u0161ai tabakai. Ide\u0101li k\u016bpina ar siltuma kameru vai foliju. Tilpums 10-14 grami.<\/p>\n<p><strong>Specifik\u0101cijas:<\/strong><br \/>\nAugstums: 97 mm<br \/>\nDiametrs (\u0101r\u0113jais): 83 mm<br \/>\nDiametrs (iek\u0161\u0113jais): 70 mm<br \/>\nDzi\u013cums: 15mm<br \/>\nCauruma diametrs: 11 mm<br \/>\nUrbumu skaits: 1 gab<br \/>\nSvars: apm\u0113ram 158 grami<\/p>\n<p>Vai jums ir k\u0101di jaut\u0101jumi? Sazinies ar mums\u00a0<a href=\"https:\/\/hookahshop.lt\/lv\/kontaktiem\/\">kontaktu lapa<\/a>\u00a0vai rakstiet mums pa e-pastu\u00a0<a href=\"https:\/\/facebook.com\/HookahShop.lt\/\" target=\"_blank\" rel=\"noopener noreferrer\">Facebook konts<\/a>\u00a0un m\u0113s atbild\u0113sim uz j\u016bsu piepras\u012bjumu taj\u0101 pa\u0161\u0101 dien\u0101.<\/p>","protected":false},"excerpt":{"rendered":"<p>\u016adensp\u012bpes stikls SMOKELAB Martini Gl\u0101ze ir ide\u0101li piem\u0113rota sm\u0113\u0137\u0113\u0161anai diviem cilv\u0113kiem vai \u012bs\u0101kam seansam tr\u012bs l\u012bdz \u010detriem cilv\u0113kiem. Izmanto gan gai\u0161ai, gan tum\u0161ai tabakai. Ide\u0101li k\u016bpina ar siltuma kameru vai foliju. Tilpums 10-14 grami. Specifik\u0101cijas: Augstums: 97 mm Diametrs (\u0101r\u0113jais): 83 mm Diametrs (iek\u0161\u0113jais): 70 mm Dzi\u013cums: 15 mm Cauruma diametrs: 11 mm Caurumu skaits: 1 gab Svars: [\u2026]<\/p>","protected":false},"featured_media":21051,"comment_status":"open","ping_status":"closed","template":"","meta":[],"_links":{"self":[{"href":"https:\/\/hookahshop.lt\/lv\/wp-json\/wp\/v2\/product\/21047"}],"collection":[{"href":"https:\/\/hookahshop.lt\/lv\/wp-json\/wp\/v2\/product"}],"about":[{"href":"https:\/\/hookahshop.lt\/lv\/wp-json\/wp\/v2\/types\/product"}],"replies":[{"embeddable":true,"href":"https:\/\/hookahshop.lt\/lv\/wp-json\/wp\/v2\/comments?post=21047"}],"version-history":[{"count":2,"href":"https:\/\/hookahshop.lt\/lv\/wp-json\/wp\/v2\/product\/21047\/revisions"}],"predecessor-version":[{"id":29560,"href":"https:\/\/hookahshop.lt\/lv\/wp-json\/wp\/v2\/product\/21047\/revisions\/29560"}],"wp:featuredmedia":[{"embeddable":true,"href":"https:\/\/hookahshop.lt\/lv\/wp-json\/wp\/v2\/media\/21051"}],"wp:attachment":[{"href":"https:\/\/hookahshop.lt\/lv\/wp-json\/wp\/v2\/media?parent=21047"}],"curies":[{"name":"wp","href":"https:\/\/api.w.org\/{rel}","templated":true}]}}