{"id":21054,"date":"2021-03-30T21:33:43","date_gmt":"2021-03-30T18:33:43","guid":{"rendered":"https:\/\/hookahshop.lt\/?post_type=product&#038;p=21054"},"modified":"2026-04-15T23:29:18","modified_gmt":"2026-04-15T20:29:18","slug":"znyples-kaljano-anglims-japona-hookah","status":"publish","type":"product","link":"https:\/\/hookahshop.lt\/lv\/produkt\/udenspipe-udenspipe-ogle-japanu-udenspipe\/","title":{"rendered":"\u016adensp\u012bpes kokogles knaibles JAPONA HOOKAH"},"content":{"rendered":"<h2>\u016adensp\u012bpes kokogles knaibles JAPONA HOOKAH<\/h2>\n<p>Japona \u016bdensp\u012bpes knaibles - asmens ar Japona \u016bdensp\u012bpes grav\u0113jumu uz roktura. Modelis tradicion\u0101li ir izgatavots jap\u0101\u0146u gar\u0101. Stiliz\u0113ts k\u0101 kaujas nazis. Iepakots koka d\u0101vanu kast\u012bt\u0113, kas lieliski atbilst t\u0113mai. Jums b\u016bs liela oglek\u013ca spiediena plakne, kas ir \u013coti \u0113rta.<\/p>\n<p><strong>Specifik\u0101cijas:<\/strong><br \/>\nGarums: 230mm<br \/>\nSvars: apm\u0113ram 90 grami<\/p>\n<p>Vai jums ir k\u0101di jaut\u0101jumi? Sazinies ar mums\u00a0<a href=\"https:\/\/hookahshop.lt\/lv\/kontaktiem\/\">kontaktu lapa<\/a>\u00a0vai rakstiet mums pa e-pastu\u00a0<a href=\"https:\/\/facebook.com\/HookahShop.lt\/\" target=\"_blank\" rel=\"noopener noreferrer\">Facebook konts<\/a>\u00a0un m\u0113s atbild\u0113sim uz j\u016bsu piepras\u012bjumu taj\u0101 pa\u0161\u0101 dien\u0101.<\/p>","protected":false},"excerpt":{"rendered":"<p>Knaibles \u016bdensp\u012bpes ogl\u0113m JAPAN HOOKAH \u016adensp\u012bpes knaibles Jap\u0101na - asmens ar Jap\u0101nas \u016bdensp\u012bpes grav\u0113jumu uz roktura. Modelis tradicion\u0101li ir izgatavots jap\u0101\u0146u gar\u0101. Stiliz\u0113ts k\u0101 kaujas nazis. Iepakots koka d\u0101vanu kast\u012bt\u0113, kas lieliski atbilst t\u0113mai. Jums b\u016bs liela oglek\u013ca spiediena plakne \u013coti \u0113rti. Specifik\u0101cijas: Garums: 230mm Svars: apm\u0113ram 90 grami Jaut\u0101jumi? Sazinieties ar mums kontaktu lap\u0101 vai [\u2026]<\/p>","protected":false},"featured_media":21055,"comment_status":"open","ping_status":"closed","template":"","meta":[],"_links":{"self":[{"href":"https:\/\/hookahshop.lt\/lv\/wp-json\/wp\/v2\/product\/21054"}],"collection":[{"href":"https:\/\/hookahshop.lt\/lv\/wp-json\/wp\/v2\/product"}],"about":[{"href":"https:\/\/hookahshop.lt\/lv\/wp-json\/wp\/v2\/types\/product"}],"replies":[{"embeddable":true,"href":"https:\/\/hookahshop.lt\/lv\/wp-json\/wp\/v2\/comments?post=21054"}],"version-history":[{"count":4,"href":"https:\/\/hookahshop.lt\/lv\/wp-json\/wp\/v2\/product\/21054\/revisions"}],"predecessor-version":[{"id":31830,"href":"https:\/\/hookahshop.lt\/lv\/wp-json\/wp\/v2\/product\/21054\/revisions\/31830"}],"wp:featuredmedia":[{"embeddable":true,"href":"https:\/\/hookahshop.lt\/lv\/wp-json\/wp\/v2\/media\/21055"}],"wp:attachment":[{"href":"https:\/\/hookahshop.lt\/lv\/wp-json\/wp\/v2\/media?parent=21054"}],"curies":[{"name":"wp","href":"https:\/\/api.w.org\/{rel}","templated":true}]}}