{"id":21068,"date":"2021-03-31T18:14:38","date_gmt":"2021-03-31T15:14:38","guid":{"rendered":"https:\/\/hookahshop.lt\/?post_type=product&#038;p=21068"},"modified":"2026-05-15T23:29:24","modified_gmt":"2026-05-15T20:29:24","slug":"kaljanas-vyro-x-moze-noir","status":"publish","type":"product","link":"https:\/\/hookahshop.lt\/lv\/produkt\/udenspipe-cilveks-x-moze-noir\/","title":{"rendered":"\u016adensp\u012bpe MEN x Moze Noir"},"content":{"rendered":"<h2>\u016adensp\u012bpe MEN x Moze Noir<\/h2>\n<p>\u016adensp\u012bpe ir izgatavota no POM (polioksimetil\u0113na), \u012bsta oglek\u013ca un V2A ner\u016bs\u0113jo\u0161\u0101 t\u0113rauda 1.4301. \u012apa\u0161\u0101 d\u016bmu novad\u012b\u0161anas sist\u0113ma piev\u0113r\u0161 uzman\u012bbu, jo t\u0101 vienm\u0113r\u012bgi izdala d\u016bmus uz aug\u0161u un uz leju. Polioksimetil\u0113nam (POM) ir milz\u012bga ciet\u012bba, iztur\u012bba un virsmas kvalit\u0101te, pateicoties t\u0101 augstajam bl\u012bvumam 1,39\u20131,42 g\/cm\u00b3. Papildus lab\u0101m sl\u012bd\u0113\u0161anas un nodiluma \u012bpa\u0161\u012bb\u0101m un augstajai karstumiztur\u012bbai, POM \u012bpa\u0161i raksturo liela izm\u0113ra stabilit\u0101te. T\u0101p\u0113c POM veiksm\u012bgi tiek izmantots k\u0101 struktur\u0101ls materi\u0101ls plastmasas virpot\u0101m deta\u013c\u0101m<\/p>\n<p>Vai jums ir k\u0101di jaut\u0101jumi? Sazinies ar mums <a href=\"https:\/\/hookahshop.lt\/lv\/kontaktiem\/\">kontaktu lapa<\/a>\u00a0vai rakstiet mums pa e-pastu\u00a0<a href=\"https:\/\/facebook.com\/HookahShop.lt\/\" target=\"_blank\" rel=\"noopener noreferrer\">Facebook konts<\/a>\u00a0un m\u0113s atbild\u0113sim uz j\u016bsu piepras\u012bjumu taj\u0101 pa\u0161\u0101 dien\u0101.<\/p>","protected":false},"excerpt":{"rendered":"<p>\u016adensp\u012bpe VYRO x Moze Noir \u016adensp\u012bpe ir izgatavota no POM (polioksimetil\u0113na), \u012bsta oglek\u013ca un V2A ner\u016bs\u0113jo\u0161\u0101 t\u0113rauda 1.4301.  \u012apa\u0161\u0101 d\u016bmu novad\u012b\u0161anas sist\u0113ma piev\u0113r\u0161 uzman\u012bbu, jo t\u0101 vienm\u0113r\u012bgi izdala d\u016bmus uz aug\u0161u un uz leju. Polioksimetil\u0113nam (POM) ir milz\u012bga ciet\u012bba, iztur\u012bba un virsmas kvalit\u0101te, pateicoties t\u0101 augstajam bl\u012bvumam 1,39\u20131,42 g\/cm\u00b3. Papildus lab\u0101m sl\u012bd\u0113\u0161anas un nodiluma \u012bpa\u0161\u012bb\u0101m un augstaj\u0101m [\u2026]<\/p>","protected":false},"featured_media":21751,"comment_status":"open","ping_status":"closed","template":"","meta":[],"_links":{"self":[{"href":"https:\/\/hookahshop.lt\/lv\/wp-json\/wp\/v2\/product\/21068"}],"collection":[{"href":"https:\/\/hookahshop.lt\/lv\/wp-json\/wp\/v2\/product"}],"about":[{"href":"https:\/\/hookahshop.lt\/lv\/wp-json\/wp\/v2\/types\/product"}],"replies":[{"embeddable":true,"href":"https:\/\/hookahshop.lt\/lv\/wp-json\/wp\/v2\/comments?post=21068"}],"version-history":[{"count":3,"href":"https:\/\/hookahshop.lt\/lv\/wp-json\/wp\/v2\/product\/21068\/revisions"}],"predecessor-version":[{"id":44538,"href":"https:\/\/hookahshop.lt\/lv\/wp-json\/wp\/v2\/product\/21068\/revisions\/44538"}],"wp:featuredmedia":[{"embeddable":true,"href":"https:\/\/hookahshop.lt\/lv\/wp-json\/wp\/v2\/media\/21751"}],"wp:attachment":[{"href":"https:\/\/hookahshop.lt\/lv\/wp-json\/wp\/v2\/media?parent=21068"}],"curies":[{"name":"wp","href":"https:\/\/api.w.org\/{rel}","templated":true}]}}