{"id":21077,"date":"2021-03-31T18:38:56","date_gmt":"2021-03-31T15:38:56","guid":{"rendered":"https:\/\/hookahshop.lt\/?post_type=product&#038;p=21077"},"modified":"2026-04-15T23:29:12","modified_gmt":"2026-04-15T20:29:12","slug":"taurele-kaljanui-moon-phunnel-black","status":"publish","type":"product","link":"https:\/\/hookahshop.lt\/lv\/produkt\/udenspipe-cup-moon-phunnel-melns\/","title":{"rendered":"Kauss \u016bdensp\u012bpei MOON Phunnel Black"},"content":{"rendered":"<h2>Kauss \u016bdensp\u012bpei MOON Phunnel Black<\/h2>\n<p>Roku darbs, izcils izpild\u012bjums, izgatavots no augstas kvalit\u0101tes m\u0101la, glaz\u0113ta kauss. Tie ir ra\u017eoti Krievij\u0101, tirg\u016b ir jauni, un pie tiem str\u0101d\u0101ja tie pa\u0161i cilv\u0113ki, kas iesaist\u012bti Oblaka kr\u016bz\u012b\u0161u izveid\u0113. Augstas kvalit\u0101tes m\u0101ls un glaz\u016bra ir ide\u0101la kombin\u0101cija.<br \/>\nTauta ir piem\u0113rota gan tum\u0161ajai, gan gai\u0161ajai tabakai.<br \/>\nKr\u016bz\u012btes ietilp\u012bba ir aptuveni 15 g (atkar\u012bb\u0101 no izmantot\u0101s iepako\u0161anas metodes).<\/p>\n<p>Tabakas sadal\u012b\u0161anai kr\u016bz\u0113 ir piestiprin\u0101ta koka dak\u0161a.<\/p>\n<p><strong>Raksturojums:<\/strong><br \/>\nMateri\u0101ls: m\u0101ls<br \/>\nAugstums: ~ 12 cm<br \/>\nPlatums: ~ 7,8 cm<br \/>\nTilpums: ~ 1,3 cm<br \/>\nIzcelsmes valsts: Krievija<\/p>\n<p>Vai jums ir k\u0101di jaut\u0101jumi? Sazinies ar mums\u00a0<a href=\"https:\/\/hookahshop.lt\/lv\/kontaktiem\/\">kontaktu lapa<\/a>\u00a0vai rakstiet mums pa e-pastu\u00a0<a href=\"https:\/\/facebook.com\/HookahShop.lt\/\" target=\"_blank\" rel=\"noopener noreferrer\">Facebook konts<\/a>\u00a0un m\u0113s atbild\u0113sim uz j\u016bsu piepras\u012bjumu taj\u0101 pa\u0161\u0101 dien\u0101.<\/p>","protected":false},"excerpt":{"rendered":"<p>\u016adensp\u012bpes b\u013codi\u0146a MOON Phunnel Black. Roku darbs, izcila meistar\u012bba, izgatavota no augstas kvalit\u0101tes m\u0101la, glaz\u0113ta b\u013codi\u0146a. Jaunums tirg\u016b, ra\u017eots Krievij\u0101, pie t\u0101m str\u0101d\u0101ju\u0161i tie pa\u0161i cilv\u0113ki, kas iesaist\u012bti Oblak b\u013codi\u0146u rad\u012b\u0161an\u0101. Augstas kvalit\u0101tes m\u0101ls un glaz\u016bra ir lieliska kombin\u0101cija. B\u013codi\u0146a ir piem\u0113rota gan tum\u0161ai, gan gai\u0161ai tabakai. B\u013codi\u0146as tilpums ir aptuveni 15 g (atkar\u012bb\u0101 no izmantot\u0101 iepakojuma materi\u0101la).<\/p>","protected":false},"featured_media":21598,"comment_status":"open","ping_status":"closed","template":"","meta":[],"_links":{"self":[{"href":"https:\/\/hookahshop.lt\/lv\/wp-json\/wp\/v2\/product\/21077"}],"collection":[{"href":"https:\/\/hookahshop.lt\/lv\/wp-json\/wp\/v2\/product"}],"about":[{"href":"https:\/\/hookahshop.lt\/lv\/wp-json\/wp\/v2\/types\/product"}],"replies":[{"embeddable":true,"href":"https:\/\/hookahshop.lt\/lv\/wp-json\/wp\/v2\/comments?post=21077"}],"version-history":[{"count":8,"href":"https:\/\/hookahshop.lt\/lv\/wp-json\/wp\/v2\/product\/21077\/revisions"}],"predecessor-version":[{"id":27178,"href":"https:\/\/hookahshop.lt\/lv\/wp-json\/wp\/v2\/product\/21077\/revisions\/27178"}],"wp:featuredmedia":[{"embeddable":true,"href":"https:\/\/hookahshop.lt\/lv\/wp-json\/wp\/v2\/media\/21598"}],"wp:attachment":[{"href":"https:\/\/hookahshop.lt\/lv\/wp-json\/wp\/v2\/media?parent=21077"}],"curies":[{"name":"wp","href":"https:\/\/api.w.org\/{rel}","templated":true}]}}