{"id":21090,"date":"2021-03-31T19:06:14","date_gmt":"2021-03-31T16:06:14","guid":{"rendered":"https:\/\/hookahshop.lt\/?post_type=product&#038;p=21090"},"modified":"2026-04-18T23:28:35","modified_gmt":"2026-04-18T20:28:35","slug":"aliuminio-folija-kaljano-taurelems","status":"publish","type":"product","link":"https:\/\/hookahshop.lt\/lv\/produkt\/aluminija-folija-udenspipes-kruzem\/","title":{"rendered":"Alum\u012bnija folija \u016bdensp\u012bpes kausiem"},"content":{"rendered":"<h2>Alum\u012bnija folija \u016bdensp\u012bpes kausiem<\/h2>\n<p>Lieto\u0161anai gatava augst\u0101k\u0101s kvalit\u0101tes alum\u012bnija folija. \u012apa\u0161i viegli lietojams. Vienk\u0101r\u0161i p\u0101rlokiet pild\u012bto t\u016bbi\u0146u, salokiet malas, izduriet caurumus un uzlieciet virs\u016b ogles. Platums: 12 cm, Biezums: 40 mikroni.<\/p>\n<p>Vai jums ir k\u0101di jaut\u0101jumi? Sazinies ar mums\u00a0<a href=\"https:\/\/hookahshop.lt\/lv\/kontaktiem\/\">kontaktu lapa<\/a>\u00a0vai rakstiet mums pa e-pastu\u00a0<a href=\"https:\/\/facebook.com\/HookahShop.lt\/\" target=\"_blank\" rel=\"noopener noreferrer\">Facebook konts<\/a>\u00a0un m\u0113s atbild\u0113sim uz j\u016bsu piepras\u012bjumu taj\u0101 pa\u0161\u0101 dien\u0101.<\/p>","protected":false},"excerpt":{"rendered":"<p>Alum\u012bnija folija \u016bdensp\u012bpes kr\u016bz\u0113m Lieto\u0161anai gatava augst\u0101k\u0101s kvalit\u0101tes alum\u012bnija folija. \u012apa\u0161i viegli lietojams. Vienk\u0101r\u0161i p\u0101rlokiet pild\u012bto t\u016bbi\u0146u, salokiet malas, izduriet caurumus un uzlieciet virs\u016b ogles. Platums: 12 cm, Biezums: 40 mikroni. Vai jums ir k\u0101di jaut\u0101jumi? Sazinieties ar mums kontaktu lap\u0101 vai rakstiet mums uz m\u016bsu Facebook kontu un m\u0113s atbild\u0113sim uz j\u016bsu piepras\u012bjumu taj\u0101 pa\u0161\u0101 dien\u0101.<\/p>","protected":false},"featured_media":21699,"comment_status":"open","ping_status":"closed","template":"","meta":[],"_links":{"self":[{"href":"https:\/\/hookahshop.lt\/lv\/wp-json\/wp\/v2\/product\/21090"}],"collection":[{"href":"https:\/\/hookahshop.lt\/lv\/wp-json\/wp\/v2\/product"}],"about":[{"href":"https:\/\/hookahshop.lt\/lv\/wp-json\/wp\/v2\/types\/product"}],"replies":[{"embeddable":true,"href":"https:\/\/hookahshop.lt\/lv\/wp-json\/wp\/v2\/comments?post=21090"}],"version-history":[{"count":6,"href":"https:\/\/hookahshop.lt\/lv\/wp-json\/wp\/v2\/product\/21090\/revisions"}],"predecessor-version":[{"id":34661,"href":"https:\/\/hookahshop.lt\/lv\/wp-json\/wp\/v2\/product\/21090\/revisions\/34661"}],"wp:featuredmedia":[{"embeddable":true,"href":"https:\/\/hookahshop.lt\/lv\/wp-json\/wp\/v2\/media\/21699"}],"wp:attachment":[{"href":"https:\/\/hookahshop.lt\/lv\/wp-json\/wp\/v2\/media?parent=21090"}],"curies":[{"name":"wp","href":"https:\/\/api.w.org\/{rel}","templated":true}]}}