{"id":21133,"date":"2021-04-03T01:06:46","date_gmt":"2021-04-02T22:06:46","guid":{"rendered":"https:\/\/hookahshop.lt\/?post_type=product&#038;p=21133"},"modified":"2026-04-17T23:29:10","modified_gmt":"2026-04-17T20:29:10","slug":"individualus-kaljano-kandiklis-mun-space","status":"publish","type":"product","link":"https:\/\/hookahshop.lt\/lv\/produkt\/pasutijuma-udenspipes-iemuti-mun-space\/","title":{"rendered":"Atsevi\u0161\u0137s \u016bdensp\u012bpes iemutnis MUN Space"},"content":{"rendered":"<h2>INDIVIDU\u0100LA \u016bdensp\u012bpes MUTE MUN TELPA<\/h2>\n<p>\u016adensp\u012bpes iemutnis, kas izstaro grezn\u012bbu un est\u0113tiku, ir izgatavots no dab\u012bg\u0101 koka. Komplekt\u0101 ir lente uz kakla ar z\u012bmola logotipu un kast\u012bte.<\/p>\n<p>Vai jums ir k\u0101di jaut\u0101jumi? Sazinies ar mums\u00a0<a href=\"https:\/\/hookahshop.lt\/lv\/kontaktiem\/\">kontaktu lapa<\/a>\u00a0vai rakstiet mums pa e-pastu\u00a0<a href=\"https:\/\/facebook.com\/HookahShop.lt\/\" target=\"_blank\" rel=\"noopener noreferrer\">Facebook konts<\/a>\u00a0un m\u0113s atbild\u0113sim uz j\u016bsu piepras\u012bjumu taj\u0101 pa\u0161\u0101 dien\u0101.<\/p>","protected":false},"excerpt":{"rendered":"<p>INDIVIDU\u0100LS \u016aP\u012aPES MUTI\u0145\u0160 MUN SPACE Grezns un est\u0113tiski pievilc\u012bgs \u016bdensp\u012bpes mut\u012btis, kas izgatavots no dab\u012bga koka. Komplekt\u0101 ietilpst kakla siksni\u0146a ar firmas logotipu un kast\u012bte. Vai jums ir k\u0101di jaut\u0101jumi? Sazinieties ar mums kontaktlap\u0101 vai rakstiet mums Facebook, un m\u0113s atbild\u0113sim uz j\u016bsu piepras\u012bjumu taj\u0101 pa\u0161\u0101 dien\u0101.<\/p>","protected":false},"featured_media":21155,"comment_status":"open","ping_status":"closed","template":"","meta":[],"_links":{"self":[{"href":"https:\/\/hookahshop.lt\/lv\/wp-json\/wp\/v2\/product\/21133"}],"collection":[{"href":"https:\/\/hookahshop.lt\/lv\/wp-json\/wp\/v2\/product"}],"about":[{"href":"https:\/\/hookahshop.lt\/lv\/wp-json\/wp\/v2\/types\/product"}],"replies":[{"embeddable":true,"href":"https:\/\/hookahshop.lt\/lv\/wp-json\/wp\/v2\/comments?post=21133"}],"version-history":[{"count":2,"href":"https:\/\/hookahshop.lt\/lv\/wp-json\/wp\/v2\/product\/21133\/revisions"}],"predecessor-version":[{"id":21152,"href":"https:\/\/hookahshop.lt\/lv\/wp-json\/wp\/v2\/product\/21133\/revisions\/21152"}],"wp:featuredmedia":[{"embeddable":true,"href":"https:\/\/hookahshop.lt\/lv\/wp-json\/wp\/v2\/media\/21155"}],"wp:attachment":[{"href":"https:\/\/hookahshop.lt\/lv\/wp-json\/wp\/v2\/media?parent=21133"}],"curies":[{"name":"wp","href":"https:\/\/api.w.org\/{rel}","templated":true}]}}