{"id":21138,"date":"2021-04-03T01:16:53","date_gmt":"2021-04-02T22:16:53","guid":{"rendered":"https:\/\/hookahshop.lt\/?post_type=product&#038;p=21138"},"modified":"2026-04-18T23:28:37","modified_gmt":"2026-04-18T20:28:37","slug":"individualus-kaljano-kandiklis-mun-light-green","status":"publish","type":"product","link":"https:\/\/hookahshop.lt\/lv\/produkt\/pasutijuma-udenspipe-iemuti-mun-gaisi-zals\/","title":{"rendered":"Atsevi\u0161\u0137s \u016bdensp\u012bpes iemutnis MUN Gai\u0161i za\u013c\u0161"},"content":{"rendered":"<h2>Atsevi\u0161\u0137s \u016bdensp\u012bpes iemutnis MUN Gai\u0161i za\u013c\u0161<\/h2>\n<p>\u016adensp\u012bpes iemutnis, kas izstaro grezn\u012bbu un est\u0113tiku, ir izgatavots no dab\u012bg\u0101 koka. Komplekt\u0101 ir lente uz kakla ar z\u012bmola logotipu un kast\u012bte.<\/p>\n<p>Vai jums ir k\u0101di jaut\u0101jumi? Sazinies ar mums\u00a0<a href=\"https:\/\/hookahshop.lt\/lv\/kontaktiem\/\">kontaktu lapa<\/a>\u00a0vai rakstiet mums pa e-pastu\u00a0<a href=\"https:\/\/facebook.com\/HookahShop.lt\/\" target=\"_blank\" rel=\"noopener noreferrer\">Facebook konts<\/a>\u00a0un m\u0113s atbild\u0113sim uz j\u016bsu piepras\u012bjumu taj\u0101 pa\u0161\u0101 dien\u0101.<\/p>","protected":false},"excerpt":{"rendered":"<p>Individu\u0101ls \u016bdensp\u012bpes iemuts MUN Gai\u0161i za\u013c\u0161 Luksusa un est\u0113tiska \u016bdensp\u012bpes iemuti ir izgatavoti no dab\u012bga koka. Komplekt\u0101 ar z\u012bmola kakla siksnu un kast\u012bti. Vai jums ir k\u0101di jaut\u0101jumi? Sazinieties ar mums kontaktu lap\u0101 vai rakstiet mums uz m\u016bsu Facebook kontu un m\u0113s atbild\u0113sim uz j\u016bsu piepras\u012bjumu taj\u0101 pa\u0161\u0101 dien\u0101.<\/p>","protected":false},"featured_media":21151,"comment_status":"open","ping_status":"closed","template":"","meta":[],"_links":{"self":[{"href":"https:\/\/hookahshop.lt\/lv\/wp-json\/wp\/v2\/product\/21138"}],"collection":[{"href":"https:\/\/hookahshop.lt\/lv\/wp-json\/wp\/v2\/product"}],"about":[{"href":"https:\/\/hookahshop.lt\/lv\/wp-json\/wp\/v2\/types\/product"}],"replies":[{"embeddable":true,"href":"https:\/\/hookahshop.lt\/lv\/wp-json\/wp\/v2\/comments?post=21138"}],"version-history":[{"count":4,"href":"https:\/\/hookahshop.lt\/lv\/wp-json\/wp\/v2\/product\/21138\/revisions"}],"predecessor-version":[{"id":30454,"href":"https:\/\/hookahshop.lt\/lv\/wp-json\/wp\/v2\/product\/21138\/revisions\/30454"}],"wp:featuredmedia":[{"embeddable":true,"href":"https:\/\/hookahshop.lt\/lv\/wp-json\/wp\/v2\/media\/21151"}],"wp:attachment":[{"href":"https:\/\/hookahshop.lt\/lv\/wp-json\/wp\/v2\/media?parent=21138"}],"curies":[{"name":"wp","href":"https:\/\/api.w.org\/{rel}","templated":true}]}}