{"id":21158,"date":"2021-04-03T17:07:51","date_gmt":"2021-04-03T14:07:51","guid":{"rendered":"https:\/\/hookahshop.lt\/?post_type=product&#038;p=21158"},"modified":"2026-04-17T23:29:30","modified_gmt":"2026-04-17T20:29:30","slug":"kolba-kaljanui-ocean-hookah-cross-cut","status":"publish","type":"product","link":"https:\/\/hookahshop.lt\/lv\/produkt\/kolba-for-udenspipe-okeana-udenspipe-cross-cut\/","title":{"rendered":"Kolba plikam OCEAN HOOKAH Cross Cut"},"content":{"rendered":"<h2>Kolba bija kaila OCEAN Hookah Cross Cut<\/h2>\n<p>Kolba ir ra\u017eota \u010cehij\u0101 un ir izgatavota no \u012bsta Boh\u0113mijas krist\u0101lstikla.<\/p>\n<p><strong>Izm\u0113ri:<\/strong><br \/>\nAugstums: apm\u0113ram 24 cm<br \/>\nLiel\u0101kais b\u013codas diametrs: apm\u0113ram 16 cm<br \/>\nIegur\u0146a kakla diametrs: apm\u0113ram 8 cm<br \/>\nB\u013codas kakli\u0146a iek\u0161\u0113jais diametrs: apm\u0113ram 4,5 cm<\/p>\n<p>Vai jums ir k\u0101di jaut\u0101jumi? Sazinies ar mums\u00a0<a href=\"https:\/\/hookahshop.lt\/lv\/kontaktiem\/\">kontaktu lapa<\/a>\u00a0vai rakstiet mums pa e-pastu\u00a0<a href=\"https:\/\/facebook.com\/HookahShop.lt\/\" target=\"_blank\" rel=\"noopener noreferrer\">Facebook konts<\/a>\u00a0un m\u0113s atbild\u0113sim uz j\u016bsu piepras\u012bjumu taj\u0101 pa\u0161\u0101 dien\u0101.<\/p>","protected":false},"excerpt":{"rendered":"<p>\u016adensp\u012bpes kolba OCEAN Hookah Cross Cut Kolba ra\u017eota uz\u0146\u0113mum\u0101 \u010cehij\u0101, t\u0101 ir izgatavota no \u012bsta boh\u0113miska krist\u0101lstikla. Izm\u0113ri: Augstums: aptuveni 24 cm B\u013codas kakli\u0146a diametrs: apm. 8 cm. K\u0101di jaut\u0101jumi? Sazinieties ar mums kontaktu lap\u0101 vai rakstiet mums uz m\u016bsu Facebook kontu un m\u0113s atbild\u0113sim uz j\u016bsu [\u2026]<\/p>","protected":false},"featured_media":22175,"comment_status":"open","ping_status":"closed","template":"","meta":[],"_links":{"self":[{"href":"https:\/\/hookahshop.lt\/lv\/wp-json\/wp\/v2\/product\/21158"}],"collection":[{"href":"https:\/\/hookahshop.lt\/lv\/wp-json\/wp\/v2\/product"}],"about":[{"href":"https:\/\/hookahshop.lt\/lv\/wp-json\/wp\/v2\/types\/product"}],"replies":[{"embeddable":true,"href":"https:\/\/hookahshop.lt\/lv\/wp-json\/wp\/v2\/comments?post=21158"}],"version-history":[{"count":3,"href":"https:\/\/hookahshop.lt\/lv\/wp-json\/wp\/v2\/product\/21158\/revisions"}],"predecessor-version":[{"id":25685,"href":"https:\/\/hookahshop.lt\/lv\/wp-json\/wp\/v2\/product\/21158\/revisions\/25685"}],"wp:featuredmedia":[{"embeddable":true,"href":"https:\/\/hookahshop.lt\/lv\/wp-json\/wp\/v2\/media\/22175"}],"wp:attachment":[{"href":"https:\/\/hookahshop.lt\/lv\/wp-json\/wp\/v2\/media?parent=21158"}],"curies":[{"name":"wp","href":"https:\/\/api.w.org\/{rel}","templated":true}]}}