{"id":21194,"date":"2021-04-03T18:00:35","date_gmt":"2021-04-03T15:00:35","guid":{"rendered":"https:\/\/hookahshop.lt\/?post_type=product&#038;p=21194"},"modified":"2026-04-19T23:29:12","modified_gmt":"2026-04-19T20:29:12","slug":"kolba-kaljanui-hoob-cube-mini","status":"publish","type":"product","link":"https:\/\/hookahshop.lt\/lv\/produkt\/kolba-for-udenspipe-hob-cube-mini\/","title":{"rendered":"Kolba \u0101\u0137im HOOB Cube Mini"},"content":{"rendered":"<h2>Kolba \u0101\u0137im HOOB Cube Mini<\/h2>\n<p>Akrila \u016bdensp\u012bpes kolba SubAtom \u016bdensp\u012bpei ar k\u0101ta un pamatnes magn\u0113tisku savienojumu.<\/p>\n<p><strong>Specifik\u0101cija:<\/strong><\/p>\n<p id=\"tw-target-text\" class=\"tw-data-text tw-text-large XcVN5d tw-ta\" dir=\"ltr\" data-placeholder=\"Vertimas\">Dzidrs organiskais stikls<br \/>\nHoob magn\u0113tiskais savienot\u0101js<br \/>\nTriecieniztur\u012bgs<br \/>\nAugstums - 10 cm<\/p>\n<p dir=\"ltr\" data-placeholder=\"Vertimas\">Vai jums ir k\u0101di jaut\u0101jumi? Sazinies ar mums\u00a0<a href=\"https:\/\/hookahshop.lt\/lv\/kontaktiem\/\">kontaktu lapa<\/a>\u00a0vai rakstiet mums pa e-pastu\u00a0<a href=\"https:\/\/facebook.com\/HookahShop.lt\/\" target=\"_blank\" rel=\"noopener noreferrer\">Facebook konts<\/a>\u00a0un m\u0113s atbild\u0113sim uz j\u016bsu piepras\u012bjumu taj\u0101 pa\u0161\u0101 dien\u0101.<\/p>","protected":false},"excerpt":{"rendered":"<p>\u016adensp\u012bpes kolba HOOB Cube Mini Akrila \u016bdensp\u012bpes kolba SubAtom \u016bdensp\u012bpei ar magn\u0113tisku k\u0101tu un pamatnes savienojumu. Specifik\u0101cija: Caursp\u012bd\u012bgs organiskais stikls Hoobo magn\u0113tiskais savienojums Triecieniztur\u012bgs augstums - 10 cm Vai ir k\u0101di jaut\u0101jumi? Sazinieties ar mums kontaktu lap\u0101 vai rakstiet mums uz m\u016bsu Facebook kontu un m\u0113s atbild\u0113sim uz j\u016bsu piepras\u012bjumu taj\u0101 pa\u0161\u0101 dien\u0101.<\/p>","protected":false},"featured_media":21750,"comment_status":"open","ping_status":"closed","template":"","meta":[],"_links":{"self":[{"href":"https:\/\/hookahshop.lt\/lv\/wp-json\/wp\/v2\/product\/21194"}],"collection":[{"href":"https:\/\/hookahshop.lt\/lv\/wp-json\/wp\/v2\/product"}],"about":[{"href":"https:\/\/hookahshop.lt\/lv\/wp-json\/wp\/v2\/types\/product"}],"replies":[{"embeddable":true,"href":"https:\/\/hookahshop.lt\/lv\/wp-json\/wp\/v2\/comments?post=21194"}],"version-history":[{"count":7,"href":"https:\/\/hookahshop.lt\/lv\/wp-json\/wp\/v2\/product\/21194\/revisions"}],"predecessor-version":[{"id":45133,"href":"https:\/\/hookahshop.lt\/lv\/wp-json\/wp\/v2\/product\/21194\/revisions\/45133"}],"wp:featuredmedia":[{"embeddable":true,"href":"https:\/\/hookahshop.lt\/lv\/wp-json\/wp\/v2\/media\/21750"}],"wp:attachment":[{"href":"https:\/\/hookahshop.lt\/lv\/wp-json\/wp\/v2\/media?parent=21194"}],"curies":[{"name":"wp","href":"https:\/\/api.w.org\/{rel}","templated":true}]}}