{"id":21199,"date":"2021-04-03T19:04:17","date_gmt":"2021-04-03T16:04:17","guid":{"rendered":"https:\/\/hookahshop.lt\/?post_type=product&#038;p=21199"},"modified":"2026-04-16T10:21:10","modified_gmt":"2026-04-16T07:21:10","slug":"kolba-kaljanui-ocean-hookah-tradi-bowl-cone-leaf-cut-amber","status":"publish","type":"product","link":"https:\/\/hookahshop.lt\/lv\/produkt\/kolba-udenspipe-okeans-udenspipe-tradi-bloda-konuss-lapa-griezts-amber\/","title":{"rendered":"Kolba kailiem OCEAN HOOKAH Tradi Bowl Cone Leaf Cut Amber"},"content":{"rendered":"<h2>Kolba uz kores OCEAN Hookah Tradi Bowl Conone Leaf Cut Amber<\/h2>\n<p>Kolba ir ra\u017eota \u010cehij\u0101 un ir izgatavota no divsl\u0101\u0146u kr\u0101saina Boh\u0113mijas svina krist\u0101la 24%. Iek\u0161\u0113jais sl\u0101nis ir izgatavots no caursp\u012bd\u012bga svina krist\u0101la, bet \u0101r\u0113jais sl\u0101nis ir izgatavots no kr\u0101saina svina krist\u0101la. Sl\u012bp\u0113jot rakstu, kapteinis iek\u013c\u016bst \u0101r\u0113j\u0101 sl\u0101n\u012b. T\u0101tad nav lakota stikla, kr\u0101su nevar nomazg\u0101t vai saskr\u0101p\u0113t.<\/p>\n<p><strong>Izm\u0113ri:<\/strong><br \/>\nAugstums: apm\u0113ram 24 cm<br \/>\nB\u013codas plat\u0101kais diametrs: apm\u0113ram 20 cm<br \/>\nIegur\u0146a kakla diametrs: apm\u0113ram 7,5 cm<br \/>\nB\u013codas kakli\u0146a iek\u0161\u0113jais diametrs: apm\u0113ram 4,5 cm<br \/>\nAptuvenais svars: 2800 g<\/p>\n<p>Vai jums ir k\u0101di jaut\u0101jumi? Sazinies ar mums\u00a0<a href=\"https:\/\/hookahshop.lt\/lv\/kontaktiem\/\">kontaktu lapa<\/a>\u00a0vai rakstiet mums pa e-pastu\u00a0<a href=\"https:\/\/facebook.com\/HookahShop.lt\/\" target=\"_blank\" rel=\"noopener noreferrer\">Facebook konts<\/a>\u00a0un m\u0113s atbild\u0113sim uz j\u016bsu piepras\u012bjumu taj\u0101 pa\u0161\u0101 dien\u0101.<\/p>","protected":false},"excerpt":{"rendered":"<p>\u016adensp\u012bpes b\u013codi\u0146a OCEAN Hookah Tradi b\u013codi\u0146a Konusa formas dzintars B\u013codi\u0146a ir ra\u017eota \u010cehijas Republik\u0101, t\u0101 ir izgatavota no diviem kr\u0101saina Boh\u0113mijas svina krist\u0101la 24% sl\u0101\u0146iem. Iek\u0161\u0113jais sl\u0101nis ir izgatavots no dzidra svina krist\u0101la, bet \u0101r\u0113jais sl\u0101nis ir izgatavots no kr\u0101saina svina krist\u0101la. Sl\u012bp\u0113jot rakstu, meistars iek\u013c\u016bst \u0101r\u0113j\u0101 sl\u0101n\u012b. T\u0101tad tas nav lakots stikls, kr\u0101su nevar nomazg\u0101t vai saskr\u0101p\u0113t. Izm\u0113ri: [\u2026]<\/p>","protected":false},"featured_media":22181,"comment_status":"open","ping_status":"closed","template":"","meta":[],"_links":{"self":[{"href":"https:\/\/hookahshop.lt\/lv\/wp-json\/wp\/v2\/product\/21199"}],"collection":[{"href":"https:\/\/hookahshop.lt\/lv\/wp-json\/wp\/v2\/product"}],"about":[{"href":"https:\/\/hookahshop.lt\/lv\/wp-json\/wp\/v2\/types\/product"}],"replies":[{"embeddable":true,"href":"https:\/\/hookahshop.lt\/lv\/wp-json\/wp\/v2\/comments?post=21199"}],"version-history":[{"count":3,"href":"https:\/\/hookahshop.lt\/lv\/wp-json\/wp\/v2\/product\/21199\/revisions"}],"predecessor-version":[{"id":25686,"href":"https:\/\/hookahshop.lt\/lv\/wp-json\/wp\/v2\/product\/21199\/revisions\/25686"}],"wp:featuredmedia":[{"embeddable":true,"href":"https:\/\/hookahshop.lt\/lv\/wp-json\/wp\/v2\/media\/22181"}],"wp:attachment":[{"href":"https:\/\/hookahshop.lt\/lv\/wp-json\/wp\/v2\/media?parent=21199"}],"curies":[{"name":"wp","href":"https:\/\/api.w.org\/{rel}","templated":true}]}}