{"id":21209,"date":"2021-04-03T19:18:58","date_gmt":"2021-04-03T16:18:58","guid":{"rendered":"https:\/\/hookahshop.lt\/?post_type=product&#038;p=21209"},"modified":"2026-04-15T23:29:05","modified_gmt":"2026-04-15T20:29:05","slug":"kolba-kaljanui-ocean-hookah-drop-cross-cut-tradi-silver-steck","status":"publish","type":"product","link":"https:\/\/hookahshop.lt\/lv\/produkt\/kolba-udenspipei-okeans-udenspipe-drop-cross-cut-tradi-sudrabs\/","title":{"rendered":"Kolba kailiem OCEAN HOOKAH Drop Cross Cut Tradi Silver Steck"},"content":{"rendered":"<h2>Kolba ar \u0101\u0137i OCEAN Hookah Drop Cross Cut Tradi Silver Steck<\/h2>\n<p>Kolba ir ra\u017eota \u010cehij\u0101 un ir izgatavota no \u012bsta Boh\u0113mijas krist\u0101lstikla.<\/p>\n<p><strong>Izm\u0113ri:<\/strong><br \/>\nAugstums: apm\u0113ram 24 cm<br \/>\nB\u013codas plat\u0101kais diametrs: apm\u0113ram 20 cm<br \/>\nIegur\u0146a kakla diametrs: apm\u0113ram 8 cm<br \/>\nB\u013codas kakli\u0146a iek\u0161\u0113jais diametrs: apm\u0113ram 4,5 cm<\/p>\n<p>Vai jums ir k\u0101di jaut\u0101jumi? Sazinies ar mums\u00a0<a href=\"https:\/\/hookahshop.lt\/lv\/kontaktiem\/\">kontaktu lapa<\/a>\u00a0vai rakstiet mums pa e-pastu\u00a0<a href=\"https:\/\/facebook.com\/HookahShop.lt\/\" target=\"_blank\" rel=\"noopener noreferrer\">Facebook konts<\/a>\u00a0un m\u0113s atbild\u0113sim uz j\u016bsu piepras\u012bjumu taj\u0101 pa\u0161\u0101 dien\u0101.<\/p>","protected":false},"excerpt":{"rendered":"<p>\u016adensp\u012bpes kolba OCEAN Hookah Drop Cross Cut Tradi Silver Steck Kolba ir ra\u017eota \u010cehij\u0101, t\u0101 ir izgatavota no \u012bsta boh\u0113miska krist\u0101la stikla. Izm\u0113ri: Augstums: apm. 24 cm B\u013codas kakli\u0146a diametrs: apm. 8 cm. K\u0101di jaut\u0101jumi? Sazinieties ar mums kontaktu lap\u0101 vai rakstiet mums Facebook [\u2026]<\/p>","protected":false},"featured_media":22179,"comment_status":"open","ping_status":"closed","template":"","meta":[],"_links":{"self":[{"href":"https:\/\/hookahshop.lt\/lv\/wp-json\/wp\/v2\/product\/21209"}],"collection":[{"href":"https:\/\/hookahshop.lt\/lv\/wp-json\/wp\/v2\/product"}],"about":[{"href":"https:\/\/hookahshop.lt\/lv\/wp-json\/wp\/v2\/types\/product"}],"replies":[{"embeddable":true,"href":"https:\/\/hookahshop.lt\/lv\/wp-json\/wp\/v2\/comments?post=21209"}],"version-history":[{"count":3,"href":"https:\/\/hookahshop.lt\/lv\/wp-json\/wp\/v2\/product\/21209\/revisions"}],"predecessor-version":[{"id":23064,"href":"https:\/\/hookahshop.lt\/lv\/wp-json\/wp\/v2\/product\/21209\/revisions\/23064"}],"wp:featuredmedia":[{"embeddable":true,"href":"https:\/\/hookahshop.lt\/lv\/wp-json\/wp\/v2\/media\/22179"}],"wp:attachment":[{"href":"https:\/\/hookahshop.lt\/lv\/wp-json\/wp\/v2\/media?parent=21209"}],"curies":[{"name":"wp","href":"https:\/\/api.w.org\/{rel}","templated":true}]}}