{"id":21311,"date":"2021-04-07T01:16:52","date_gmt":"2021-04-06T22:16:52","guid":{"rendered":"https:\/\/hookahshop.lt\/?post_type=product&#038;p=21311"},"modified":"2026-04-15T23:29:10","modified_gmt":"2026-04-15T20:29:10","slug":"taurele-kaljanui-element-relic","status":"publish","type":"product","link":"https:\/\/hookahshop.lt\/lv\/produkt\/kauss-udenspipe-elements-relikvija\/","title":{"rendered":"Kr\u016bz\u012bte \u016bdensp\u012bpe ELEMENT Relic"},"content":{"rendered":"<h2>Kr\u016bz\u012bte \u016bdensp\u012bpe ELEMENT Relic<\/h2>\n<p>Izveidojis slavenais krievu tabakas \u016bdensp\u012bpes ra\u017eot\u0101js Element, kas izgatavots no augstas kvalit\u0101tes v\u0101cu m\u0101la. \u0160\u012b kauss ir dekor\u0113ts turku form\u0101 ar zelta kr\u0101sas p\u0101rtikas glaz\u016bru. Univers\u0101la kr\u016bz\u012bte - lieliski piem\u0113rota gan gai\u0161ai, gan tum\u0161ai tabakai. Turcijas formas kauss ir paredz\u0113ts arom\u0101ta nodo\u0161anai un siltuma saglab\u0101\u0161anai.<\/p>\n<p>Specifik\u0101cija:<br \/>\n\u016adensp\u012bpes kausa tilpums: 15 g.<br \/>\nKausa forma: turku<br \/>\nMateri\u0101ls: M\u0101ls<br \/>\nRa\u017eot\u0101js: Werkbund<br \/>\nRa\u017eo\u0161anas valsts: V\u0101cija<\/p>\n<p>Vai jums ir k\u0101di jaut\u0101jumi? Sazinies ar mums\u00a0<a href=\"https:\/\/hookahshop.lt\/lv\/kontaktiem\/\">kontaktu lapa<\/a>\u00a0vai rakstiet mums pa e-pastu\u00a0<a href=\"https:\/\/facebook.com\/HookahShop.lt\/\" target=\"_blank\" rel=\"noopener noreferrer\">Facebook konts<\/a>\u00a0un m\u0113s atbild\u0113sim uz j\u016bsu piepras\u012bjumu taj\u0101 pa\u0161\u0101 dien\u0101.<\/p>\n<p>&nbsp;<\/p>\n<p>&nbsp;<\/p>","protected":false},"excerpt":{"rendered":"<p>\u016adensp\u012bpes kauss ELEMENT Relic Izstr\u0101d\u0101ts slaven\u0101 Krievijas tabakas \u016bdensp\u012bpes ra\u017eot\u0101ja Element, izgatavots no augstas kvalit\u0101tes v\u0101cu m\u0101la. \u0160\u012b turku formas kr\u016bze ir dekor\u0113ta ar zeltainu \u0113damo glaz\u016bru. Univers\u0101la kr\u016bz\u012bte - lieliski piem\u0113rota gan gai\u0161ai, gan tum\u0161ai tabakai. Turku formas kr\u016bze ir izstr\u0101d\u0101ta, lai nodotu gar\u0161u un saglab\u0101tu siltumu. Specifik\u0101cija: \u016adensp\u012bpes kr\u016bzes tilpums: 15 g. Kr\u016bzes forma: turku Materi\u0101ls: [\u2026]<\/p>","protected":false},"featured_media":21312,"comment_status":"open","ping_status":"closed","template":"","meta":[],"_links":{"self":[{"href":"https:\/\/hookahshop.lt\/lv\/wp-json\/wp\/v2\/product\/21311"}],"collection":[{"href":"https:\/\/hookahshop.lt\/lv\/wp-json\/wp\/v2\/product"}],"about":[{"href":"https:\/\/hookahshop.lt\/lv\/wp-json\/wp\/v2\/types\/product"}],"replies":[{"embeddable":true,"href":"https:\/\/hookahshop.lt\/lv\/wp-json\/wp\/v2\/comments?post=21311"}],"version-history":[{"count":5,"href":"https:\/\/hookahshop.lt\/lv\/wp-json\/wp\/v2\/product\/21311\/revisions"}],"predecessor-version":[{"id":29614,"href":"https:\/\/hookahshop.lt\/lv\/wp-json\/wp\/v2\/product\/21311\/revisions\/29614"}],"wp:featuredmedia":[{"embeddable":true,"href":"https:\/\/hookahshop.lt\/lv\/wp-json\/wp\/v2\/media\/21312"}],"wp:attachment":[{"href":"https:\/\/hookahshop.lt\/lv\/wp-json\/wp\/v2\/media?parent=21311"}],"curies":[{"name":"wp","href":"https:\/\/api.w.org\/{rel}","templated":true}]}}