{"id":21390,"date":"2021-04-12T14:55:08","date_gmt":"2021-04-12T11:55:08","guid":{"rendered":"https:\/\/hookahshop.lt\/?post_type=product&#038;p=21390"},"modified":"2026-04-10T12:51:26","modified_gmt":"2026-04-10T09:51:26","slug":"karscio-kamera-zeppelin-in-da-clouds-black-matt","status":"publish","type":"product","link":"https:\/\/hookahshop.lt\/lv\/produkt\/siltuma-kamera-cepelins-da-makonos-melns-matets\/","title":{"rendered":"Karst\u0101 kamera ZEPPELIN Da M\u0101ko\u0146os Melns Mat\u0113ts"},"content":{"rendered":"<h2>Karst\u0101 kamera ZEPPELIN Da M\u0101ko\u0146os Melns Mat\u0113ts<\/h2>\n<p>Siltuma kameru tirg\u016b jaunums Zeppelin siltuma kameru ra\u017eo Zidclouds Russia.<br \/>\n\u0160\u012b alum\u012bniju un tit\u0101nu p\u0101rkl\u0101t\u0101 Zeppelin siltuma kamera ir ne tikai dro\u0161a un \u0113rta lieto\u0161an\u0101, bet ar\u012b br\u012bni\u0161\u0137\u012bgs m\u0101kslas darbs j\u016bsu iecien\u012bt\u0101k\u0101s kr\u016bzes dekor\u0113\u0161anai.<\/p>\n<p>Tr\u012bs 26mm ogles viegli iek\u013causies \u0161aj\u0101 siltuma kamer\u0101 un \u013caus uztur\u0113t v\u0113lamo un stabilu temperat\u016bru.<\/p>\n<p><strong>Specifik\u0101cija<\/strong><br \/>\nKr\u0101sa: melna (mat\u0113ta)<br \/>\nMateri\u0101ls: Alum\u012bnijs<br \/>\nDiametrs: 7,6 cm<br \/>\nOglek\u013ca uzglab\u0101\u0161anas diametrs: 6,8 cm<br \/>\nValsts: Krievija<\/p>\n<p>Vai jums ir k\u0101di jaut\u0101jumi? Sazinies ar mums\u00a0<a href=\"https:\/\/hookahshop.lt\/lv\/kontaktiem\/\">kontaktu lapa<\/a>\u00a0vai rakstiet mums pa e-pastu\u00a0<a href=\"https:\/\/facebook.com\/HookahShop.lt\/\" target=\"_blank\" rel=\"noopener noreferrer\">Facebook konts<\/a>\u00a0un m\u0113s atbild\u0113sim uz j\u016bsu piepras\u012bjumu taj\u0101 pa\u0161\u0101 dien\u0101.<\/p>","protected":false},"excerpt":{"rendered":"<p>Termisk\u0101 kamera ZEPPELIN In Da Clouds Black Matt Jaunums termokameru tirg\u016b, Zeppelin termokamera ir ra\u017eota Zidclouds Krievij\u0101. \u0160\u012b alum\u012bniju un tit\u0101nu p\u0101rkl\u0101t\u0101 Zeppelin siltuma kamera ir ne tikai dro\u0161a un \u0113rta lieto\u0161an\u0101, bet ar\u012b br\u012bni\u0161\u0137\u012bgs m\u0101kslas darbs j\u016bsu iecien\u012bt\u0101k\u0101s kr\u016bzes dekor\u0113\u0161anai. Tr\u012bs 26 mm ogles viegli ieder\u0113sies \u0161aj\u0101 siltuma kamer\u0101 [\u2026]<\/p>","protected":false},"featured_media":21396,"comment_status":"open","ping_status":"closed","template":"","meta":[],"_links":{"self":[{"href":"https:\/\/hookahshop.lt\/lv\/wp-json\/wp\/v2\/product\/21390"}],"collection":[{"href":"https:\/\/hookahshop.lt\/lv\/wp-json\/wp\/v2\/product"}],"about":[{"href":"https:\/\/hookahshop.lt\/lv\/wp-json\/wp\/v2\/types\/product"}],"replies":[{"embeddable":true,"href":"https:\/\/hookahshop.lt\/lv\/wp-json\/wp\/v2\/comments?post=21390"}],"version-history":[{"count":4,"href":"https:\/\/hookahshop.lt\/lv\/wp-json\/wp\/v2\/product\/21390\/revisions"}],"predecessor-version":[{"id":32026,"href":"https:\/\/hookahshop.lt\/lv\/wp-json\/wp\/v2\/product\/21390\/revisions\/32026"}],"wp:featuredmedia":[{"embeddable":true,"href":"https:\/\/hookahshop.lt\/lv\/wp-json\/wp\/v2\/media\/21396"}],"wp:attachment":[{"href":"https:\/\/hookahshop.lt\/lv\/wp-json\/wp\/v2\/media?parent=21390"}],"curies":[{"name":"wp","href":"https:\/\/api.w.org\/{rel}","templated":true}]}}