{"id":21401,"date":"2021-04-12T15:44:17","date_gmt":"2021-04-12T12:44:17","guid":{"rendered":"https:\/\/hookahshop.lt\/?post_type=product&#038;p=21401"},"modified":"2026-05-13T23:29:11","modified_gmt":"2026-05-13T20:29:11","slug":"kaljano-anglies-laikiklis-aladin","status":"publish","type":"product","link":"https:\/\/hookahshop.lt\/lv\/produkt\/udenspipe-oglu-turetajs-aladins\/","title":{"rendered":"\u016adensp\u012bpes oglek\u013ca tur\u0113t\u0101js ALADIN"},"content":{"rendered":"<h2>\u016adensp\u012bpes oglek\u013ca tur\u0113t\u0101js ALADIN<\/h2>\n<p>Paredz\u0113ts og\u013cu dro\u0161ai uzglab\u0101\u0161anai vienuviet. Knaibles glab\u0101\u0161anai ir izveidots atsevi\u0161\u0137s nodal\u012bjums.<\/p>\n<p>Kr\u0101sa: Sudraba<br \/>\nMateri\u0101ls: ner\u016bs\u0113jo\u0161ais t\u0113rauds<br \/>\nAugstums: 40 cm<br \/>\nDiametrs: 15 cm<br \/>\nB\u013codas augstums: 15 cm<br \/>\nRa\u017eo\u0161anas valsts: \u0136\u012bna<\/p>\n<p>Vai jums ir k\u0101di jaut\u0101jumi? Sazinies ar mums\u00a0<a href=\"https:\/\/hookahshop.lt\/lv\/kontaktiem\/\">kontaktu lapa<\/a>\u00a0vai rakstiet mums pa e-pastu\u00a0<a href=\"https:\/\/facebook.com\/HookahShop.lt\/\" target=\"_blank\" rel=\"noopener noreferrer\">Facebook konts<\/a>\u00a0un m\u0113s atbild\u0113sim uz j\u016bsu piepras\u012bjumu taj\u0101 pa\u0161\u0101 dien\u0101.<\/p>","protected":false},"excerpt":{"rendered":"<p>\u016adensp\u012bpes og\u013cu tur\u0113t\u0101js ALADIN Paredz\u0113ts og\u013cu dro\u0161ai uzglab\u0101\u0161anai vienuviet. Knaibles glab\u0101\u0161anai ir izveidots atsevi\u0161\u0137s nodal\u012bjums. Kr\u0101sa: Sudraba Materi\u0101ls: Ner\u016bs\u0113jo\u0161ais t\u0113rauds Augstums: 40 cm Diametrs: 15 cm B\u013codas augstums: 15 cm Ra\u017eot\u0101jvalsts: \u0136\u012bna Vai ir k\u0101di jaut\u0101jumi? Sazinieties ar mums kontaktu lap\u0101 vai rakstiet mums uz m\u016bsu Facebook kontu un m\u0113s atbild\u0113sim uz j\u016bsu piepras\u012bjumu taj\u0101 pa\u0161\u0101 dien\u0101.<\/p>","protected":false},"featured_media":21402,"comment_status":"open","ping_status":"closed","template":"","meta":[],"_links":{"self":[{"href":"https:\/\/hookahshop.lt\/lv\/wp-json\/wp\/v2\/product\/21401"}],"collection":[{"href":"https:\/\/hookahshop.lt\/lv\/wp-json\/wp\/v2\/product"}],"about":[{"href":"https:\/\/hookahshop.lt\/lv\/wp-json\/wp\/v2\/types\/product"}],"replies":[{"embeddable":true,"href":"https:\/\/hookahshop.lt\/lv\/wp-json\/wp\/v2\/comments?post=21401"}],"version-history":[{"count":4,"href":"https:\/\/hookahshop.lt\/lv\/wp-json\/wp\/v2\/product\/21401\/revisions"}],"predecessor-version":[{"id":29609,"href":"https:\/\/hookahshop.lt\/lv\/wp-json\/wp\/v2\/product\/21401\/revisions\/29609"}],"wp:featuredmedia":[{"embeddable":true,"href":"https:\/\/hookahshop.lt\/lv\/wp-json\/wp\/v2\/media\/21402"}],"wp:attachment":[{"href":"https:\/\/hookahshop.lt\/lv\/wp-json\/wp\/v2\/media?parent=21401"}],"curies":[{"name":"wp","href":"https:\/\/api.w.org\/{rel}","templated":true}]}}