{"id":21426,"date":"2021-04-12T16:43:56","date_gmt":"2021-04-12T13:43:56","guid":{"rendered":"https:\/\/hookahshop.lt\/?post_type=product&#038;p=21426"},"modified":"2026-04-17T23:29:12","modified_gmt":"2026-04-17T20:29:12","slug":"kaljanas-aladin-mvp460-gastro-m1-rainbow","status":"publish","type":"product","link":"https:\/\/hookahshop.lt\/lv\/produkt\/udenspipe-aladin-mvp460-gastro-m1-varaviksne\/","title":{"rendered":"\u016adensp\u012bpe ALADIN MVP460 Gastro M1 Rainbow"},"content":{"rendered":"<h2>\u016adensp\u012bpe ALADIN MVP460 Gastro M1 Rainbow<\/h2>\n<p>\u016adensp\u012bpe ar saviem kvalitat\u012bvajiem materi\u0101liem atst\u0101j p\u0101rsteidzo\u0161us iespaidus. Kvalitat\u012bva meistar\u012bba un individu\u0101ls dizains neatst\u0101s j\u016bs vienaldz\u012bgus.<\/p>\n<p><strong>Specifik\u0101cija<\/strong><br \/>\nMateri\u0101ls: Anod\u0113ts ner\u016bs\u0113jo\u0161ais t\u0113rauds<br \/>\nKolba: V\u012bt\u0146ota<br \/>\nDif\u016bzija: j\u0101 (regul\u0113jams)<br \/>\nAugstums: 46 cm<br \/>\nra\u017eots \u0136\u012bn\u0101<\/p>\n<p><strong>Standarta komplekt\u0101 ietilpst:<\/strong><br \/>\nknaibles, m\u012bksta silikona \u0161\u013c\u016btene ar sprausl\u0101m, gl\u0101ze, skurstenis kr\u016bz\u012btei.<\/p>\n<p>Vai jums ir k\u0101di jaut\u0101jumi? Sazinies ar mums\u00a0<a href=\"https:\/\/hookahshop.lt\/lv\/kontaktiem\/\">kontaktu lapa<\/a>\u00a0vai rakstiet mums pa e-pastu\u00a0<a href=\"https:\/\/facebook.com\/HookahShop.lt\/\" target=\"_blank\" rel=\"noopener noreferrer\">Facebook konts<\/a>\u00a0un m\u0113s atbild\u0113sim uz j\u016bsu piepras\u012bjumu taj\u0101 pa\u0161\u0101 dien\u0101.<\/p>","protected":false},"excerpt":{"rendered":"<p>\u016adensp\u012bpe ALADIN MVP460 Gastro M1 Rainbow \u016adensp\u012bpe ar saviem kvalitat\u012bvajiem materi\u0101liem atst\u0101j br\u012bni\u0161\u0137\u012bgus iespaidus. Kvalitat\u012bvs izpild\u012bjums un individu\u0101ls dizains neatst\u0101s j\u016bs vienaldz\u012bgus. Specifik\u0101cija Materi\u0101ls: Anod\u0113ts ner\u016bs\u0113jo\u0161ais t\u0113rauds Kolba: V\u012bt\u0146ots difuzors: J\u0101 (regul\u0113jams) Augstums: 46 cm Izcelsmes valsts: \u0136\u012bna Standarta komplekt\u0101cij\u0101 ietilpst: knaibles, &quot;m\u012bksta&quot; silikona \u0161\u013c\u016btene ar sprausl\u0101m, kr\u016bze, &quot;deglis kr\u016bz\u012btei&quot;. Vai jums ir k\u0101di jaut\u0101jumi? Sazinieties ar mums kontaktu lap\u0101 vai [\u2026]<\/p>","protected":false},"featured_media":21427,"comment_status":"open","ping_status":"closed","template":"","meta":[],"_links":{"self":[{"href":"https:\/\/hookahshop.lt\/lv\/wp-json\/wp\/v2\/product\/21426"}],"collection":[{"href":"https:\/\/hookahshop.lt\/lv\/wp-json\/wp\/v2\/product"}],"about":[{"href":"https:\/\/hookahshop.lt\/lv\/wp-json\/wp\/v2\/types\/product"}],"replies":[{"embeddable":true,"href":"https:\/\/hookahshop.lt\/lv\/wp-json\/wp\/v2\/comments?post=21426"}],"version-history":[{"count":2,"href":"https:\/\/hookahshop.lt\/lv\/wp-json\/wp\/v2\/product\/21426\/revisions"}],"predecessor-version":[{"id":24478,"href":"https:\/\/hookahshop.lt\/lv\/wp-json\/wp\/v2\/product\/21426\/revisions\/24478"}],"wp:featuredmedia":[{"embeddable":true,"href":"https:\/\/hookahshop.lt\/lv\/wp-json\/wp\/v2\/media\/21427"}],"wp:attachment":[{"href":"https:\/\/hookahshop.lt\/lv\/wp-json\/wp\/v2\/media?parent=21426"}],"curies":[{"name":"wp","href":"https:\/\/api.w.org\/{rel}","templated":true}]}}