{"id":21533,"date":"2021-04-14T21:13:28","date_gmt":"2021-04-14T18:13:28","guid":{"rendered":"https:\/\/hookahshop.lt\/?post_type=product&#038;p=21533"},"modified":"2026-04-22T23:29:04","modified_gmt":"2026-04-22T20:29:04","slug":"kaljanas-na-grani-model-1","status":"publish","type":"product","link":"https:\/\/hookahshop.lt\/lv\/produkt\/udenspipes-na-grani-modelis-1\/","title":{"rendered":"\u016adensp\u012bpe NA GRANI 1. modelis"},"content":{"rendered":"<h2>\u016adensp\u012bpe NA GRANI 1. modelis<\/h2>\n<p>Augstas kvalit\u0101tes un minim\u0101lisma dizaina \u016bdensp\u012bpe piesaista uzman\u012bbu. Tiem, kam pat\u012bk kompaktas \u016bdensp\u012bpes, vai tiem, kas v\u0113las pa\u0146emt l\u012bdzi nelielu \u016bdensp\u012bpi \u0101r\u0101, \u0161is modelis ir lieliski piem\u0113rots, jo ir \u012bpa\u0161s ar to, ka t\u0101 k\u0101ta strukt\u016bra sast\u0101v no vair\u0101k\u0101m da\u013c\u0101m, kas \u013cauj main\u012bt k\u0101ta augstumu. \u0160\u012b \u016bdensp\u012bpe ir izgatavota no 100% ner\u016bs\u0113jo\u0161\u0101 t\u0113rauda AISI - 304, kas garant\u0113 \u016bdensp\u012bpes iztur\u012bbu un uzticam\u012bbu, atvieglo apkopi, uzglab\u0101\u0161anu un transport\u0113\u0161anu. \u016adensp\u012bpe piem\u0113rota gan vieglu d\u016bmu cien\u012bt\u0101jiem, jo tai ir difuzors, gan smag\u0101kiem, jo iesp\u0113jams noskr\u016bv\u0113t difuzoru. \u0160\u012b \u016bdensp\u012bpe ir piem\u0113rota ar\u012b \u016bdensp\u012bpes nozares jaunpien\u0101c\u0113jiem, jo \u016bdensp\u012bpes ak\u0101 tiek atz\u012bm\u0113ts \u016bdens l\u012bmenis, lai kolb\u0101 tiktu pievienots pareizais \u016bdens daudzums.<\/p>\n<p><strong>\u016adensp\u012bpe NA GRANI nav komplekt\u0101 ar kolbu. <\/strong>P\u0113c ra\u017eot\u0101ja dom\u0101m, katra gaume ir at\u0161\u0137ir\u012bga, t\u0101p\u0113c \u0161aj\u0101 viet\u0101 ir br\u012bv\u012bba izv\u0113l\u0113ties sev t\u012bkamo kolbu. Kolba ir univers\u0101la.<\/p>\n<p><strong>Specifik\u0101cija:<\/strong><br \/>\nVilce: klasisks un difuzors (atskr\u016bv\u0113jams difuzors)<br \/>\nV\u0101rpsta: ner\u016bs\u0113jo\u0161ais t\u0113rauds<br \/>\nP\u016btot \u016bdensp\u012bpes d\u016bmus: vertik\u0101li uz aug\u0161u.<br \/>\nRa\u017eo\u0161anas valsts: Krievija<\/p>\n<p><strong>Komplekt\u0101 ietilpst:<\/strong><br \/>\n-V\u0101rpsta (izv\u0113lama) no difuzora l\u012bdz starplikai kr\u016bz\u012btei 48,5cm<br \/>\n- Pl\u0101ksne 20 cm<br \/>\n- Difuzors (grie\u017eas, nav regul\u0113jams)<br \/>\n-Silikona \u0161\u013c\u016btene melna (m\u012bksts piesk\u0101riens) 1,5 m.<br \/>\n- Mutes uzgalis 28cm.<br \/>\n- Starplikas<br \/>\n-Koka kaste (soma)<\/p>\n<p>&nbsp;<\/p>\n<p>Vai jums ir k\u0101di jaut\u0101jumi? Sazinies ar mums\u00a0<a href=\"https:\/\/hookahshop.lt\/lv\/kontaktiem\/\">kontaktu lapa<\/a>\u00a0vai rakstiet mums pa e-pastu\u00a0<a href=\"https:\/\/facebook.com\/HookahShop.lt\/\" target=\"_blank\" rel=\"noopener noreferrer\">Facebook konts<\/a>\u00a0un m\u0113s atbild\u0113sim uz j\u016bsu piepras\u012bjumu taj\u0101 pa\u0161\u0101 dien\u0101.<\/p>","protected":false},"excerpt":{"rendered":"<p>\u016adensp\u012bpe NA GRANI Model 1 Augstas kvalit\u0101tes un minim\u0101lisma dizaina \u016bdensp\u012bpe piesaista uzman\u012bbu. Tiem, kam pat\u012bk kompaktas \u016bdensp\u012bpes, vai tiem, kas v\u0113las pa\u0146emt dab\u0101 nelielu \u016bdensp\u012bpi, \u0161is modelis ir lieliski piem\u0113rots, jo ir \u012bpa\u0161s ar to, ka t\u0101 k\u0101ta konstrukcija sast\u0101v no vair\u0101k\u0101m da\u013c\u0101m, kas \u013cauj main\u012bt k\u0101ta augstumu. \u0160\u012b \u016bdensp\u012bpe ir izgatavota no 100% ner\u016bs\u0113jo\u0161\u0101 t\u0113rauda AISI \u2013 304, t\u0101 [\u2026]<\/p>","protected":false},"featured_media":21542,"comment_status":"open","ping_status":"closed","template":"","meta":[],"_links":{"self":[{"href":"https:\/\/hookahshop.lt\/lv\/wp-json\/wp\/v2\/product\/21533"}],"collection":[{"href":"https:\/\/hookahshop.lt\/lv\/wp-json\/wp\/v2\/product"}],"about":[{"href":"https:\/\/hookahshop.lt\/lv\/wp-json\/wp\/v2\/types\/product"}],"replies":[{"embeddable":true,"href":"https:\/\/hookahshop.lt\/lv\/wp-json\/wp\/v2\/comments?post=21533"}],"version-history":[{"count":6,"href":"https:\/\/hookahshop.lt\/lv\/wp-json\/wp\/v2\/product\/21533\/revisions"}],"predecessor-version":[{"id":40351,"href":"https:\/\/hookahshop.lt\/lv\/wp-json\/wp\/v2\/product\/21533\/revisions\/40351"}],"wp:featuredmedia":[{"embeddable":true,"href":"https:\/\/hookahshop.lt\/lv\/wp-json\/wp\/v2\/media\/21542"}],"wp:attachment":[{"href":"https:\/\/hookahshop.lt\/lv\/wp-json\/wp\/v2\/media?parent=21533"}],"curies":[{"name":"wp","href":"https:\/\/api.w.org\/{rel}","templated":true}]}}