{"id":21865,"date":"2021-04-22T14:51:19","date_gmt":"2021-04-22T11:51:19","guid":{"rendered":"https:\/\/hookahshop.lt\/?post_type=product&#038;p=21865"},"modified":"2026-04-03T23:29:21","modified_gmt":"2026-04-03T20:29:21","slug":"kolba-kaljanui-aladin-alux-admiral-black","status":"publish","type":"product","link":"https:\/\/hookahshop.lt\/lv\/produkt\/kolba-for-udenspipe-aladin-alux-admiral-black\/","title":{"rendered":"\u0100\u0137is kolbai ar diegu ALADIN Alux Admiral Gold"},"content":{"rendered":"<h2>\u0100\u0137is kolbai ar diegu ALADIN Alux Admiral Gold<\/h2>\n<p>Kolba ar v\u012btni ir piem\u0113rota tikai ALADIN Alux \u016bdensp\u012bp\u0113m.<br \/>\nKr\u0101sa - zeltaina.<\/p>\n<p>Vai jums ir k\u0101di jaut\u0101jumi? Sazinies ar mums\u00a0<a href=\"https:\/\/hookahshop.lt\/lv\/kontaktiem\/\">kontaktu lapa<\/a>\u00a0vai rakstiet mums pa e-pastu\u00a0<a href=\"https:\/\/facebook.com\/HookahShop.lt\/\" target=\"_blank\" rel=\"noopener noreferrer\">Facebook konts<\/a>\u00a0un m\u0113s atbild\u0113sim uz j\u016bsu piepras\u012bjumu taj\u0101 pa\u0161\u0101 dien\u0101.<\/p>","protected":false},"excerpt":{"rendered":"<p>Kolba \u016bdensp\u012bpei ar v\u012btni ALADIN Alux Admiral Gold Flask ar v\u012btni ir piem\u0113rota tikai \u016bdensp\u012bpei ALADIN Alux. Kr\u0101sa ir zeltaina. Vai jums ir k\u0101di jaut\u0101jumi? Sazinieties ar mums kontaktu lap\u0101 vai rakstiet mums uz m\u016bsu Facebook kontu un m\u0113s atbild\u0113sim uz j\u016bsu piepras\u012bjumu taj\u0101 pa\u0161\u0101 dien\u0101.<\/p>","protected":false},"featured_media":21873,"comment_status":"open","ping_status":"closed","template":"","meta":[],"_links":{"self":[{"href":"https:\/\/hookahshop.lt\/lv\/wp-json\/wp\/v2\/product\/21865"}],"collection":[{"href":"https:\/\/hookahshop.lt\/lv\/wp-json\/wp\/v2\/product"}],"about":[{"href":"https:\/\/hookahshop.lt\/lv\/wp-json\/wp\/v2\/types\/product"}],"replies":[{"embeddable":true,"href":"https:\/\/hookahshop.lt\/lv\/wp-json\/wp\/v2\/comments?post=21865"}],"version-history":[{"count":6,"href":"https:\/\/hookahshop.lt\/lv\/wp-json\/wp\/v2\/product\/21865\/revisions"}],"predecessor-version":[{"id":42977,"href":"https:\/\/hookahshop.lt\/lv\/wp-json\/wp\/v2\/product\/21865\/revisions\/42977"}],"wp:featuredmedia":[{"embeddable":true,"href":"https:\/\/hookahshop.lt\/lv\/wp-json\/wp\/v2\/media\/21873"}],"wp:attachment":[{"href":"https:\/\/hookahshop.lt\/lv\/wp-json\/wp\/v2\/media?parent=21865"}],"curies":[{"name":"wp","href":"https:\/\/api.w.org\/{rel}","templated":true}]}}