{"id":21870,"date":"2021-04-22T15:14:05","date_gmt":"2021-04-22T12:14:05","guid":{"rendered":"https:\/\/hookahshop.lt\/?post_type=product&#038;p=21870"},"modified":"2026-04-14T23:28:56","modified_gmt":"2026-04-14T20:28:56","slug":"kaljanas-ocean-hookah-kaif-steel-blue-chrome","status":"publish","type":"product","link":"https:\/\/hookahshop.lt\/lv\/produkt\/udenspipe-okeans-udenspipe-kaif-terauds-zils-hroms\/","title":{"rendered":"\u016adensp\u012bpe OCEAN HOOKAH Kaif Steel Blue Chrome"},"content":{"rendered":"<h2>\u016adensp\u012bpe OCEAN \u016adensp\u012bpe Kaif t\u0113rauda zils hroms<\/h2>\n<p>Visas \u016bdensp\u012bpes met\u0101la da\u013cas ir izgatavotas no V2A ner\u016bs\u0113jo\u0161\u0101 t\u0113rauda. \u0160is Ocean k\u0101 parasti netika ra\u017eots V\u0101cij\u0101, bet kvalit\u0101tes kontroli nodro\u0161ina OCEAN GmbH.<\/p>\n<p><strong>Apr\u012bkojums:<\/strong><\/p>\n<p>Kausa bl\u012bve<br \/>\nKr\u016bzes adapteris<br \/>\nPl\u0101ksne<br \/>\nK\u0101ts ir izgatavots no akrila<br \/>\nPamatne ar vienu \u0161\u013c\u016btenes savienojumu<br \/>\nIegremd\u0113jam\u0101 caurule (v\u0101rpsta)<br \/>\nIzklied\u0113t\u0101js<br \/>\nMutes iemutnis ir izgatavots no akrila<br \/>\nMelna mat\u0113ta silikona \u0161\u013c\u016btene<br \/>\nKolba<br \/>\nKnaibles<\/p>\n<p><strong>Tehniskie dati:<\/strong><\/p>\n<p>Kop\u0113jais augstums: apm\u0113ram 58 cm<br \/>\nIegremd\u0113\u0161anas caurules garums ar difuzoru: aptuveni 20,5 cm<br \/>\nMutes garums: apm\u0113ram 35,5 cm<\/p>\n<p>Vai jums ir k\u0101di jaut\u0101jumi? Sazinies ar mums\u00a0<a href=\"https:\/\/hookahshop.lt\/lv\/kontaktiem\/\">kontaktu lapa<\/a>\u00a0vai rakstiet mums pa e-pastu\u00a0<a href=\"https:\/\/facebook.com\/HookahShop.lt\/\" target=\"_blank\" rel=\"noopener noreferrer\">Facebook konts<\/a>\u00a0un m\u0113s atbild\u0113sim uz j\u016bsu piepras\u012bjumu taj\u0101 pa\u0161\u0101 dien\u0101.<\/p>","protected":false},"excerpt":{"rendered":"<p>\u016adensp\u012bpe OCEAN \u016adensp\u012bpe Kaif Steel Blue Chrome Visas \u016bdensp\u012bpes met\u0101la da\u013cas ir izgatavotas no V2A ner\u016bs\u0113jo\u0161\u0101 t\u0113rauda. \u0160is Ocean k\u0101 parasti netika ra\u017eots V\u0101cij\u0101, bet kvalit\u0101tes kontroli nodro\u0161ina OCEAN GmbH. Pilns komplekts: Kr\u016bzes starplikas Kr\u016bzes adapteris Pl\u0101ksnes k\u0101ts izgatavots no akrila Pamatne ar vienu \u0161\u013c\u016btenes savienojumu Iegremd\u0113\u0161anas caurule (v\u0101rpsta) Difuzors Mute izgatavota no akrila Melns mat\u0113ts [\u2026]<\/p>","protected":false},"featured_media":21891,"comment_status":"open","ping_status":"closed","template":"","meta":[],"_links":{"self":[{"href":"https:\/\/hookahshop.lt\/lv\/wp-json\/wp\/v2\/product\/21870"}],"collection":[{"href":"https:\/\/hookahshop.lt\/lv\/wp-json\/wp\/v2\/product"}],"about":[{"href":"https:\/\/hookahshop.lt\/lv\/wp-json\/wp\/v2\/types\/product"}],"replies":[{"embeddable":true,"href":"https:\/\/hookahshop.lt\/lv\/wp-json\/wp\/v2\/comments?post=21870"}],"version-history":[{"count":3,"href":"https:\/\/hookahshop.lt\/lv\/wp-json\/wp\/v2\/product\/21870\/revisions"}],"predecessor-version":[{"id":22938,"href":"https:\/\/hookahshop.lt\/lv\/wp-json\/wp\/v2\/product\/21870\/revisions\/22938"}],"wp:featuredmedia":[{"embeddable":true,"href":"https:\/\/hookahshop.lt\/lv\/wp-json\/wp\/v2\/media\/21891"}],"wp:attachment":[{"href":"https:\/\/hookahshop.lt\/lv\/wp-json\/wp\/v2\/media?parent=21870"}],"curies":[{"name":"wp","href":"https:\/\/api.w.org\/{rel}","templated":true}]}}