{"id":21941,"date":"2021-04-22T21:10:40","date_gmt":"2021-04-22T18:10:40","guid":{"rendered":"https:\/\/hookahshop.lt\/?post_type=product&#038;p=21941"},"modified":"2026-04-14T23:28:55","modified_gmt":"2026-04-14T20:28:55","slug":"kaljanas-ocean-hookah-kaif-s-black-onyx-midnight","status":"publish","type":"product","link":"https:\/\/hookahshop.lt\/lv\/produkt\/udenspipe-okeans-udenspipe-kaif-s-melnais-onikss-pusnakts\/","title":{"rendered":"\u016adensp\u012bpe OCEAN HOOKAH Kaif S Black Onyx Midnight"},"content":{"rendered":"<h2>\u016adensp\u012bpe OCEAN \u016adensp\u012bpe Kaif S Black Onyx Midnight<\/h2>\n<p>KAIF S versija ar labi zin\u0101mu zemgr\u012bdas izpl\u016bdes sist\u0113mu. T\u0101 augstums ir 39 cm, ide\u0101li piem\u0113rots ce\u013cojumam vai lieto\u0161anai m\u0101j\u0101s.<\/p>\n<p><strong>Pilns komplekts<\/strong><\/p>\n<p>Kausa bl\u012bve<br \/>\nKr\u016bzes adapteris<br \/>\nPl\u0101ksne<br \/>\nK\u0101ts ir izgatavots no akrila<br \/>\nPamatne ar \u0161\u013c\u016btenes savienojumu<br \/>\nIegremd\u0113jama caurule<br \/>\nIzklied\u0113t\u0101js<br \/>\nMutes iemutnis ir izgatavots no akrila<br \/>\nMelna mat\u0113ta silikona \u0161\u013c\u016btene<br \/>\nKolba<br \/>\nKnaibles<br \/>\n\u016adensp\u012bpes soma<\/p>\n<p>Vai jums ir k\u0101di jaut\u0101jumi? Sazinies ar mums\u00a0<a href=\"https:\/\/hookahshop.lt\/lv\/kontaktiem\/\">kontaktu lapa<\/a>\u00a0vai rakstiet mums pa e-pastu\u00a0<a href=\"https:\/\/facebook.com\/HookahShop.lt\/\" target=\"_blank\" rel=\"noopener noreferrer\">Facebook konts<\/a>\u00a0un m\u0113s atbild\u0113sim uz j\u016bsu piepras\u012bjumu taj\u0101 pa\u0161\u0101 dien\u0101.<\/p>","protected":false},"excerpt":{"rendered":"<p>\u016adensp\u012bpe OCEAN \u016adensp\u012bpe Kaif S Black Onyx Midnight KAIF S versija ar labi zin\u0101mo p\u016b\u0161anas sist\u0113mu zem apak\u0161tas\u012btes. T\u0101s augstums ir 39 cm, ide\u0101li piem\u0113rota \u0146em\u0161anai l\u012bdzi ce\u013cojum\u0101 vai lieto\u0161anai m\u0101j\u0101s. Iepakojuma saturs Kr\u016bz\u012btes starplikas Kr\u016bz\u012btes adapteris Apak\u0161tas\u012bte K\u0101ji\u0146a no akrila Pamatne ar \u0161\u013c\u016btenes savienojumu Iegremd\u0113\u0161anas caurule Difuzors Iemutnis no akrila Mat\u0113ti melns [\u2026]<\/p>","protected":false},"featured_media":21945,"comment_status":"open","ping_status":"closed","template":"","meta":[],"_links":{"self":[{"href":"https:\/\/hookahshop.lt\/lv\/wp-json\/wp\/v2\/product\/21941"}],"collection":[{"href":"https:\/\/hookahshop.lt\/lv\/wp-json\/wp\/v2\/product"}],"about":[{"href":"https:\/\/hookahshop.lt\/lv\/wp-json\/wp\/v2\/types\/product"}],"replies":[{"embeddable":true,"href":"https:\/\/hookahshop.lt\/lv\/wp-json\/wp\/v2\/comments?post=21941"}],"version-history":[{"count":4,"href":"https:\/\/hookahshop.lt\/lv\/wp-json\/wp\/v2\/product\/21941\/revisions"}],"predecessor-version":[{"id":23485,"href":"https:\/\/hookahshop.lt\/lv\/wp-json\/wp\/v2\/product\/21941\/revisions\/23485"}],"wp:featuredmedia":[{"embeddable":true,"href":"https:\/\/hookahshop.lt\/lv\/wp-json\/wp\/v2\/media\/21945"}],"wp:attachment":[{"href":"https:\/\/hookahshop.lt\/lv\/wp-json\/wp\/v2\/media?parent=21941"}],"curies":[{"name":"wp","href":"https:\/\/api.w.org\/{rel}","templated":true}]}}