{"id":21943,"date":"2021-04-22T21:10:28","date_gmt":"2021-04-22T18:10:28","guid":{"rendered":"https:\/\/hookahshop.lt\/?post_type=product&#038;p=21943"},"modified":"2026-04-22T23:29:19","modified_gmt":"2026-04-22T20:29:19","slug":"kolba-kaljanui-su-sriegiu-aladin-rocket-clear","status":"publish","type":"product","link":"https:\/\/hookahshop.lt\/lv\/produkt\/udenspipe-kolba-ar-diegu-aladin-raketi-dzidrs\/","title":{"rendered":"\u0100\u0137is kolbai ar v\u012btni ALADIN Rocket Clear"},"content":{"rendered":"<h2>\u0100\u0137is kolbai ar v\u012btni ALADIN Rocket Clear<\/h2>\n<p>V\u012bt\u0146ot\u0101 kolba ir paredz\u0113ta tikai ALADIN Rocket Clear \u016bdensp\u012bpei.<br \/>\nKr\u0101sa - dzidra.<\/p>\n<p>&nbsp;<\/p>\n<p>Vai jums ir k\u0101di jaut\u0101jumi? Sazinies ar mums\u00a0<a href=\"https:\/\/hookahshop.lt\/lv\/kontaktiem\/\">kontaktu lapa<\/a>\u00a0vai rakstiet mums pa e-pastu\u00a0<a href=\"https:\/\/facebook.com\/HookahShop.lt\/\" target=\"_blank\" rel=\"noopener noreferrer\">Facebook konts<\/a>\u00a0un m\u0113s atbild\u0113sim uz j\u016bsu piepras\u012bjumu taj\u0101 pa\u0161\u0101 dien\u0101.<\/p>","protected":false},"excerpt":{"rendered":"<p>Kolba \u016bdensp\u012bpei ar v\u012btni ALADIN Rocket Clear Kolba ar v\u012btni ir paredz\u0113ta tikai ALADIN Rocket Clear \u016bdensp\u012bpei. Kr\u0101sa ir caursp\u012bd\u012bga.  Vai jums ir k\u0101di jaut\u0101jumi? Sazinieties ar mums kontaktu lap\u0101 vai rakstiet mums uz m\u016bsu Facebook kontu un m\u0113s atbild\u0113sim uz j\u016bsu piepras\u012bjumu taj\u0101 pa\u0161\u0101 dien\u0101.<\/p>","protected":false},"featured_media":21944,"comment_status":"open","ping_status":"closed","template":"","meta":[],"_links":{"self":[{"href":"https:\/\/hookahshop.lt\/lv\/wp-json\/wp\/v2\/product\/21943"}],"collection":[{"href":"https:\/\/hookahshop.lt\/lv\/wp-json\/wp\/v2\/product"}],"about":[{"href":"https:\/\/hookahshop.lt\/lv\/wp-json\/wp\/v2\/types\/product"}],"replies":[{"embeddable":true,"href":"https:\/\/hookahshop.lt\/lv\/wp-json\/wp\/v2\/comments?post=21943"}],"version-history":[{"count":3,"href":"https:\/\/hookahshop.lt\/lv\/wp-json\/wp\/v2\/product\/21943\/revisions"}],"predecessor-version":[{"id":33533,"href":"https:\/\/hookahshop.lt\/lv\/wp-json\/wp\/v2\/product\/21943\/revisions\/33533"}],"wp:featuredmedia":[{"embeddable":true,"href":"https:\/\/hookahshop.lt\/lv\/wp-json\/wp\/v2\/media\/21944"}],"wp:attachment":[{"href":"https:\/\/hookahshop.lt\/lv\/wp-json\/wp\/v2\/media?parent=21943"}],"curies":[{"name":"wp","href":"https:\/\/api.w.org\/{rel}","templated":true}]}}