{"id":21951,"date":"2021-04-22T21:20:58","date_gmt":"2021-04-22T18:20:58","guid":{"rendered":"https:\/\/hookahshop.lt\/?post_type=product&#038;p=21951"},"modified":"2026-04-18T23:28:48","modified_gmt":"2026-04-18T20:28:48","slug":"kaljanas-ocean-hookah-kaif-s-steel-moonstone-blizzard","status":"publish","type":"product","link":"https:\/\/hookahshop.lt\/lv\/produkt\/udenspipe-okeans-udenspipe-kaif-s-steel-moonstone-blizzard\/","title":{"rendered":"\u016adensp\u012bpe OCEAN HOOKAH Kaif S Steel Moonstone Blizzard"},"content":{"rendered":"<h2>\u016adensp\u012bpe OCEAN \u016adensp\u012bpe Kaif S t\u0113rauda M\u0113nessakmens putenis<\/h2>\n<p>KAIF S versija ar labi zin\u0101mu zemgr\u012bdas izpl\u016bdes sist\u0113mu. T\u0101 augstums ir 39 cm, ide\u0101li piem\u0113rots ce\u013cojumam vai lieto\u0161anai m\u0101j\u0101s.<\/p>\n<p><strong>Pilns komplekts<\/strong><\/p>\n<p>Kausa bl\u012bve<br \/>\nKr\u016bzes adapteris<br \/>\nPl\u0101ksne<br \/>\nK\u0101ts ir izgatavots no akrila<br \/>\nPamatne ar \u0161\u013c\u016btenes savienojumu<br \/>\nIegremd\u0113jama caurule<br \/>\nIzklied\u0113t\u0101js<br \/>\nMutes iemutnis ir izgatavots no akrila<br \/>\nMelna mat\u0113ta silikona \u0161\u013c\u016btene<br \/>\nKolba<br \/>\nKnaibles<br \/>\n\u016adensp\u012bpes soma<\/p>\n<p>Vai jums ir k\u0101di jaut\u0101jumi? Sazinies ar mums\u00a0<a href=\"https:\/\/hookahshop.lt\/lv\/kontaktiem\/\">kontaktu lapa<\/a>\u00a0vai rakstiet mums pa e-pastu\u00a0<a href=\"https:\/\/facebook.com\/HookahShop.lt\/\" target=\"_blank\" rel=\"noopener noreferrer\">Facebook konts<\/a>\u00a0un m\u0113s atbild\u0113sim uz j\u016bsu piepras\u012bjumu taj\u0101 pa\u0161\u0101 dien\u0101.<\/p>","protected":false},"excerpt":{"rendered":"<p>\u016adensp\u012bpe OCEAN \u016adensp\u012bpe Kaif S Steel Moonstone Blizzard KAIF S versija ar labi zin\u0101mu p\u016b\u0161anas sist\u0113mu zem asmens. T\u0101 augstums ir 39 cm, ide\u0101li piem\u0113rots \u0146em\u0161anai l\u012bdzi ce\u013cojum\u0101 vai lieto\u0161anai m\u0101j\u0101s. Pilns komplekts Kr\u016bzes starplikas Kr\u016bzes adapteris Pl\u0101ksne K\u0101ts izgatavots no akrila Pamatne ar \u0161\u013c\u016btenes savienojumu Iegremd\u0113jama caurule Difuzors Mute izgatavota no akrila Melns mat\u0113ts [\u2026]<\/p>","protected":false},"featured_media":21955,"comment_status":"open","ping_status":"closed","template":"","meta":[],"_links":{"self":[{"href":"https:\/\/hookahshop.lt\/lv\/wp-json\/wp\/v2\/product\/21951"}],"collection":[{"href":"https:\/\/hookahshop.lt\/lv\/wp-json\/wp\/v2\/product"}],"about":[{"href":"https:\/\/hookahshop.lt\/lv\/wp-json\/wp\/v2\/types\/product"}],"replies":[{"embeddable":true,"href":"https:\/\/hookahshop.lt\/lv\/wp-json\/wp\/v2\/comments?post=21951"}],"version-history":[{"count":3,"href":"https:\/\/hookahshop.lt\/lv\/wp-json\/wp\/v2\/product\/21951\/revisions"}],"predecessor-version":[{"id":22936,"href":"https:\/\/hookahshop.lt\/lv\/wp-json\/wp\/v2\/product\/21951\/revisions\/22936"}],"wp:featuredmedia":[{"embeddable":true,"href":"https:\/\/hookahshop.lt\/lv\/wp-json\/wp\/v2\/media\/21955"}],"wp:attachment":[{"href":"https:\/\/hookahshop.lt\/lv\/wp-json\/wp\/v2\/media?parent=21951"}],"curies":[{"name":"wp","href":"https:\/\/api.w.org\/{rel}","templated":true}]}}