{"id":21970,"date":"2021-04-22T21:36:24","date_gmt":"2021-04-22T18:36:24","guid":{"rendered":"https:\/\/hookahshop.lt\/?post_type=product&#038;p=21970"},"modified":"2026-04-19T23:29:02","modified_gmt":"2026-04-19T20:29:02","slug":"kaljanas-ocean-hookah-kaif-s-blue-chrome","status":"publish","type":"product","link":"https:\/\/hookahshop.lt\/lv\/produkt\/udenspipe-okeans-udenspipe-kaif-s-zils-hroms\/","title":{"rendered":"\u016adensp\u012bpe OCEAN HOOKAH Kaif S Blue Chrome"},"content":{"rendered":"<h2>\u016adensp\u012bpe OCEAN HOOKAH Kaif S Blue Chrome<\/h2>\n<p>KAIF S versija ar labi zin\u0101mu zemgr\u012bdas izpl\u016bdes sist\u0113mu. T\u0101 augstums ir 39 cm, ide\u0101li piem\u0113rots ce\u013cojumam vai lieto\u0161anai m\u0101j\u0101s.<\/p>\n<p><strong>Apr\u012bkojums:<\/strong><br \/>\nKausa bl\u012bve<br \/>\nKr\u016bzes adapteris<br \/>\nPl\u0101ksne<br \/>\nK\u0101ts ir izgatavots no akrila<br \/>\nPamatne ar \u0161\u013c\u016btenes savienojumu<br \/>\nIegremd\u0113jama caurule<br \/>\nIzklied\u0113t\u0101js<br \/>\nMutes iemutnis ir izgatavots no akrila<br \/>\nMelna mat\u0113ta silikona \u0161\u013c\u016btene<br \/>\nKolba<br \/>\nKnaibles<br \/>\n\u016adensp\u012bpes soma<\/p>\n<p>Vai jums ir k\u0101di jaut\u0101jumi? Sazinies ar mums\u00a0<a href=\"https:\/\/hookahshop.lt\/lv\/kontaktiem\/\">kontaktu lapa<\/a>\u00a0vai rakstiet mums pa e-pastu\u00a0<a href=\"https:\/\/facebook.com\/HookahShop.lt\/\" target=\"_blank\" rel=\"noopener noreferrer\">Facebook konts<\/a>\u00a0un m\u0113s atbild\u0113sim uz j\u016bsu piepras\u012bjumu taj\u0101 pa\u0161\u0101 dien\u0101.<\/p>","protected":false},"excerpt":{"rendered":"<p>\u016adensp\u012bpe OCEAN HOOKAH Kaif S Blue Chrome KAIF S versija ar labi zin\u0101mo p\u016b\u0161anas sist\u0113mu zem asmens. T\u0101 augstums ir 39 cm, ide\u0101li piem\u0113rots \u0146em\u0161anai l\u012bdzi ce\u013cojum\u0101 vai lieto\u0161anai m\u0101j\u0101s. Pilns komplekts: Kr\u016bzes starplikas Kr\u016bzes adapteris Pl\u0101ksne K\u0101ts izgatavots no akrila Pamatne ar \u0161\u013c\u016btenes savienojumu Iegremd\u0113jama caurule Difuzors Mute izgatavota no akrila Melns mat\u0113ts silikons [...]<\/p>","protected":false},"featured_media":28326,"comment_status":"open","ping_status":"closed","template":"","meta":[],"_links":{"self":[{"href":"https:\/\/hookahshop.lt\/lv\/wp-json\/wp\/v2\/product\/21970"}],"collection":[{"href":"https:\/\/hookahshop.lt\/lv\/wp-json\/wp\/v2\/product"}],"about":[{"href":"https:\/\/hookahshop.lt\/lv\/wp-json\/wp\/v2\/types\/product"}],"replies":[{"embeddable":true,"href":"https:\/\/hookahshop.lt\/lv\/wp-json\/wp\/v2\/comments?post=21970"}],"version-history":[{"count":8,"href":"https:\/\/hookahshop.lt\/lv\/wp-json\/wp\/v2\/product\/21970\/revisions"}],"predecessor-version":[{"id":28358,"href":"https:\/\/hookahshop.lt\/lv\/wp-json\/wp\/v2\/product\/21970\/revisions\/28358"}],"wp:featuredmedia":[{"embeddable":true,"href":"https:\/\/hookahshop.lt\/lv\/wp-json\/wp\/v2\/media\/28326"}],"wp:attachment":[{"href":"https:\/\/hookahshop.lt\/lv\/wp-json\/wp\/v2\/media?parent=21970"}],"curies":[{"name":"wp","href":"https:\/\/api.w.org\/{rel}","templated":true}]}}