{"id":21990,"date":"2021-04-22T23:17:23","date_gmt":"2021-04-22T20:17:23","guid":{"rendered":"https:\/\/hookahshop.lt\/?post_type=product&#038;p=21990"},"modified":"2026-04-16T23:29:26","modified_gmt":"2026-04-16T20:29:26","slug":"kolba-kaljanui-su-sriegiu-aladin-mvp460-m1-clear","status":"publish","type":"product","link":"https:\/\/hookahshop.lt\/lv\/produkt\/kolba-udenspipei-ar-vitni-aladin-mvp460-m1-clear\/","title":{"rendered":"\u0100\u0137is kolbai ar v\u012btni ALADIN MVP460 M1 Skaidrs"},"content":{"rendered":"<h2>\u0100\u0137is kolbai ar v\u012btni ALADIN MVP460 M1 Skaidrs<\/h2>\n<p>Kolba ar v\u012btni ir paredz\u0113ta tikai ALADIN MVP460 M1 \u016bdensp\u012bpei.<br \/>\nKr\u0101sa - dzidra.<\/p>\n<p>&nbsp;<\/p>\n<p>Vai jums ir k\u0101di jaut\u0101jumi? Sazinies ar mums\u00a0<a href=\"https:\/\/hookahshop.lt\/lv\/kontaktiem\/\">kontaktu lapa<\/a>\u00a0vai rakstiet mums pa e-pastu\u00a0<a href=\"https:\/\/facebook.com\/HookahShop.lt\/\" target=\"_blank\" rel=\"noopener noreferrer\">Facebook konts<\/a>\u00a0un m\u0113s atbild\u0113sim uz j\u016bsu piepras\u012bjumu taj\u0101 pa\u0161\u0101 dien\u0101.<\/p>","protected":false},"excerpt":{"rendered":"<p>Kolba \u016bdensp\u012bpei ar v\u012btni ALADIN MVP460 M1 Caursp\u012bd\u012bga Kolba ar v\u012btni ir paredz\u0113ta tikai \u016bdensp\u012bpei ALADIN MVP460 M1. Kr\u0101sa ir caursp\u012bd\u012bga.  Vai jums ir k\u0101di jaut\u0101jumi? Sazinieties ar mums kontaktu lap\u0101 vai rakstiet mums uz m\u016bsu Facebook kontu un m\u0113s atbild\u0113sim uz j\u016bsu piepras\u012bjumu taj\u0101 pa\u0161\u0101 dien\u0101.<\/p>","protected":false},"featured_media":21991,"comment_status":"open","ping_status":"closed","template":"","meta":[],"_links":{"self":[{"href":"https:\/\/hookahshop.lt\/lv\/wp-json\/wp\/v2\/product\/21990"}],"collection":[{"href":"https:\/\/hookahshop.lt\/lv\/wp-json\/wp\/v2\/product"}],"about":[{"href":"https:\/\/hookahshop.lt\/lv\/wp-json\/wp\/v2\/types\/product"}],"replies":[{"embeddable":true,"href":"https:\/\/hookahshop.lt\/lv\/wp-json\/wp\/v2\/comments?post=21990"}],"version-history":[{"count":2,"href":"https:\/\/hookahshop.lt\/lv\/wp-json\/wp\/v2\/product\/21990\/revisions"}],"predecessor-version":[{"id":21993,"href":"https:\/\/hookahshop.lt\/lv\/wp-json\/wp\/v2\/product\/21990\/revisions\/21993"}],"wp:featuredmedia":[{"embeddable":true,"href":"https:\/\/hookahshop.lt\/lv\/wp-json\/wp\/v2\/media\/21991"}],"wp:attachment":[{"href":"https:\/\/hookahshop.lt\/lv\/wp-json\/wp\/v2\/media?parent=21990"}],"curies":[{"name":"wp","href":"https:\/\/api.w.org\/{rel}","templated":true}]}}