{"id":22015,"date":"2021-04-22T23:47:01","date_gmt":"2021-04-22T20:47:01","guid":{"rendered":"https:\/\/hookahshop.lt\/?post_type=product&#038;p=22015"},"modified":"2026-04-14T23:29:09","modified_gmt":"2026-04-14T20:29:09","slug":"kolba-kaljanui-su-sriegiu-aladin-mvp360-rainbow","status":"publish","type":"product","link":"https:\/\/hookahshop.lt\/lv\/produkt\/udenspipe-kolba-ar-diegu-aladin-mvp360-varaviksne\/","title":{"rendered":"\u0100\u0137is kolbai ar v\u012btni ALADIN MVP360 Rainbow"},"content":{"rendered":"<h2>\u0100\u0137is kolbai ar v\u012btni ALADIN MVP360 Rainbow<\/h2>\n<p>Kolba ar v\u012btni ir paredz\u0113ta tikai \u016bdensp\u012bpei ALADIN MVP360.<br \/>\nKr\u0101sa - da\u017e\u0101das kr\u0101sas.<\/p>\n<p>&nbsp;<\/p>\n<p>Vai jums ir k\u0101di jaut\u0101jumi? Sazinies ar mums\u00a0<a href=\"https:\/\/hookahshop.lt\/lv\/kontaktiem\/\">kontaktu lapa<\/a>\u00a0vai rakstiet mums pa e-pastu\u00a0<a href=\"https:\/\/facebook.com\/HookahShop.lt\/\" target=\"_blank\" rel=\"noopener noreferrer\">Facebook konts<\/a>\u00a0un m\u0113s atbild\u0113sim uz j\u016bsu piepras\u012bjumu taj\u0101 pa\u0161\u0101 dien\u0101.<\/p>","protected":false},"excerpt":{"rendered":"<p>\u016adensp\u012bpes termoss ar v\u012btni ALADIN MVP360 Rainbow Termoss ar v\u012btni ir paredz\u0113ts tikai ALADIN MVP360 \u016bdensp\u012bpei. Kr\u0101sa - da\u017e\u0101das kr\u0101sas. Vai jums ir k\u0101di jaut\u0101jumi? Sazinieties ar mums kontaktlap\u0101 vai rakstiet mums Facebook, un m\u0113s atbild\u0113sim uz j\u016bsu piepras\u012bjumu taj\u0101 pa\u0161\u0101 dien\u0101.<\/p>","protected":false},"featured_media":22016,"comment_status":"open","ping_status":"closed","template":"","meta":[],"_links":{"self":[{"href":"https:\/\/hookahshop.lt\/lv\/wp-json\/wp\/v2\/product\/22015"}],"collection":[{"href":"https:\/\/hookahshop.lt\/lv\/wp-json\/wp\/v2\/product"}],"about":[{"href":"https:\/\/hookahshop.lt\/lv\/wp-json\/wp\/v2\/types\/product"}],"replies":[{"embeddable":true,"href":"https:\/\/hookahshop.lt\/lv\/wp-json\/wp\/v2\/comments?post=22015"}],"version-history":[{"count":2,"href":"https:\/\/hookahshop.lt\/lv\/wp-json\/wp\/v2\/product\/22015\/revisions"}],"predecessor-version":[{"id":22018,"href":"https:\/\/hookahshop.lt\/lv\/wp-json\/wp\/v2\/product\/22015\/revisions\/22018"}],"wp:featuredmedia":[{"embeddable":true,"href":"https:\/\/hookahshop.lt\/lv\/wp-json\/wp\/v2\/media\/22016"}],"wp:attachment":[{"href":"https:\/\/hookahshop.lt\/lv\/wp-json\/wp\/v2\/media?parent=22015"}],"curies":[{"name":"wp","href":"https:\/\/api.w.org\/{rel}","templated":true}]}}