{"id":22026,"date":"2021-04-23T13:55:09","date_gmt":"2021-04-23T10:55:09","guid":{"rendered":"https:\/\/hookahshop.lt\/?post_type=product&#038;p=22026"},"modified":"2026-04-14T23:28:48","modified_gmt":"2026-04-14T20:28:48","slug":"kaljanas-honey-sigh-mini-exclusive-crane","status":"publish","type":"product","link":"https:\/\/hookahshop.lt\/lv\/produkt\/udenspipe-medus-noputa-mini-ekskluzivs-celtnis\/","title":{"rendered":"\u016adensp\u012bpe HONEY SIGH Mini ekskluz\u012bvs celtnis"},"content":{"rendered":"<h2>\u016adensp\u012bpe HONEY SIGH Mini ekskluz\u012bvs celtnis<\/h2>\n<p>Unik\u0101lais \u016bdensp\u012bpes dizains ir ierobe\u017eots izdevums. Dekor\u0113tais \u016bdensp\u012bpes k\u0101ts ir roku darbs. \u016adensp\u012bpe ir izgatavota no ner\u016bs\u0113jo\u0161\u0101 t\u0113rauda AISI 304 ar prec\u012bzu augstas kvalit\u0101tes deta\u013cu apstr\u0101di. Izp\u016b\u0161anas sist\u0113ma sast\u0101v no 5 v\u0101rstiem, ar kuru pal\u012bdz\u012bbu no kolbas pirmo reizi izp\u016b\u0161 d\u016bmi, k\u0101 ar\u012b atdzes\u0113 kr\u016bzi.<\/p>\n<p><strong>Specifik\u0101cija:<\/strong><br \/>\nVilce: klasiska (vid\u0113ja)<br \/>\n\u0160\u013c\u016btenes savienojuma savienojums: O gredzens<br \/>\nP\u016b\u0161anas v\u0101rsti: 5 gab.<br \/>\nMateri\u0101ls: ner\u016bs\u0113jo\u0161ais t\u0113rauds<\/p>\n<p><strong>Apr\u012bkojums:<\/strong><br \/>\nV\u0101rpsta (k\u0101ts) 32 cm<br \/>\nPl\u0101ksne 16 cm<br \/>\nMutes iemutnis<br \/>\n\u0160\u013c\u016btenes savienot\u0101js<br \/>\n\u0160\u013c\u016btene (Soft Touch)<br \/>\nMini kolba (zelta kr\u0101sa)<br \/>\nBl\u012bves (2 gab.)<br \/>\nPlastmasas att\u012br\u012b\u0161anas v\u0101rsts (5 gab.)<br \/>\nKaste \u016bdensp\u012bpei<\/p>\n<p>Vai jums ir k\u0101di jaut\u0101jumi? Sazinies ar mums\u00a0<a href=\"https:\/\/hookahshop.lt\/lv\/kontaktiem\/\">kontaktu lapa<\/a>\u00a0vai rakstiet mums pa e-pastu\u00a0<a href=\"https:\/\/facebook.com\/HookahShop.lt\/\" target=\"_blank\" rel=\"noopener noreferrer\">Facebook konts<\/a>\u00a0un m\u0113s atbild\u0113sim uz j\u016bsu piepras\u012bjumu taj\u0101 pa\u0161\u0101 dien\u0101.<\/p>","protected":false},"excerpt":{"rendered":"<p>\u016adensp\u012bpe HONEY SIGH Mini ekskluz\u012bvs celtnis \u016adensp\u012bpes unik\u0101lais dizains ir ierobe\u017eots izdevums. Dekor\u0113tais \u016bdensp\u012bpes k\u0101ts ir roku darbs. \u016adensp\u012bpe ir izgatavota no ner\u016bs\u0113jo\u0161\u0101 t\u0113rauda AISI 304 ar prec\u012bzu augstas kvalit\u0101tes deta\u013cu apstr\u0101di. Izp\u016b\u0161anas sist\u0113ma sast\u0101v no 5 v\u0101rstiem, ar kuru pal\u012bdz\u012bbu no kolbas pirmo reizi izp\u016b\u0161 d\u016bmi, k\u0101 ar\u012b atdzes\u0113 kr\u016bzi. Specifik\u0101cija: Vilce: klasiska (vid\u0113ja) \u0161\u013c\u016btene [\u2026]<\/p>","protected":false},"featured_media":22027,"comment_status":"open","ping_status":"closed","template":"","meta":[],"_links":{"self":[{"href":"https:\/\/hookahshop.lt\/lv\/wp-json\/wp\/v2\/product\/22026"}],"collection":[{"href":"https:\/\/hookahshop.lt\/lv\/wp-json\/wp\/v2\/product"}],"about":[{"href":"https:\/\/hookahshop.lt\/lv\/wp-json\/wp\/v2\/types\/product"}],"replies":[{"embeddable":true,"href":"https:\/\/hookahshop.lt\/lv\/wp-json\/wp\/v2\/comments?post=22026"}],"version-history":[{"count":3,"href":"https:\/\/hookahshop.lt\/lv\/wp-json\/wp\/v2\/product\/22026\/revisions"}],"predecessor-version":[{"id":34536,"href":"https:\/\/hookahshop.lt\/lv\/wp-json\/wp\/v2\/product\/22026\/revisions\/34536"}],"wp:featuredmedia":[{"embeddable":true,"href":"https:\/\/hookahshop.lt\/lv\/wp-json\/wp\/v2\/media\/22027"}],"wp:attachment":[{"href":"https:\/\/hookahshop.lt\/lv\/wp-json\/wp\/v2\/media?parent=22026"}],"curies":[{"name":"wp","href":"https:\/\/api.w.org\/{rel}","templated":true}]}}