{"id":22060,"date":"2021-04-23T14:55:05","date_gmt":"2021-04-23T11:55:05","guid":{"rendered":"https:\/\/hookahshop.lt\/?post_type=product&#038;p=22060"},"modified":"2026-04-26T23:29:03","modified_gmt":"2026-04-26T20:29:03","slug":"kaljanas-blade-hookah-one-le-black-gold","status":"publish","type":"product","link":"https:\/\/hookahshop.lt\/lv\/produkt\/udenspipe-asmens-udenspipe-viens-le-melns-zelts\/","title":{"rendered":"\u016adensp\u012bpe BLADE HOOKAH One LE Black Gold"},"content":{"rendered":"<h2>\u016adensp\u012bpe BLADE HOOKAH One LE Black Gold<\/h2>\n<p>Ner\u016bs\u0113jo\u0161\u0101 t\u0113rauda \u016bdensp\u012bpe, eleganta meln\u0101 un zelta kr\u0101s\u0101. Visi ner\u016bs\u0113jo\u0161\u0101 t\u0113rauda elementi ir p\u0101rkl\u0101ti ar tit\u0101nu. Ir ar\u012b ieb\u016bv\u0113ts s\u012brupa slazds.<\/p>\n<p id=\"tw-target-text\" class=\"tw-data-text tw-text-large XcVN5d tw-ta\" dir=\"ltr\" data-placeholder=\"Vertimas\"><strong>Raksturojums:<\/strong><br \/>\n\u016adensp\u012bpes svars: apm\u0113ram 1785 gr<br \/>\n\u016adensp\u012bpes augstums: 595 mm<br \/>\nV\u0101rpstas iek\u0161\u0113j\u0101 da\u013ca: ner\u016bs\u0113jo\u0161ais t\u0113rauds<br \/>\nGalvenais materi\u0101ls: ner\u016bs\u0113jo\u0161ais t\u0113rauds, kas p\u0101rkl\u0101ts ar tit\u0101na nitr\u012bdu<br \/>\n\u0160\u013c\u016btenes savienot\u0101ja savienojums: magn\u0113tisks<br \/>\nSavienot\u0101ja materi\u0101ls: ner\u016bs\u0113jo\u0161ais t\u0113rauds, kas p\u0101rkl\u0101ts ar tit\u0101na nitr\u012bdu<br \/>\nV\u0101rsta savienojums: no\u0146emams, v\u012bt\u0146ots, p\u0101rkl\u0101ts ar tit\u0101na nitr\u012bdu<br \/>\nMutes uzgalis: ar tit\u0101na p\u0101rkl\u0101jumu ner\u016bs\u0113jo\u0161ais t\u0113rauds<br \/>\nTrok\u0161\u0146a sl\u0101p\u0113t\u0101ja garums: 465 mm<\/p>\n<p dir=\"ltr\" data-placeholder=\"Vertimas\"><strong>Apr\u012bkojums:<\/strong><br \/>\nV\u0101rpsta, iemutnis, pl\u0101ksne<\/p>\n<p dir=\"ltr\" data-placeholder=\"Vertimas\">Vai jums ir k\u0101di jaut\u0101jumi? Sazinies ar mums\u00a0<a href=\"https:\/\/hookahshop.lt\/lv\/kontaktiem\/\">kontaktu lapa<\/a>\u00a0vai rakstiet mums pa e-pastu\u00a0<a href=\"https:\/\/facebook.com\/HookahShop.lt\/\" target=\"_blank\" rel=\"noopener noreferrer\">Facebook konts<\/a>\u00a0un m\u0113s atbild\u0113sim uz j\u016bsu piepras\u012bjumu taj\u0101 pa\u0161\u0101 dien\u0101.<\/p>","protected":false},"excerpt":{"rendered":"<p>\u016adensp\u012bpe BLADE HOOKAH One LE Black Gold Ner\u016bs\u0113jo\u0161\u0101 t\u0113rauda \u016bdensp\u012bpe, eleganta meln\u0101 un zelta kr\u0101s\u0101. Visi ner\u016bs\u0113jo\u0161\u0101 t\u0113rauda elementi ir p\u0101rkl\u0101ti ar tit\u0101nu. Ir ar\u012b ieb\u016bv\u0113ts s\u012brupa slazds. Raksturojums: \u016adensp\u012bpes svars: aptuveni 1785 gr \u016adensp\u012bpes augstums: 595 mm V\u0101rpstas iek\u0161\u0113j\u0101 da\u013ca: ner\u016bs\u0113jo\u0161ais t\u0113rauds Galvenais materi\u0101ls: ner\u016bs\u0113jo\u0161ais t\u0113rauds, kas p\u0101rkl\u0101ts ar tit\u0101na nitr\u012bdu \u0160\u013c\u016btenes savienojuma savienojums: magn\u0113tisks [\u2026]<\/p>","protected":false},"featured_media":22061,"comment_status":"open","ping_status":"closed","template":"","meta":[],"_links":{"self":[{"href":"https:\/\/hookahshop.lt\/lv\/wp-json\/wp\/v2\/product\/22060"}],"collection":[{"href":"https:\/\/hookahshop.lt\/lv\/wp-json\/wp\/v2\/product"}],"about":[{"href":"https:\/\/hookahshop.lt\/lv\/wp-json\/wp\/v2\/types\/product"}],"replies":[{"embeddable":true,"href":"https:\/\/hookahshop.lt\/lv\/wp-json\/wp\/v2\/comments?post=22060"}],"version-history":[{"count":9,"href":"https:\/\/hookahshop.lt\/lv\/wp-json\/wp\/v2\/product\/22060\/revisions"}],"predecessor-version":[{"id":42542,"href":"https:\/\/hookahshop.lt\/lv\/wp-json\/wp\/v2\/product\/22060\/revisions\/42542"}],"wp:featuredmedia":[{"embeddable":true,"href":"https:\/\/hookahshop.lt\/lv\/wp-json\/wp\/v2\/media\/22061"}],"wp:attachment":[{"href":"https:\/\/hookahshop.lt\/lv\/wp-json\/wp\/v2\/media?parent=22060"}],"curies":[{"name":"wp","href":"https:\/\/api.w.org\/{rel}","templated":true}]}}