{"id":22065,"date":"2021-04-23T15:04:22","date_gmt":"2021-04-23T12:04:22","guid":{"rendered":"https:\/\/hookahshop.lt\/?post_type=product&#038;p=22065"},"modified":"2026-04-06T23:28:44","modified_gmt":"2026-04-06T20:28:44","slug":"kaljanas-blade-hookah-one-m-green-gold","status":"publish","type":"product","link":"https:\/\/hookahshop.lt\/lv\/produkt\/udenspipe-asmens-udenspipe-viens-m-zals-zelts\/","title":{"rendered":"\u016adensp\u012bpe BLADE HOOKAH One M Green Gold"},"content":{"rendered":"<h2>\u016adensp\u012bpe BLADE HOOKAH One M Green Gold<\/h2>\n<p>Ner\u016bs\u0113jo\u0161\u0101 t\u0113rauda \u016bdensp\u012bpe, eleganti za\u013c\u0101 un zelta kr\u0101s\u0101. Visi ner\u016bs\u0113jo\u0161\u0101 t\u0113rauda elementi ir p\u0101rkl\u0101ti ar tit\u0101nu. Ir ar\u012b ieb\u016bv\u0113ts s\u012brupa slazds.<\/p>\n<p><strong>Raksturojums:<\/strong><br \/>\n\u016adensp\u012bpes svars: apm\u0113ram 1785 gr<br \/>\n\u016adensp\u012bpes augstums: 595 mm<br \/>\nV\u0101rpstas iek\u0161\u0113j\u0101 da\u013ca: ner\u016bs\u0113jo\u0161ais t\u0113rauds<br \/>\n\u0100r\u0113j\u0101 v\u0101rpsta: ar tit\u0101na p\u0101rkl\u0101jumu ner\u016bs\u0113jo\u0161ais t\u0113rauds<br \/>\nIegremd\u0113t\u0101 v\u0101rpstas da\u013ca: ner\u016bs\u0113jo\u0161ais t\u0113rauds, kas p\u0101rkl\u0101ts ar tit\u0101nu<br \/>\n\u0160\u013c\u016btenes savienojums: magn\u0113tisks<br \/>\nV\u0101rsta savienojums: iek\u0161\u0113jais<br \/>\nDifuzors: no\u0146emams, v\u012bt\u0146ots, ar tit\u0101na p\u0101rkl\u0101jumu ner\u016bs\u0113jo\u0161ais t\u0113rauds<br \/>\nMutes uzgalis: ar tit\u0101na p\u0101rkl\u0101jumu ner\u016bs\u0113jo\u0161ais t\u0113rauds<br \/>\nTrok\u0161\u0146a sl\u0101p\u0113t\u0101ja garums: 465 mm<\/p>\n<p>Vai jums ir k\u0101di jaut\u0101jumi? Sazinies ar mums\u00a0<a href=\"https:\/\/hookahshop.lt\/lv\/kontaktiem\/\">kontaktu lapa<\/a>\u00a0vai rakstiet mums pa e-pastu\u00a0<a href=\"https:\/\/facebook.com\/HookahShop.lt\/\" target=\"_blank\" rel=\"noopener noreferrer\">Facebook konts<\/a>\u00a0un m\u0113s atbild\u0113sim uz j\u016bsu piepras\u012bjumu taj\u0101 pa\u0161\u0101 dien\u0101.<\/p>","protected":false},"excerpt":{"rendered":"<p>\u016adensp\u012bpe BLADE HOOKAH One M Green Gold Ner\u016bs\u0113jo\u0161\u0101 t\u0113rauda \u016bdensp\u012bpe, eleganti za\u013c\u0101 un zelta kr\u0101s\u0101. Visi ner\u016bs\u0113jo\u0161\u0101 t\u0113rauda elementi ir p\u0101rkl\u0101ti ar tit\u0101nu. Ir ar\u012b ieb\u016bv\u0113ts s\u012brupa slazds. Raksturlielumi: \u016adensp\u012bpes svars: aptuveni 1785 gr \u016adensp\u012bpes augstums: 595 mm K\u0101tas iek\u0161\u0113j\u0101 da\u013ca: ner\u016bs\u0113jo\u0161ais t\u0113rauds V\u0101rpstas \u0101r\u0113j\u0101 da\u013ca: ar tit\u0101nu p\u0101rkl\u0101ts ner\u016bs\u0113jo\u0161ais t\u0113rauds Iegremd\u0113t\u0101 v\u0101rpstas da\u013ca: ar ner\u016bs\u0113jo\u0161\u0101 t\u0113rauda p\u0101rkl\u0101jumu [\u2026]<\/p>","protected":false},"featured_media":22066,"comment_status":"open","ping_status":"closed","template":"","meta":[],"_links":{"self":[{"href":"https:\/\/hookahshop.lt\/lv\/wp-json\/wp\/v2\/product\/22065"}],"collection":[{"href":"https:\/\/hookahshop.lt\/lv\/wp-json\/wp\/v2\/product"}],"about":[{"href":"https:\/\/hookahshop.lt\/lv\/wp-json\/wp\/v2\/types\/product"}],"replies":[{"embeddable":true,"href":"https:\/\/hookahshop.lt\/lv\/wp-json\/wp\/v2\/comments?post=22065"}],"version-history":[{"count":5,"href":"https:\/\/hookahshop.lt\/lv\/wp-json\/wp\/v2\/product\/22065\/revisions"}],"predecessor-version":[{"id":42724,"href":"https:\/\/hookahshop.lt\/lv\/wp-json\/wp\/v2\/product\/22065\/revisions\/42724"}],"wp:featuredmedia":[{"embeddable":true,"href":"https:\/\/hookahshop.lt\/lv\/wp-json\/wp\/v2\/media\/22066"}],"wp:attachment":[{"href":"https:\/\/hookahshop.lt\/lv\/wp-json\/wp\/v2\/media?parent=22065"}],"curies":[{"name":"wp","href":"https:\/\/api.w.org\/{rel}","templated":true}]}}