{"id":22069,"date":"2021-04-23T15:13:42","date_gmt":"2021-04-23T12:13:42","guid":{"rendered":"https:\/\/hookahshop.lt\/?post_type=product&#038;p=22069"},"modified":"2026-04-08T13:49:17","modified_gmt":"2026-04-08T10:49:17","slug":"jungtis-kaljanui-alpha-hookah","status":"publish","type":"product","link":"https:\/\/hookahshop.lt\/lv\/produkt\/savienot-for-udenspipe-alfa-udenspipe\/","title":{"rendered":"\u0100\u0137a savienot\u0101js ALPHA HOOKAH"},"content":{"rendered":"<h2>\u0100\u0137a savienot\u0101js ALPHA HOOKAH<\/h2>\n<p>Alpha Hookah \u0161\u013c\u016btenes savienot\u0101js (magn\u0113tisks) Jauna mode\u013ca magn\u0113tiskais savienot\u0101js ir piem\u0113rots visiem Alpha Hookah Model X, Kappa un S mode\u013ciem.<\/p>\n<p><strong>Raksturojums:<\/strong><br \/>\nGarums: 42mm<br \/>\n\u0100r\u0113jais diametrs: 12 mm<br \/>\nSvars: apm\u0113ram 10 grami<\/p>\n<p>Vai jums ir k\u0101di jaut\u0101jumi? Sazinies ar mums\u00a0<a href=\"https:\/\/hookahshop.lt\/lv\/kontaktiem\/\">kontaktu lapa<\/a>\u00a0vai rakstiet mums pa e-pastu\u00a0<a href=\"https:\/\/facebook.com\/HookahShop.lt\/\" target=\"_blank\" rel=\"noopener noreferrer\">Facebook konts<\/a>\u00a0un m\u0113s atbild\u0113sim uz j\u016bsu piepras\u012bjumu taj\u0101 pa\u0161\u0101 dien\u0101.<\/p>","protected":false},"excerpt":{"rendered":"<p>\u016adensp\u012bpes savienot\u0101js ALPHA HOOKAH Alpha \u016bdensp\u012bpes \u0161\u013c\u016btenes savienot\u0101js (magn\u0113tisks) Jauna mode\u013ca magn\u0113tiskais savienot\u0101js, kas piem\u0113rots visiem Alpha Hookah Model X, Kappa un S mode\u013ciem. Raksturojums: Garums: 42mm \u0100r\u0113jais diametrs: 12mm Svars: apm\u0113ram 10 grami Vai ir k\u0101di jaut\u0101jumi? Sazinieties ar mums kontaktu lap\u0101 vai rakstiet mums uz m\u016bsu Facebook kontu un m\u0113s atbild\u0113sim uz j\u016bsu piepras\u012bjumu taj\u0101 pa\u0161\u0101 dien\u0101.<\/p>","protected":false},"featured_media":22070,"comment_status":"open","ping_status":"closed","template":"","meta":[],"_links":{"self":[{"href":"https:\/\/hookahshop.lt\/lv\/wp-json\/wp\/v2\/product\/22069"}],"collection":[{"href":"https:\/\/hookahshop.lt\/lv\/wp-json\/wp\/v2\/product"}],"about":[{"href":"https:\/\/hookahshop.lt\/lv\/wp-json\/wp\/v2\/types\/product"}],"replies":[{"embeddable":true,"href":"https:\/\/hookahshop.lt\/lv\/wp-json\/wp\/v2\/comments?post=22069"}],"version-history":[{"count":6,"href":"https:\/\/hookahshop.lt\/lv\/wp-json\/wp\/v2\/product\/22069\/revisions"}],"predecessor-version":[{"id":45296,"href":"https:\/\/hookahshop.lt\/lv\/wp-json\/wp\/v2\/product\/22069\/revisions\/45296"}],"wp:featuredmedia":[{"embeddable":true,"href":"https:\/\/hookahshop.lt\/lv\/wp-json\/wp\/v2\/media\/22070"}],"wp:attachment":[{"href":"https:\/\/hookahshop.lt\/lv\/wp-json\/wp\/v2\/media?parent=22069"}],"curies":[{"name":"wp","href":"https:\/\/api.w.org\/{rel}","templated":true}]}}