{"id":22073,"date":"2021-04-23T15:20:40","date_gmt":"2021-04-23T12:20:40","guid":{"rendered":"https:\/\/hookahshop.lt\/?post_type=product&#038;p=22073"},"modified":"2026-04-06T23:28:38","modified_gmt":"2026-04-06T20:28:38","slug":"difuzorius-kaljanui-alpha-hookah","status":"publish","type":"product","link":"https:\/\/hookahshop.lt\/lv\/produkt\/difuzors-for-udenspipe-alfa-udenspipe\/","title":{"rendered":"Difuzors \u016bdensp\u012bpei ALPHA HOOKAH"},"content":{"rendered":"<h2>Difuzors \u016bdensp\u012bpei ALPHA HOOKAH<\/h2>\n<p>T\u0101 ir maza sprausla ar daudziem maziem caurumiem, kas izgatavoti no ner\u016bs\u0113jo\u0161\u0101 t\u0113rauda. Difuzors ir uzst\u0101d\u012bts v\u0101rpstas gal\u0101.<\/p>\n<p><strong>\u016adensp\u012bpes difuzora priek\u0161roc\u012bbas:<\/strong><br \/>\n1. Gaisa pl\u016bsma, kas iet caur difuzoru, sadala spuldzes burbu\u013cus daudzos mazos. Tas atvieglo d\u016bmu vilk\u0161anu.<br \/>\n2. Mazie burbu\u013ci viegl\u0101k p\u0101rvar \u016bdens virsmas spraigumu nek\u0101 lielie. Tas samazina trok\u0161\u0146a l\u012bmeni sm\u0113\u0137\u0113\u0161anas laik\u0101.<\/p>\n<p><strong>Raksturojums:<\/strong><br \/>\nGarums: 14mm<br \/>\nIek\u0161\u0113jais diametrs: 18 mm<br \/>\nSvars: apm\u0113ram 23 grami<\/p>\n<p>Vai jums ir k\u0101di jaut\u0101jumi? Sazinies ar mums\u00a0<a href=\"https:\/\/hookahshop.lt\/lv\/kontaktiem\/\">kontaktu lapa<\/a>\u00a0vai rakstiet mums pa e-pastu\u00a0<a href=\"https:\/\/facebook.com\/HookahShop.lt\/\" target=\"_blank\" rel=\"noopener noreferrer\">Facebook konts<\/a>\u00a0un m\u0113s atbild\u0113sim uz j\u016bsu piepras\u012bjumu taj\u0101 pa\u0161\u0101 dien\u0101.<\/p>","protected":false},"excerpt":{"rendered":"<p>Izklied\u0113t\u0101js \u016bdensp\u012bpei ALPHA HOOKAH \u0160\u012b ir maza uzgalis ar daudziem maziem caurumiem, kas izgatavoti no ner\u016bs\u0113jo\u0161\u0101 t\u0113rauda. Difuzors ir uzst\u0101d\u012bts v\u0101rpstas gal\u0101. \u016adensp\u012bpes difuzora priek\u0161roc\u012bbas: 1. Gaisa pl\u016bsma, kas iet caur difuzoru, sadala spuldzes burbu\u013cus daudzos mazos. Tas atvieglo d\u016bmu vilk\u0161anu. 2. Mazie burbu\u013ci viegl\u0101k p\u0101rvar \u016bdens virsmas spraigumu nek\u0101 lielie. Tas samazina trok\u0161\u0146a l\u012bmeni sm\u0113\u0137\u0113\u0161anas laik\u0101. [\u2026]<\/p>","protected":false},"featured_media":22074,"comment_status":"open","ping_status":"closed","template":"","meta":[],"_links":{"self":[{"href":"https:\/\/hookahshop.lt\/lv\/wp-json\/wp\/v2\/product\/22073"}],"collection":[{"href":"https:\/\/hookahshop.lt\/lv\/wp-json\/wp\/v2\/product"}],"about":[{"href":"https:\/\/hookahshop.lt\/lv\/wp-json\/wp\/v2\/types\/product"}],"replies":[{"embeddable":true,"href":"https:\/\/hookahshop.lt\/lv\/wp-json\/wp\/v2\/comments?post=22073"}],"version-history":[{"count":3,"href":"https:\/\/hookahshop.lt\/lv\/wp-json\/wp\/v2\/product\/22073\/revisions"}],"predecessor-version":[{"id":23284,"href":"https:\/\/hookahshop.lt\/lv\/wp-json\/wp\/v2\/product\/22073\/revisions\/23284"}],"wp:featuredmedia":[{"embeddable":true,"href":"https:\/\/hookahshop.lt\/lv\/wp-json\/wp\/v2\/media\/22074"}],"wp:attachment":[{"href":"https:\/\/hookahshop.lt\/lv\/wp-json\/wp\/v2\/media?parent=22073"}],"curies":[{"name":"wp","href":"https:\/\/api.w.org\/{rel}","templated":true}]}}