{"id":22077,"date":"2021-04-23T15:31:52","date_gmt":"2021-04-23T12:31:52","guid":{"rendered":"https:\/\/hookahshop.lt\/?post_type=product&#038;p=22077"},"modified":"2026-04-26T23:28:54","modified_gmt":"2026-04-26T20:28:54","slug":"angliu-kaupimo-dezute-hootec-hopper-l","status":"publish","type":"product","link":"https:\/\/hookahshop.lt\/lv\/produkt\/oglekla-akumulacijas-kaste-hootec-hopper-l\/","title":{"rendered":"HOOTEC Hopper L oglek\u013ca uzglab\u0101\u0161anas kaste"},"content":{"rendered":"<h2>HOOTEC Hopper L oglek\u013ca uzglab\u0101\u0161anas kaste<\/h2>\n<p>Hootec HOPPER L ir kaste og\u013cu uzglab\u0101\u0161anai un \u0113rta lieto\u0161an\u0101<\/p>\n<p>- Unik\u0101la novatoriska kontroles sist\u0113ma oglek\u013ca uzglab\u0101\u0161anai un lieto\u0161anai objekt\u0101.<br \/>\n- Pa\u0101trina un vienk\u0101r\u0161o darbu ar ogl\u0113m<br \/>\n- \u013bauj est\u0113tiski uzglab\u0101t oglekli un net\u0113r\u0113 laiku<\/p>\n<p><strong>Jauda:<\/strong><br \/>\nBOPER (L) - iztur 18 kg. ogles<\/p>\n<p><strong>Raksturojums:<\/strong><br \/>\nAugstums: 600 mm<br \/>\nPlatums: 405 mm<br \/>\nGarums: 405 mm<br \/>\nSvars: apm\u0113ram 4600 gr<\/p>\n<p>Vai jums ir k\u0101di jaut\u0101jumi? Sazinies ar mums\u00a0<a href=\"https:\/\/hookahshop.lt\/lv\/kontaktiem\/\">kontaktu lapa<\/a>\u00a0vai rakstiet mums pa e-pastu\u00a0<a href=\"https:\/\/facebook.com\/HookahShop.lt\/\" target=\"_blank\" rel=\"noopener noreferrer\">Facebook konts<\/a>\u00a0un m\u0113s atbild\u0113sim uz j\u016bsu piepras\u012bjumu taj\u0101 pa\u0161\u0101 dien\u0101.<\/p>","protected":false},"excerpt":{"rendered":"<p>Og\u013cu uzglab\u0101\u0161anas kaste HOOTEC Hopper L Hootec HOPPER L ir kaste og\u013cu uzglab\u0101\u0161anai un \u0113rtai lieto\u0161anai - Unik\u0101la inovat\u012bva kontroles sist\u0113ma og\u013cu uzglab\u0101\u0161anai un lieto\u0161anai iest\u0101d\u0113. - Pa\u0101trina un vienk\u0101r\u0161o darbu ar ogl\u0113m - \u013bauj est\u0113tiski uzkr\u0101t ogles un net\u0113r\u0113t laiku Ietilp\u012bba: BOPER (L) - notur 18 kg. Oglek\u013ca \u012bpa\u0161\u012bbas: Augstums: 600 mm Platums: 405 mm [\u2026]<\/p>","protected":false},"featured_media":22078,"comment_status":"open","ping_status":"closed","template":"","meta":[],"_links":{"self":[{"href":"https:\/\/hookahshop.lt\/lv\/wp-json\/wp\/v2\/product\/22077"}],"collection":[{"href":"https:\/\/hookahshop.lt\/lv\/wp-json\/wp\/v2\/product"}],"about":[{"href":"https:\/\/hookahshop.lt\/lv\/wp-json\/wp\/v2\/types\/product"}],"replies":[{"embeddable":true,"href":"https:\/\/hookahshop.lt\/lv\/wp-json\/wp\/v2\/comments?post=22077"}],"version-history":[{"count":4,"href":"https:\/\/hookahshop.lt\/lv\/wp-json\/wp\/v2\/product\/22077\/revisions"}],"predecessor-version":[{"id":32764,"href":"https:\/\/hookahshop.lt\/lv\/wp-json\/wp\/v2\/product\/22077\/revisions\/32764"}],"wp:featuredmedia":[{"embeddable":true,"href":"https:\/\/hookahshop.lt\/lv\/wp-json\/wp\/v2\/media\/22078"}],"wp:attachment":[{"href":"https:\/\/hookahshop.lt\/lv\/wp-json\/wp\/v2\/media?parent=22077"}],"curies":[{"name":"wp","href":"https:\/\/api.w.org\/{rel}","templated":true}]}}