{"id":22085,"date":"2021-04-23T15:43:56","date_gmt":"2021-04-23T12:43:56","guid":{"rendered":"https:\/\/hookahshop.lt\/?post_type=product&#038;p=22085"},"modified":"2026-04-15T23:29:07","modified_gmt":"2026-04-15T20:29:07","slug":"sirupo-gaudykle-alpha-hookah-xr-gold","status":"publish","type":"product","link":"https:\/\/hookahshop.lt\/lv\/produkt\/sirups-slazds-alfa-udenspipe-xr-zelts\/","title":{"rendered":"S\u012brupa slazda ALPHA HOOKAH XR Gold"},"content":{"rendered":"<h2>S\u012brupa slazda ALPHA HOOKAH XR Gold<\/h2>\n<p>Tas ir neaizst\u0101jams aksesu\u0101rs, piem\u0113rots tikai ALPHA HOOKAH mode\u013ciem &quot;S&quot;, &quot;X&quot; un &quot;Kappa&quot; s\u0113rij\u0101m. Ne\u013cauj tabakas lap\u0101m un s\u012brupam iek\u013c\u016bt kolb\u0101 un \u016bdensp\u012bpes k\u0101t\u0101. Nov\u0113r\u0161 dzeltenumu kolb\u0101, kas ir \u012bpa\u0161i svar\u012bgi, pasniedzot \u016bdensp\u012bpi \u016bdensp\u012bp\u0113 uz galda. Tagad jums nav j\u0101mazg\u0101 \u016bdensp\u012bpe katru reizi, mainot kr\u016bzi, lai no\u0146emtu s\u012brupu un tabakas lapas apak\u0161\u0101.<\/p>\n<p><strong>Raksturojums:<\/strong><br \/>\nAugstums: 55 mm<br \/>\nDiametrs (\u0101r\u0113jais): 38 mm<br \/>\nDiametrs (iek\u0161\u0113jais): 16 mm<br \/>\nSvars: apm\u0113ram 132 g<\/p>\n<p>Vai jums ir k\u0101di jaut\u0101jumi? Sazinies ar mums\u00a0<a href=\"https:\/\/hookahshop.lt\/lv\/kontaktiem\/\">kontaktu lapa<\/a>\u00a0vai rakstiet mums pa e-pastu\u00a0<a href=\"https:\/\/facebook.com\/HookahShop.lt\/\" target=\"_blank\" rel=\"noopener noreferrer\">Facebook konts<\/a>\u00a0un m\u0113s atbild\u0113sim uz j\u016bsu piepras\u012bjumu taj\u0101 pa\u0161\u0101 dien\u0101.<\/p>","protected":false},"excerpt":{"rendered":"<p>S\u012brupa slazds ALPHA HOOKAH XR Gold \u0160is ir neaizst\u0101jams aksesu\u0101rs, piem\u0113rots tikai ALPHA HOOKAH mode\u013ciem &quot;S&quot;, &quot;X&quot; un &quot;Kappa&quot; s\u0113rij\u0101m. Ne\u013cauj tabakas lap\u0101m un s\u012brupam iek\u013c\u016bt kolb\u0101 un \u016bdensp\u012bpes k\u0101t\u0101. Nov\u0113r\u0161 dzeltenumu kolb\u0101, kas ir \u012bpa\u0161i svar\u012bgi, pasniedzot \u016bdensp\u012bpi \u016bdensp\u012bp\u0113 uz galda. Tagad jums nav j\u0101mazg\u0101 \u016bdensp\u012bpe katru reizi, mainot kr\u016bz\u012bti, lai no\u0146emtu s\u012brupu [\u2026]<\/p>","protected":false},"featured_media":22086,"comment_status":"open","ping_status":"closed","template":"","meta":[],"_links":{"self":[{"href":"https:\/\/hookahshop.lt\/lv\/wp-json\/wp\/v2\/product\/22085"}],"collection":[{"href":"https:\/\/hookahshop.lt\/lv\/wp-json\/wp\/v2\/product"}],"about":[{"href":"https:\/\/hookahshop.lt\/lv\/wp-json\/wp\/v2\/types\/product"}],"replies":[{"embeddable":true,"href":"https:\/\/hookahshop.lt\/lv\/wp-json\/wp\/v2\/comments?post=22085"}],"version-history":[{"count":6,"href":"https:\/\/hookahshop.lt\/lv\/wp-json\/wp\/v2\/product\/22085\/revisions"}],"predecessor-version":[{"id":45647,"href":"https:\/\/hookahshop.lt\/lv\/wp-json\/wp\/v2\/product\/22085\/revisions\/45647"}],"wp:featuredmedia":[{"embeddable":true,"href":"https:\/\/hookahshop.lt\/lv\/wp-json\/wp\/v2\/media\/22086"}],"wp:attachment":[{"href":"https:\/\/hookahshop.lt\/lv\/wp-json\/wp\/v2\/media?parent=22085"}],"curies":[{"name":"wp","href":"https:\/\/api.w.org\/{rel}","templated":true}]}}