{"id":22108,"date":"2021-04-24T15:13:58","date_gmt":"2021-04-24T12:13:58","guid":{"rendered":"https:\/\/hookahshop.lt\/?post_type=product&#038;p=22108"},"modified":"2026-04-18T23:29:01","modified_gmt":"2026-04-18T20:29:01","slug":"taurele-kaljanui-art-bar-alien-v02","status":"publish","type":"product","link":"https:\/\/hookahshop.lt\/lv\/produkt\/cup-for-udenspipe-art-bar-alien-v02\/","title":{"rendered":"Kauss \u016bdensp\u012bpei ART BAR Alien V02"},"content":{"rendered":"<h2>Kauss \u016bdensp\u012bpei ART BAR Alien V02<\/h2>\n<p>Uz\u0146\u0113mums ART BAR ir slavens ar sav\u0101m kvalitat\u012bvaj\u0101m brill\u0113m. Tie ir izgatavoti no augstas kvalit\u0101tes m\u0101la un tikai ar rok\u0101m.<\/p>\n<p><strong>Raksturojums:<\/strong><br \/>\nAugstums: 105 mm<br \/>\nDiametrs (\u0101r\u0113jais): 74 mm<br \/>\nDiametrs (iek\u0161\u0113jais): 67 mm<br \/>\nDzi\u013cums: 17 mm<br \/>\nCauruma diametrs: 16 mm<br \/>\nUrbumu skaits: 1 gab<br \/>\nSvars: apm\u0113ram 159 grami<\/p>\n<p>Vai jums ir k\u0101di jaut\u0101jumi? Sazinies ar mums\u00a0<a href=\"https:\/\/hookahshop.lt\/lv\/kontaktiem\/\">kontaktu lapa<\/a>\u00a0vai rakstiet mums pa e-pastu\u00a0<a href=\"https:\/\/facebook.com\/HookahShop.lt\/\" target=\"_blank\" rel=\"noopener noreferrer\">Facebook konts<\/a>\u00a0un m\u0113s atbild\u0113sim uz j\u016bsu piepras\u012bjumu taj\u0101 pa\u0161\u0101 dien\u0101.<\/p>","protected":false},"excerpt":{"rendered":"<p>\u016adensp\u012bpes kauss ART BAR Alien V02 Uz\u0146\u0113mums ART BAR ir slavens ar sav\u0101m kvalitat\u012bvaj\u0101m kr\u016bz\u0113m. Tie ir izgatavoti no augstas kvalit\u0101tes m\u0101la un tikai ar rok\u0101m. Raksturojums: Augstums: 105mm Diametrs (\u0101r\u0113jais): 74mm Diametrs (iek\u0161\u0113jais): 67mm Dzi\u013cums: 17mm Cauruma diametrs: 16mm Caurumu skaits: 1gab Svars: apm\u0113ram 159 grami Vai ir k\u0101di jaut\u0101jumi? Sazinieties ar mums kontaktu lap\u0101 vai rakstiet mums [...]<\/p>","protected":false},"featured_media":22109,"comment_status":"open","ping_status":"closed","template":"","meta":[],"_links":{"self":[{"href":"https:\/\/hookahshop.lt\/lv\/wp-json\/wp\/v2\/product\/22108"}],"collection":[{"href":"https:\/\/hookahshop.lt\/lv\/wp-json\/wp\/v2\/product"}],"about":[{"href":"https:\/\/hookahshop.lt\/lv\/wp-json\/wp\/v2\/types\/product"}],"replies":[{"embeddable":true,"href":"https:\/\/hookahshop.lt\/lv\/wp-json\/wp\/v2\/comments?post=22108"}],"version-history":[{"count":4,"href":"https:\/\/hookahshop.lt\/lv\/wp-json\/wp\/v2\/product\/22108\/revisions"}],"predecessor-version":[{"id":33051,"href":"https:\/\/hookahshop.lt\/lv\/wp-json\/wp\/v2\/product\/22108\/revisions\/33051"}],"wp:featuredmedia":[{"embeddable":true,"href":"https:\/\/hookahshop.lt\/lv\/wp-json\/wp\/v2\/media\/22109"}],"wp:attachment":[{"href":"https:\/\/hookahshop.lt\/lv\/wp-json\/wp\/v2\/media?parent=22108"}],"curies":[{"name":"wp","href":"https:\/\/api.w.org\/{rel}","templated":true}]}}